{"id":1056,"date":"2017-03-30T15:53:00","date_gmt":"2017-03-30T13:53:00","guid":{"rendered":"http:\/\/www.geteasysite.it\/laperlapreziosa\/camere\/"},"modified":"2018-03-01T09:50:22","modified_gmt":"2018-03-01T08:50:22","slug":"zimmer","status":"publish","type":"page","link":"https:\/\/www.laperlapreziosa.com\/de\/zimmer\/","title":{"rendered":"Zimmer"},"content":{"rendered":"<p>&nbsp;<\/p>\n<p>Das Hotel La Perla Preziosa verf\u00fcgt \u00fcber 50 Zimmer in zwei benachbarten Geb\u00e4uden. Wir bieten Ihnen verschiedene Zimmerarten, als Doppel-, Einzel-, Dreibett-, und Vierbettzimmer und k\u00f6nnen damit die unterschiedlichsten Bed\u00fcrfnisse erf\u00fcllen.<\/p>\n<p>Alle Zimmer sind ausgestattet mit Klimaanlage, Wi-Fi, Direktwahl-Telefon, Safe, LED-TV, F\u00f6n, Minibar (mit Aktivierung auf Anfrage), Wasserkocher, B\u00fcgeleisen (auf Anfrage) und verf\u00fcgen \u00fcber eine helle und komfortable Terrasse bzw. Balkon.<\/p>\n<p>Au\u00dferdem bieten wir Gep\u00e4ckaufbewahrung, B\u00fcgelservice und W\u00e4scherei (gegen Geb\u00fchr), Zimmerservice (auf Anfrage).<\/p>\n<p>Hinzu kommt eine gro\u00dfe Bar mit Tischen und Sofas zum gem\u00fctlichen Verweilen, Restaurant, Gasthaus, Business-Center f\u00fcr Gesch\u00e4ftsreisende, Shuttle-Service (auf Anfrage von Flugh\u00e4fen Ancona\/Pescara und Ausfl\u00fcge in der Umgebung).<\/p>\n","protected":false},"excerpt":{"rendered":"<p>&nbsp; Das Hotel La Perla Preziosa verf\u00fcgt \u00fcber 50 Zimmer in zwei benachbarten Geb\u00e4uden. Wir bieten Ihnen verschiedene Zimmerarten, als Doppel-, Einzel-, Dreibett-, und Vierbettzimmer und k\u00f6nnen damit die unterschiedlichsten Bed\u00fcrfnisse erf\u00fcllen. Alle Zimmer sind ausgestattet mit Klimaanlage, Wi-Fi, Direktwahl-Telefon, Safe, LED-TV, F\u00f6n, Minibar (mit Aktivierung auf Anfrage), Wasserkocher, B\u00fcgeleisen (auf Anfrage) und verf\u00fcgen \u00fcber [&hellip;]<\/p>\n","protected":false},"author":2,"featured_media":42679,"parent":0,"menu_order":0,"comment_status":"closed","ping_status":"closed","template":"page-camere.php","meta":{"_acf_changed":false,"_monsterinsights_skip_tracking":false,"_monsterinsights_sitenote_active":false,"_monsterinsights_sitenote_note":"","_monsterinsights_sitenote_category":0,"footnotes":""},"acf":[],"yoast_head":"<!-- This site is optimized with the Yoast SEO plugin v23.5 - https:\/\/yoast.com\/wordpress\/plugins\/seo\/ -->\n<title>Zimmer - Hotel La Perla Preziosa<\/title>\n<meta name=\"robots\" content=\"index, follow, max-snippet:-1, max-image-preview:large, max-video-preview:-1\" \/>\n<link rel=\"canonical\" href=\"https:\/\/www.laperlapreziosa.com\/de\/zimmer\/\" \/>\n<meta property=\"og:locale\" content=\"de_DE\" \/>\n<meta property=\"og:type\" content=\"article\" \/>\n<meta property=\"og:title\" content=\"Zimmer - Hotel La Perla Preziosa\" \/>\n<meta property=\"og:description\" content=\"&nbsp; Das Hotel La Perla Preziosa verf\u00fcgt \u00fcber 50 Zimmer in zwei benachbarten Geb\u00e4uden. Wir bieten Ihnen verschiedene Zimmerarten, als Doppel-, Einzel-, Dreibett-, und Vierbettzimmer und k\u00f6nnen damit die unterschiedlichsten Bed\u00fcrfnisse erf\u00fcllen. Alle Zimmer sind ausgestattet mit Klimaanlage, Wi-Fi, Direktwahl-Telefon, Safe, LED-TV, F\u00f6n, Minibar (mit Aktivierung auf Anfrage), Wasserkocher, B\u00fcgeleisen (auf Anfrage) und verf\u00fcgen \u00fcber [&hellip;]\" \/>\n<meta property=\"og:url\" content=\"https:\/\/www.laperlapreziosa.com\/de\/zimmer\/\" \/>\n<meta property=\"og:site_name\" content=\"Hotel La Perla Preziosa\" \/>\n<meta property=\"article:modified_time\" content=\"2018-03-01T08:50:22+00:00\" \/>\n<meta name=\"twitter:card\" content=\"summary_large_image\" \/>\n<meta name=\"twitter:label1\" content=\"Gesch\u00e4tzte Lesezeit\" \/>\n\t<meta name=\"twitter:data1\" content=\"1\u00a0Minute\" \/>\n<script type=\"application\/ld+json\" class=\"yoast-schema-graph\">{\"@context\":\"https:\/\/schema.org\",\"@graph\":[{\"@type\":\"WebPage\",\"@id\":\"https:\/\/www.laperlapreziosa.com\/de\/zimmer\/\",\"url\":\"https:\/\/www.laperlapreziosa.com\/de\/zimmer\/\",\"name\":\"Zimmer - Hotel La Perla Preziosa\",\"isPartOf\":{\"@id\":\"https:\/\/www.laperlapreziosa.com\/#website\"},\"primaryImageOfPage\":{\"@id\":\"https:\/\/www.laperlapreziosa.com\/de\/zimmer\/#primaryimage\"},\"image\":{\"@id\":\"https:\/\/www.laperlapreziosa.com\/de\/zimmer\/#primaryimage\"},\"thumbnailUrl\":\"https:\/\/www.laperlapreziosa.com\/wp-content\/uploads\/sites\/24\/bandiera-verde.png\",\"datePublished\":\"2017-03-30T13:53:00+00:00\",\"dateModified\":\"2018-03-01T08:50:22+00:00\",\"breadcrumb\":{\"@id\":\"https:\/\/www.laperlapreziosa.com\/de\/zimmer\/#breadcrumb\"},\"inLanguage\":\"de\",\"potentialAction\":[{\"@type\":\"ReadAction\",\"target\":[\"https:\/\/www.laperlapreziosa.com\/de\/zimmer\/\"]}]},{\"@type\":\"ImageObject\",\"inLanguage\":\"de\",\"@id\":\"https:\/\/www.laperlapreziosa.com\/de\/zimmer\/#primaryimage\",\"url\":\"https:\/\/www.laperlapreziosa.com\/wp-content\/uploads\/sites\/24\/bandiera-verde.png\",\"contentUrl\":\"https:\/\/www.laperlapreziosa.com\/wp-content\/uploads\/sites\/24\/bandiera-verde.png\",\"width\":\"800\",\"height\":\"660\"},{\"@type\":\"BreadcrumbList\",\"@id\":\"https:\/\/www.laperlapreziosa.com\/de\/zimmer\/#breadcrumb\",\"itemListElement\":[{\"@type\":\"ListItem\",\"position\":1,\"name\":\"Home\",\"item\":\"https:\/\/www.laperlapreziosa.com\/de\/home\/\"},{\"@type\":\"ListItem\",\"position\":2,\"name\":\"Zimmer\"}]},{\"@type\":\"WebSite\",\"@id\":\"https:\/\/www.laperlapreziosa.com\/#website\",\"url\":\"https:\/\/www.laperlapreziosa.com\/\",\"name\":\"Hotel La Perla Preziosa\",\"description\":\"Albergo a Grottammare\",\"publisher\":{\"@id\":\"https:\/\/www.laperlapreziosa.com\/#organization\"},\"potentialAction\":[{\"@type\":\"SearchAction\",\"target\":{\"@type\":\"EntryPoint\",\"urlTemplate\":\"https:\/\/www.laperlapreziosa.com\/?s={search_term_string}\"},\"query-input\":{\"@type\":\"PropertyValueSpecification\",\"valueRequired\":true,\"valueName\":\"search_term_string\"}}],\"inLanguage\":\"de\"},{\"@type\":\"Organization\",\"@id\":\"https:\/\/www.laperlapreziosa.com\/#organization\",\"name\":\"Hotel La Perla Preziosa\",\"url\":\"https:\/\/www.laperlapreziosa.com\/\",\"logo\":{\"@type\":\"ImageObject\",\"inLanguage\":\"de\",\"@id\":\"https:\/\/www.laperlapreziosa.com\/#\/schema\/logo\/image\/\",\"url\":\"https:\/\/www.laperlapreziosa.com\/wp-content\/uploads\/sites\/24\/logoperla.png\",\"contentUrl\":\"https:\/\/www.laperlapreziosa.com\/wp-content\/uploads\/sites\/24\/logoperla.png\",\"width\":588,\"height\":156,\"caption\":\"Hotel La Perla Preziosa\"},\"image\":{\"@id\":\"https:\/\/www.laperlapreziosa.com\/#\/schema\/logo\/image\/\"}}]}<\/script>\n<!-- \/ Yoast SEO plugin. -->","yoast_head_json":{"title":"Zimmer - Hotel La Perla Preziosa","robots":{"index":"index","follow":"follow","max-snippet":"max-snippet:-1","max-image-preview":"max-image-preview:large","max-video-preview":"max-video-preview:-1"},"canonical":"https:\/\/www.laperlapreziosa.com\/de\/zimmer\/","og_locale":"de_DE","og_type":"article","og_title":"Zimmer - Hotel La Perla Preziosa","og_description":"&nbsp; Das Hotel La Perla Preziosa verf\u00fcgt \u00fcber 50 Zimmer in zwei benachbarten Geb\u00e4uden. Wir bieten Ihnen verschiedene Zimmerarten, als Doppel-, Einzel-, Dreibett-, und Vierbettzimmer und k\u00f6nnen damit die unterschiedlichsten Bed\u00fcrfnisse erf\u00fcllen. Alle Zimmer sind ausgestattet mit Klimaanlage, Wi-Fi, Direktwahl-Telefon, Safe, LED-TV, F\u00f6n, Minibar (mit Aktivierung auf Anfrage), Wasserkocher, B\u00fcgeleisen (auf Anfrage) und verf\u00fcgen \u00fcber [&hellip;]","og_url":"https:\/\/www.laperlapreziosa.com\/de\/zimmer\/","og_site_name":"Hotel La Perla Preziosa","article_modified_time":"2018-03-01T08:50:22+00:00","twitter_card":"summary_large_image","twitter_misc":{"Gesch\u00e4tzte Lesezeit":"1\u00a0Minute"},"schema":{"@context":"https:\/\/schema.org","@graph":[{"@type":"WebPage","@id":"https:\/\/www.laperlapreziosa.com\/de\/zimmer\/","url":"https:\/\/www.laperlapreziosa.com\/de\/zimmer\/","name":"Zimmer - Hotel La Perla Preziosa","isPartOf":{"@id":"https:\/\/www.laperlapreziosa.com\/#website"},"primaryImageOfPage":{"@id":"https:\/\/www.laperlapreziosa.com\/de\/zimmer\/#primaryimage"},"image":{"@id":"https:\/\/www.laperlapreziosa.com\/de\/zimmer\/#primaryimage"},"thumbnailUrl":"https:\/\/www.laperlapreziosa.com\/wp-content\/uploads\/sites\/24\/bandiera-verde.png","datePublished":"2017-03-30T13:53:00+00:00","dateModified":"2018-03-01T08:50:22+00:00","breadcrumb":{"@id":"https:\/\/www.laperlapreziosa.com\/de\/zimmer\/#breadcrumb"},"inLanguage":"de","potentialAction":[{"@type":"ReadAction","target":["https:\/\/www.laperlapreziosa.com\/de\/zimmer\/"]}]},{"@type":"ImageObject","inLanguage":"de","@id":"https:\/\/www.laperlapreziosa.com\/de\/zimmer\/#primaryimage","url":"https:\/\/www.laperlapreziosa.com\/wp-content\/uploads\/sites\/24\/bandiera-verde.png","contentUrl":"https:\/\/www.laperlapreziosa.com\/wp-content\/uploads\/sites\/24\/bandiera-verde.png","width":"800","height":"660"},{"@type":"BreadcrumbList","@id":"https:\/\/www.laperlapreziosa.com\/de\/zimmer\/#breadcrumb","itemListElement":[{"@type":"ListItem","position":1,"name":"Home","item":"https:\/\/www.laperlapreziosa.com\/de\/home\/"},{"@type":"ListItem","position":2,"name":"Zimmer"}]},{"@type":"WebSite","@id":"https:\/\/www.laperlapreziosa.com\/#website","url":"https:\/\/www.laperlapreziosa.com\/","name":"Hotel La Perla Preziosa","description":"Albergo a Grottammare","publisher":{"@id":"https:\/\/www.laperlapreziosa.com\/#organization"},"potentialAction":[{"@type":"SearchAction","target":{"@type":"EntryPoint","urlTemplate":"https:\/\/www.laperlapreziosa.com\/?s={search_term_string}"},"query-input":{"@type":"PropertyValueSpecification","valueRequired":true,"valueName":"search_term_string"}}],"inLanguage":"de"},{"@type":"Organization","@id":"https:\/\/www.laperlapreziosa.com\/#organization","name":"Hotel La Perla Preziosa","url":"https:\/\/www.laperlapreziosa.com\/","logo":{"@type":"ImageObject","inLanguage":"de","@id":"https:\/\/www.laperlapreziosa.com\/#\/schema\/logo\/image\/","url":"https:\/\/www.laperlapreziosa.com\/wp-content\/uploads\/sites\/24\/logoperla.png","contentUrl":"https:\/\/www.laperlapreziosa.com\/wp-content\/uploads\/sites\/24\/logoperla.png","width":588,"height":156,"caption":"Hotel La Perla Preziosa"},"image":{"@id":"https:\/\/www.laperlapreziosa.com\/#\/schema\/logo\/image\/"}}]}},"publishpress_future_action":{"enabled":false,"date":"2026-05-06 12:29:43","action":"change-status","newStatus":"draft","terms":[],"taxonomy":"translation_priority"},"publishpress_future_workflow_manual_trigger":{"enabledWorkflows":[]},"_links":{"self":[{"href":"https:\/\/www.laperlapreziosa.com\/de\/wp-json\/wp\/v2\/pages\/1056"}],"collection":[{"href":"https:\/\/www.laperlapreziosa.com\/de\/wp-json\/wp\/v2\/pages"}],"about":[{"href":"https:\/\/www.laperlapreziosa.com\/de\/wp-json\/wp\/v2\/types\/page"}],"author":[{"embeddable":true,"href":"https:\/\/www.laperlapreziosa.com\/de\/wp-json\/wp\/v2\/users\/2"}],"replies":[{"embeddable":true,"href":"https:\/\/www.laperlapreziosa.com\/de\/wp-json\/wp\/v2\/comments?post=1056"}],"version-history":[{"count":3,"href":"https:\/\/www.laperlapreziosa.com\/de\/wp-json\/wp\/v2\/pages\/1056\/revisions"}],"predecessor-version":[{"id":1289,"href":"https:\/\/www.laperlapreziosa.com\/de\/wp-json\/wp\/v2\/pages\/1056\/revisions\/1289"}],"wp:featuredmedia":[{"embeddable":true,"href":"https:\/\/www.laperlapreziosa.com\/de\/wp-json\/wp\/v2\/media\/42679"}],"wp:attachment":[{"href":"https:\/\/www.laperlapreziosa.com\/de\/wp-json\/wp\/v2\/media?parent=1056"}],"curies":[{"name":"wp","href":"https:\/\/api.w.org\/{rel}","templated":true}]}}