{"id":1062,"date":"2017-03-30T15:54:34","date_gmt":"2017-03-30T13:54:34","guid":{"rendered":"http:\/\/www.geteasysite.it\/laperlapreziosa\/cucina\/"},"modified":"2018-03-08T12:33:55","modified_gmt":"2018-03-08T11:33:55","slug":"kuche","status":"publish","type":"page","link":"https:\/\/www.laperlapreziosa.com\/de\/kuche\/","title":{"rendered":"K\u00fcche"},"content":{"rendered":"<p>&nbsp;<\/p>\n<p>Das Hotel <strong>La Perla Preziosa<\/strong> veranschaulicht:<\/p>\n<p>&nbsp;<\/p>\n<p>Unser elegantes Restaurant \u201eTITANIC\u201c<\/p>\n<p>&nbsp;<\/p>\n<p>&nbsp;<\/p>\n<p><strong> Das Restaurant TITANIC<\/strong><\/p>\n<p>erstreckt sich \u00fcber 2 Ebenen mit einer beeindruckenden Treppe und Galerie aus Massivholz, welche mit gro\u00dfen Panoramafenstern den sch\u00f6nen Blick auf den Strand und das Meer geben. Wir bieten die kulinarische Tradition der Region Marken von Binnenschiff- und Seefahrt sowie frische und leichte Gerichte, vegetarische K\u00fcche und speziell entworfene Men\u00fcs f\u00fcr diejenigen die Wellness und den guten Geschmack lieben. Im TITANIC k\u00f6nnen Sie traditionelle Gerichte und Fischgerichte aus der Adria probieren.<br \/>\nBer\u00fchmt ist der \u201eBrodetto alla SanBenedettese\u201c und der \u201eOlive all&#8217;Ascolana\u201c.<br \/>\nDie K\u00fcche von K\u00fcchenchef Lorenzo mit seinem Personal (offizielle Mitglieder der <a href=\"http:\/\/www.accademiachefs.it\/\">Accademia del Gusto<\/a>) zusammen mit Maitre Paolo machen jede Mahlzeit zu einem angenehmen Erlebnis.<\/p>\n<p>&nbsp;<\/p>\n<p>&nbsp;<\/p>\n<p><strong>Unsere \u201eLocanda TIPICO\u201c<\/strong><br \/>\nDas Locanda TIPICO ist im Stil des alten Westens eingerichtet, gemischt mit einem irischen Pup. Es ist jung und mit starken Eigenschaften der Geselligkeit und Vertrautheit. Hauptbestandteil unserer Speisekarte sind Fleisch und Produkte des Gartens. Fleisch der nationalen Herkunft und vorallem der Rasse Marchigiana, die in den nahegelegenen H\u00fcgeln gez\u00fcchtet wurden (Ripatransone, Offida, Appignano del Tronto, Rotell). Die Gerichte sind reichhaltig, abwechslungsreich und immer mit saisonalen und lokal produzierten Produkten zubereitet. Buffet mit gegrilltem Gem\u00fcse, rustikale Pizza, verschiedene Arten von Salami, K\u00e4se, Pasteten, Bohnen, frischen Salaten, sautiertes Gem\u00fcse, Gem\u00fcsegratin, Reissalat, usw&#8230;..<br \/>\nDas Hauptmerkmal des TIPICO, zus\u00e4tzlich zu den t\u00e4glichen Angeboten, ist die Speisekarte<br \/>\n\u201e Alles was Sie essen k\u00f6nnen\u201c \u2026&#8230; erfahren Sie mehr unter: <a href=\"http:\/\/www.tipicoitaly.org\">www.tipicoitaly.org<\/a><\/p>\n","protected":false},"excerpt":{"rendered":"<p>&nbsp; Das Hotel La Perla Preziosa veranschaulicht: &nbsp; Unser elegantes Restaurant \u201eTITANIC\u201c &nbsp; &nbsp; Das Restaurant TITANIC erstreckt sich \u00fcber 2 Ebenen mit einer beeindruckenden Treppe und Galerie aus Massivholz, welche mit gro\u00dfen Panoramafenstern den sch\u00f6nen Blick auf den Strand und das Meer geben. Wir bieten die kulinarische Tradition der Region Marken von Binnenschiff- und [&hellip;]<\/p>\n","protected":false},"author":2,"featured_media":0,"parent":0,"menu_order":0,"comment_status":"closed","ping_status":"closed","template":"page-ristorante.php","meta":{"_acf_changed":false,"_monsterinsights_skip_tracking":false,"_monsterinsights_sitenote_active":false,"_monsterinsights_sitenote_note":"","_monsterinsights_sitenote_category":0,"footnotes":""},"acf":[],"yoast_head":"<!-- This site is optimized with the Yoast SEO plugin v23.5 - https:\/\/yoast.com\/wordpress\/plugins\/seo\/ -->\n<title>K\u00fcche - Hotel La Perla Preziosa<\/title>\n<meta name=\"robots\" content=\"index, follow, max-snippet:-1, max-image-preview:large, max-video-preview:-1\" \/>\n<link rel=\"canonical\" href=\"https:\/\/www.laperlapreziosa.com\/de\/kuche\/\" \/>\n<meta property=\"og:locale\" content=\"de_DE\" \/>\n<meta property=\"og:type\" content=\"article\" \/>\n<meta property=\"og:title\" content=\"K\u00fcche - Hotel La Perla Preziosa\" \/>\n<meta property=\"og:description\" content=\"&nbsp; Das Hotel La Perla Preziosa veranschaulicht: &nbsp; Unser elegantes Restaurant \u201eTITANIC\u201c &nbsp; &nbsp; Das Restaurant TITANIC erstreckt sich \u00fcber 2 Ebenen mit einer beeindruckenden Treppe und Galerie aus Massivholz, welche mit gro\u00dfen Panoramafenstern den sch\u00f6nen Blick auf den Strand und das Meer geben. Wir bieten die kulinarische Tradition der Region Marken von Binnenschiff- und [&hellip;]\" \/>\n<meta property=\"og:url\" content=\"https:\/\/www.laperlapreziosa.com\/de\/kuche\/\" \/>\n<meta property=\"og:site_name\" content=\"Hotel La Perla Preziosa\" \/>\n<meta property=\"article:modified_time\" content=\"2018-03-08T11:33:55+00:00\" \/>\n<meta name=\"twitter:card\" content=\"summary_large_image\" \/>\n<meta name=\"twitter:label1\" content=\"Gesch\u00e4tzte Lesezeit\" \/>\n\t<meta name=\"twitter:data1\" content=\"1\u00a0Minute\" \/>\n<script type=\"application\/ld+json\" class=\"yoast-schema-graph\">{\"@context\":\"https:\/\/schema.org\",\"@graph\":[{\"@type\":\"WebPage\",\"@id\":\"https:\/\/www.laperlapreziosa.com\/de\/kuche\/\",\"url\":\"https:\/\/www.laperlapreziosa.com\/de\/kuche\/\",\"name\":\"K\u00fcche - Hotel La Perla Preziosa\",\"isPartOf\":{\"@id\":\"https:\/\/www.laperlapreziosa.com\/#website\"},\"datePublished\":\"2017-03-30T13:54:34+00:00\",\"dateModified\":\"2018-03-08T11:33:55+00:00\",\"breadcrumb\":{\"@id\":\"https:\/\/www.laperlapreziosa.com\/de\/kuche\/#breadcrumb\"},\"inLanguage\":\"de\",\"potentialAction\":[{\"@type\":\"ReadAction\",\"target\":[\"https:\/\/www.laperlapreziosa.com\/de\/kuche\/\"]}]},{\"@type\":\"BreadcrumbList\",\"@id\":\"https:\/\/www.laperlapreziosa.com\/de\/kuche\/#breadcrumb\",\"itemListElement\":[{\"@type\":\"ListItem\",\"position\":1,\"name\":\"Home\",\"item\":\"https:\/\/www.laperlapreziosa.com\/de\/home\/\"},{\"@type\":\"ListItem\",\"position\":2,\"name\":\"K\u00fcche\"}]},{\"@type\":\"WebSite\",\"@id\":\"https:\/\/www.laperlapreziosa.com\/#website\",\"url\":\"https:\/\/www.laperlapreziosa.com\/\",\"name\":\"Hotel La Perla Preziosa\",\"description\":\"Albergo a Grottammare\",\"publisher\":{\"@id\":\"https:\/\/www.laperlapreziosa.com\/#organization\"},\"potentialAction\":[{\"@type\":\"SearchAction\",\"target\":{\"@type\":\"EntryPoint\",\"urlTemplate\":\"https:\/\/www.laperlapreziosa.com\/?s={search_term_string}\"},\"query-input\":{\"@type\":\"PropertyValueSpecification\",\"valueRequired\":true,\"valueName\":\"search_term_string\"}}],\"inLanguage\":\"de\"},{\"@type\":\"Organization\",\"@id\":\"https:\/\/www.laperlapreziosa.com\/#organization\",\"name\":\"Hotel La Perla Preziosa\",\"url\":\"https:\/\/www.laperlapreziosa.com\/\",\"logo\":{\"@type\":\"ImageObject\",\"inLanguage\":\"de\",\"@id\":\"https:\/\/www.laperlapreziosa.com\/#\/schema\/logo\/image\/\",\"url\":\"https:\/\/www.laperlapreziosa.com\/wp-content\/uploads\/sites\/24\/logoperla.png\",\"contentUrl\":\"https:\/\/www.laperlapreziosa.com\/wp-content\/uploads\/sites\/24\/logoperla.png\",\"width\":588,\"height\":156,\"caption\":\"Hotel La Perla Preziosa\"},\"image\":{\"@id\":\"https:\/\/www.laperlapreziosa.com\/#\/schema\/logo\/image\/\"}}]}<\/script>\n<!-- \/ Yoast SEO plugin. -->","yoast_head_json":{"title":"K\u00fcche - Hotel La Perla Preziosa","robots":{"index":"index","follow":"follow","max-snippet":"max-snippet:-1","max-image-preview":"max-image-preview:large","max-video-preview":"max-video-preview:-1"},"canonical":"https:\/\/www.laperlapreziosa.com\/de\/kuche\/","og_locale":"de_DE","og_type":"article","og_title":"K\u00fcche - Hotel La Perla Preziosa","og_description":"&nbsp; Das Hotel La Perla Preziosa veranschaulicht: &nbsp; Unser elegantes Restaurant \u201eTITANIC\u201c &nbsp; &nbsp; Das Restaurant TITANIC erstreckt sich \u00fcber 2 Ebenen mit einer beeindruckenden Treppe und Galerie aus Massivholz, welche mit gro\u00dfen Panoramafenstern den sch\u00f6nen Blick auf den Strand und das Meer geben. Wir bieten die kulinarische Tradition der Region Marken von Binnenschiff- und [&hellip;]","og_url":"https:\/\/www.laperlapreziosa.com\/de\/kuche\/","og_site_name":"Hotel La Perla Preziosa","article_modified_time":"2018-03-08T11:33:55+00:00","twitter_card":"summary_large_image","twitter_misc":{"Gesch\u00e4tzte Lesezeit":"1\u00a0Minute"},"schema":{"@context":"https:\/\/schema.org","@graph":[{"@type":"WebPage","@id":"https:\/\/www.laperlapreziosa.com\/de\/kuche\/","url":"https:\/\/www.laperlapreziosa.com\/de\/kuche\/","name":"K\u00fcche - Hotel La Perla Preziosa","isPartOf":{"@id":"https:\/\/www.laperlapreziosa.com\/#website"},"datePublished":"2017-03-30T13:54:34+00:00","dateModified":"2018-03-08T11:33:55+00:00","breadcrumb":{"@id":"https:\/\/www.laperlapreziosa.com\/de\/kuche\/#breadcrumb"},"inLanguage":"de","potentialAction":[{"@type":"ReadAction","target":["https:\/\/www.laperlapreziosa.com\/de\/kuche\/"]}]},{"@type":"BreadcrumbList","@id":"https:\/\/www.laperlapreziosa.com\/de\/kuche\/#breadcrumb","itemListElement":[{"@type":"ListItem","position":1,"name":"Home","item":"https:\/\/www.laperlapreziosa.com\/de\/home\/"},{"@type":"ListItem","position":2,"name":"K\u00fcche"}]},{"@type":"WebSite","@id":"https:\/\/www.laperlapreziosa.com\/#website","url":"https:\/\/www.laperlapreziosa.com\/","name":"Hotel La Perla Preziosa","description":"Albergo a Grottammare","publisher":{"@id":"https:\/\/www.laperlapreziosa.com\/#organization"},"potentialAction":[{"@type":"SearchAction","target":{"@type":"EntryPoint","urlTemplate":"https:\/\/www.laperlapreziosa.com\/?s={search_term_string}"},"query-input":{"@type":"PropertyValueSpecification","valueRequired":true,"valueName":"search_term_string"}}],"inLanguage":"de"},{"@type":"Organization","@id":"https:\/\/www.laperlapreziosa.com\/#organization","name":"Hotel La Perla Preziosa","url":"https:\/\/www.laperlapreziosa.com\/","logo":{"@type":"ImageObject","inLanguage":"de","@id":"https:\/\/www.laperlapreziosa.com\/#\/schema\/logo\/image\/","url":"https:\/\/www.laperlapreziosa.com\/wp-content\/uploads\/sites\/24\/logoperla.png","contentUrl":"https:\/\/www.laperlapreziosa.com\/wp-content\/uploads\/sites\/24\/logoperla.png","width":588,"height":156,"caption":"Hotel La Perla Preziosa"},"image":{"@id":"https:\/\/www.laperlapreziosa.com\/#\/schema\/logo\/image\/"}}]}},"publishpress_future_action":{"enabled":false,"date":"2026-04-21 10:21:41","action":"change-status","newStatus":"draft","terms":[],"taxonomy":"translation_priority"},"publishpress_future_workflow_manual_trigger":{"enabledWorkflows":[]},"_links":{"self":[{"href":"https:\/\/www.laperlapreziosa.com\/de\/wp-json\/wp\/v2\/pages\/1062"}],"collection":[{"href":"https:\/\/www.laperlapreziosa.com\/de\/wp-json\/wp\/v2\/pages"}],"about":[{"href":"https:\/\/www.laperlapreziosa.com\/de\/wp-json\/wp\/v2\/types\/page"}],"author":[{"embeddable":true,"href":"https:\/\/www.laperlapreziosa.com\/de\/wp-json\/wp\/v2\/users\/2"}],"replies":[{"embeddable":true,"href":"https:\/\/www.laperlapreziosa.com\/de\/wp-json\/wp\/v2\/comments?post=1062"}],"version-history":[{"count":7,"href":"https:\/\/www.laperlapreziosa.com\/de\/wp-json\/wp\/v2\/pages\/1062\/revisions"}],"predecessor-version":[{"id":1568,"href":"https:\/\/www.laperlapreziosa.com\/de\/wp-json\/wp\/v2\/pages\/1062\/revisions\/1568"}],"wp:attachment":[{"href":"https:\/\/www.laperlapreziosa.com\/de\/wp-json\/wp\/v2\/media?parent=1062"}],"curies":[{"name":"wp","href":"https:\/\/api.w.org\/{rel}","templated":true}]}}