{"id":1074,"date":"2017-03-31T15:50:27","date_gmt":"2017-03-31T13:50:27","guid":{"rendered":"http:\/\/www.geteasysite.it\/laperlapreziosa\/hotel\/"},"modified":"2018-03-01T09:42:57","modified_gmt":"2018-03-01T08:42:57","slug":"hotel","status":"publish","type":"page","link":"https:\/\/www.laperlapreziosa.com\/de\/hotel\/","title":{"rendered":"Hotel"},"content":{"rendered":"<h3>Wir stellen uns vor:<\/h3>\n<p>&nbsp;<\/p>\n<p>Wir begr\u00fc\u00dfen Sie im 3 Sterne Hotel La Perla Preziosa, das Hotel liegt direkt am Meer, in Grottammare, in der Provinz Ascoli Piceno, eine der sch\u00f6nsten St\u00e4dte der Region in Marken und hat das ganze Jahr \u00fcber f\u00fcr Sie ge\u00f6ffnet.<\/p>\n<p>Wir freuen uns, Ihnen jeden Tag eine einzigartige Gastfreundschaft mit Erfahrung, voller Eleganz und Komfort, einem freundlichem L\u00e4cheln, gutem Geschmack und gutes Essen bieten zu k\u00f6nnen.<br \/>\nDie Sorgfalt und Aufmerksamkeit, die jedem einzelnen Gast gegeben wird, kombiniert mit einer besonderen Atmosph\u00e4re, elegant und gleichzeitig ungezwungen, bekr\u00e4ftigt unsere Philosophie t\u00e4glich aufs Neue.<\/p>\n<p>&nbsp;<\/p>\n<h5 style=\"text-align: center;\">\u201eWir hei\u00dfen Sie herzlich Willkommen als G\u00e4ste und Freunde\u201c<\/h5>\n<p>&nbsp;<\/p>\n<p>Um dieses Ziel zu erreichen, legen wir gro\u00dfen Wert auf unsere Mitarbeiter und betrachten sie als einen Teil unserer Familie, damit sie dies an unsere G\u00e4ste weiter geben k\u00f6nnen.<\/p>\n<p>Au\u00dferdem m\u00f6chten wir Ihnen ein Qualit\u00e4tshotel zu g\u00fcnstigen und transparenten Preisen, in einer guten Lage bieten.<\/p>\n<p>Meine Mitarbeiter und ich m\u00f6chten Sie gerne im Hotel La Perla Preziosa willkommen hei\u00dfen.<\/p>\n<h5><\/h5>\n<p>&nbsp;<\/p>\n<h5 style=\"text-align: center;\">Wir sehen uns bald in Grottammare!<\/h5>\n<p>&nbsp;<\/p>\n<p style=\"text-align: right;\">Rossella Morganti<\/p>\n","protected":false},"excerpt":{"rendered":"<p>Wir stellen uns vor: &nbsp; Wir begr\u00fc\u00dfen Sie im 3 Sterne Hotel La Perla Preziosa, das Hotel liegt direkt am Meer, in Grottammare, in der Provinz Ascoli Piceno, eine der sch\u00f6nsten St\u00e4dte der Region in Marken und hat das ganze Jahr \u00fcber f\u00fcr Sie ge\u00f6ffnet. Wir freuen uns, Ihnen jeden Tag eine einzigartige Gastfreundschaft mit [&hellip;]<\/p>\n","protected":false},"author":2,"featured_media":0,"parent":0,"menu_order":0,"comment_status":"closed","ping_status":"closed","template":"page-ristorante.php","meta":{"_acf_changed":false,"_monsterinsights_skip_tracking":false,"_monsterinsights_sitenote_active":false,"_monsterinsights_sitenote_note":"","_monsterinsights_sitenote_category":0,"footnotes":""},"acf":[],"yoast_head":"<!-- This site is optimized with the Yoast SEO plugin v23.5 - https:\/\/yoast.com\/wordpress\/plugins\/seo\/ -->\n<title>Hotel - Hotel La Perla Preziosa<\/title>\n<meta name=\"robots\" content=\"index, follow, max-snippet:-1, max-image-preview:large, max-video-preview:-1\" \/>\n<link rel=\"canonical\" href=\"https:\/\/www.laperlapreziosa.com\/de\/hotel\/\" \/>\n<meta property=\"og:locale\" content=\"de_DE\" \/>\n<meta property=\"og:type\" content=\"article\" \/>\n<meta property=\"og:title\" content=\"Hotel - Hotel La Perla Preziosa\" \/>\n<meta property=\"og:description\" content=\"Wir stellen uns vor: &nbsp; Wir begr\u00fc\u00dfen Sie im 3 Sterne Hotel La Perla Preziosa, das Hotel liegt direkt am Meer, in Grottammare, in der Provinz Ascoli Piceno, eine der sch\u00f6nsten St\u00e4dte der Region in Marken und hat das ganze Jahr \u00fcber f\u00fcr Sie ge\u00f6ffnet. Wir freuen uns, Ihnen jeden Tag eine einzigartige Gastfreundschaft mit [&hellip;]\" \/>\n<meta property=\"og:url\" content=\"https:\/\/www.laperlapreziosa.com\/de\/hotel\/\" \/>\n<meta property=\"og:site_name\" content=\"Hotel La Perla Preziosa\" \/>\n<meta property=\"article:modified_time\" content=\"2018-03-01T08:42:57+00:00\" \/>\n<meta name=\"twitter:card\" content=\"summary_large_image\" \/>\n<meta name=\"twitter:label1\" content=\"Gesch\u00e4tzte Lesezeit\" \/>\n\t<meta name=\"twitter:data1\" content=\"1\u00a0Minute\" \/>\n<script type=\"application\/ld+json\" class=\"yoast-schema-graph\">{\"@context\":\"https:\/\/schema.org\",\"@graph\":[{\"@type\":\"WebPage\",\"@id\":\"https:\/\/www.laperlapreziosa.com\/de\/hotel\/\",\"url\":\"https:\/\/www.laperlapreziosa.com\/de\/hotel\/\",\"name\":\"Hotel - Hotel La Perla Preziosa\",\"isPartOf\":{\"@id\":\"https:\/\/www.laperlapreziosa.com\/#website\"},\"datePublished\":\"2017-03-31T13:50:27+00:00\",\"dateModified\":\"2018-03-01T08:42:57+00:00\",\"breadcrumb\":{\"@id\":\"https:\/\/www.laperlapreziosa.com\/de\/hotel\/#breadcrumb\"},\"inLanguage\":\"de\",\"potentialAction\":[{\"@type\":\"ReadAction\",\"target\":[\"https:\/\/www.laperlapreziosa.com\/de\/hotel\/\"]}]},{\"@type\":\"BreadcrumbList\",\"@id\":\"https:\/\/www.laperlapreziosa.com\/de\/hotel\/#breadcrumb\",\"itemListElement\":[{\"@type\":\"ListItem\",\"position\":1,\"name\":\"Home\",\"item\":\"https:\/\/www.laperlapreziosa.com\/de\/home\/\"},{\"@type\":\"ListItem\",\"position\":2,\"name\":\"Hotel\"}]},{\"@type\":\"WebSite\",\"@id\":\"https:\/\/www.laperlapreziosa.com\/#website\",\"url\":\"https:\/\/www.laperlapreziosa.com\/\",\"name\":\"Hotel La Perla Preziosa\",\"description\":\"Albergo a Grottammare\",\"publisher\":{\"@id\":\"https:\/\/www.laperlapreziosa.com\/#organization\"},\"potentialAction\":[{\"@type\":\"SearchAction\",\"target\":{\"@type\":\"EntryPoint\",\"urlTemplate\":\"https:\/\/www.laperlapreziosa.com\/?s={search_term_string}\"},\"query-input\":{\"@type\":\"PropertyValueSpecification\",\"valueRequired\":true,\"valueName\":\"search_term_string\"}}],\"inLanguage\":\"de\"},{\"@type\":\"Organization\",\"@id\":\"https:\/\/www.laperlapreziosa.com\/#organization\",\"name\":\"Hotel La Perla Preziosa\",\"url\":\"https:\/\/www.laperlapreziosa.com\/\",\"logo\":{\"@type\":\"ImageObject\",\"inLanguage\":\"de\",\"@id\":\"https:\/\/www.laperlapreziosa.com\/#\/schema\/logo\/image\/\",\"url\":\"https:\/\/www.laperlapreziosa.com\/wp-content\/uploads\/sites\/24\/logoperla.png\",\"contentUrl\":\"https:\/\/www.laperlapreziosa.com\/wp-content\/uploads\/sites\/24\/logoperla.png\",\"width\":588,\"height\":156,\"caption\":\"Hotel La Perla Preziosa\"},\"image\":{\"@id\":\"https:\/\/www.laperlapreziosa.com\/#\/schema\/logo\/image\/\"}}]}<\/script>\n<!-- \/ Yoast SEO plugin. -->","yoast_head_json":{"title":"Hotel - Hotel La Perla Preziosa","robots":{"index":"index","follow":"follow","max-snippet":"max-snippet:-1","max-image-preview":"max-image-preview:large","max-video-preview":"max-video-preview:-1"},"canonical":"https:\/\/www.laperlapreziosa.com\/de\/hotel\/","og_locale":"de_DE","og_type":"article","og_title":"Hotel - Hotel La Perla Preziosa","og_description":"Wir stellen uns vor: &nbsp; Wir begr\u00fc\u00dfen Sie im 3 Sterne Hotel La Perla Preziosa, das Hotel liegt direkt am Meer, in Grottammare, in der Provinz Ascoli Piceno, eine der sch\u00f6nsten St\u00e4dte der Region in Marken und hat das ganze Jahr \u00fcber f\u00fcr Sie ge\u00f6ffnet. Wir freuen uns, Ihnen jeden Tag eine einzigartige Gastfreundschaft mit [&hellip;]","og_url":"https:\/\/www.laperlapreziosa.com\/de\/hotel\/","og_site_name":"Hotel La Perla Preziosa","article_modified_time":"2018-03-01T08:42:57+00:00","twitter_card":"summary_large_image","twitter_misc":{"Gesch\u00e4tzte Lesezeit":"1\u00a0Minute"},"schema":{"@context":"https:\/\/schema.org","@graph":[{"@type":"WebPage","@id":"https:\/\/www.laperlapreziosa.com\/de\/hotel\/","url":"https:\/\/www.laperlapreziosa.com\/de\/hotel\/","name":"Hotel - Hotel La Perla Preziosa","isPartOf":{"@id":"https:\/\/www.laperlapreziosa.com\/#website"},"datePublished":"2017-03-31T13:50:27+00:00","dateModified":"2018-03-01T08:42:57+00:00","breadcrumb":{"@id":"https:\/\/www.laperlapreziosa.com\/de\/hotel\/#breadcrumb"},"inLanguage":"de","potentialAction":[{"@type":"ReadAction","target":["https:\/\/www.laperlapreziosa.com\/de\/hotel\/"]}]},{"@type":"BreadcrumbList","@id":"https:\/\/www.laperlapreziosa.com\/de\/hotel\/#breadcrumb","itemListElement":[{"@type":"ListItem","position":1,"name":"Home","item":"https:\/\/www.laperlapreziosa.com\/de\/home\/"},{"@type":"ListItem","position":2,"name":"Hotel"}]},{"@type":"WebSite","@id":"https:\/\/www.laperlapreziosa.com\/#website","url":"https:\/\/www.laperlapreziosa.com\/","name":"Hotel La Perla Preziosa","description":"Albergo a Grottammare","publisher":{"@id":"https:\/\/www.laperlapreziosa.com\/#organization"},"potentialAction":[{"@type":"SearchAction","target":{"@type":"EntryPoint","urlTemplate":"https:\/\/www.laperlapreziosa.com\/?s={search_term_string}"},"query-input":{"@type":"PropertyValueSpecification","valueRequired":true,"valueName":"search_term_string"}}],"inLanguage":"de"},{"@type":"Organization","@id":"https:\/\/www.laperlapreziosa.com\/#organization","name":"Hotel La Perla Preziosa","url":"https:\/\/www.laperlapreziosa.com\/","logo":{"@type":"ImageObject","inLanguage":"de","@id":"https:\/\/www.laperlapreziosa.com\/#\/schema\/logo\/image\/","url":"https:\/\/www.laperlapreziosa.com\/wp-content\/uploads\/sites\/24\/logoperla.png","contentUrl":"https:\/\/www.laperlapreziosa.com\/wp-content\/uploads\/sites\/24\/logoperla.png","width":588,"height":156,"caption":"Hotel La Perla Preziosa"},"image":{"@id":"https:\/\/www.laperlapreziosa.com\/#\/schema\/logo\/image\/"}}]}},"publishpress_future_action":{"enabled":false,"date":"2026-05-21 05:03:22","action":"change-status","newStatus":"draft","terms":[],"taxonomy":"translation_priority"},"publishpress_future_workflow_manual_trigger":{"enabledWorkflows":[]},"_links":{"self":[{"href":"https:\/\/www.laperlapreziosa.com\/de\/wp-json\/wp\/v2\/pages\/1074"}],"collection":[{"href":"https:\/\/www.laperlapreziosa.com\/de\/wp-json\/wp\/v2\/pages"}],"about":[{"href":"https:\/\/www.laperlapreziosa.com\/de\/wp-json\/wp\/v2\/types\/page"}],"author":[{"embeddable":true,"href":"https:\/\/www.laperlapreziosa.com\/de\/wp-json\/wp\/v2\/users\/2"}],"replies":[{"embeddable":true,"href":"https:\/\/www.laperlapreziosa.com\/de\/wp-json\/wp\/v2\/comments?post=1074"}],"version-history":[{"count":19,"href":"https:\/\/www.laperlapreziosa.com\/de\/wp-json\/wp\/v2\/pages\/1074\/revisions"}],"predecessor-version":[{"id":1287,"href":"https:\/\/www.laperlapreziosa.com\/de\/wp-json\/wp\/v2\/pages\/1074\/revisions\/1287"}],"wp:attachment":[{"href":"https:\/\/www.laperlapreziosa.com\/de\/wp-json\/wp\/v2\/media?parent=1074"}],"curies":[{"name":"wp","href":"https:\/\/api.w.org\/{rel}","templated":true}]}}