{"id":1113,"date":"2017-03-30T15:54:18","date_gmt":"2017-03-30T13:54:18","guid":{"rendered":"http:\/\/www.geteasysite.it\/laperlapreziosa\/spiaggia\/"},"modified":"2018-03-01T10:12:10","modified_gmt":"2018-03-01T09:12:10","slug":"strand","status":"publish","type":"page","link":"https:\/\/www.laperlapreziosa.com\/de\/strand\/","title":{"rendered":"Strand"},"content":{"rendered":"<p>&nbsp;<\/p>\n<p>Das Hotel La Perla Preziosa bietet seinen G\u00e4sten einen privaten Strand in absoluter Hoteln\u00e4he. Vom feinen Sandstrand aus \u00fcberblickt man das Meer mit seiner blauen Flagge, das seichte Wasser macht es zum idealen Ort f\u00fcr Paare oder Familien mit Kindern. Der im Preis inbegriffene Strandservice beinhaltet einen Sonnenschirm, einen Liegestuhl und ein Solarium im renommierten und gem\u00fctlichen Chalet, nur wenige Schritte vom Hotel entfernt, wo Sie in der Gesellschaft ihrer Lieben einen erfrischenden Cocktail genie\u00dfen k\u00f6nnen.<\/p>\n","protected":false},"excerpt":{"rendered":"<p>&nbsp; Das Hotel La Perla Preziosa bietet seinen G\u00e4sten einen privaten Strand in absoluter Hoteln\u00e4he. Vom feinen Sandstrand aus \u00fcberblickt man das Meer mit seiner blauen Flagge, das seichte Wasser macht es zum idealen Ort f\u00fcr Paare oder Familien mit Kindern. Der im Preis inbegriffene Strandservice beinhaltet einen Sonnenschirm, einen Liegestuhl und ein Solarium im [&hellip;]<\/p>\n","protected":false},"author":2,"featured_media":0,"parent":0,"menu_order":0,"comment_status":"closed","ping_status":"closed","template":"page-gallery.php","meta":{"_acf_changed":false,"_monsterinsights_skip_tracking":false,"_monsterinsights_sitenote_active":false,"_monsterinsights_sitenote_note":"","_monsterinsights_sitenote_category":0,"footnotes":""},"acf":[],"yoast_head":"<!-- This site is optimized with the Yoast SEO plugin v23.5 - https:\/\/yoast.com\/wordpress\/plugins\/seo\/ -->\n<title>Strand - Hotel La Perla Preziosa<\/title>\n<meta name=\"robots\" content=\"index, follow, max-snippet:-1, max-image-preview:large, max-video-preview:-1\" \/>\n<link rel=\"canonical\" href=\"https:\/\/www.laperlapreziosa.com\/de\/strand\/\" \/>\n<meta property=\"og:locale\" content=\"de_DE\" \/>\n<meta property=\"og:type\" content=\"article\" \/>\n<meta property=\"og:title\" content=\"Strand - Hotel La Perla Preziosa\" \/>\n<meta property=\"og:description\" content=\"&nbsp; Das Hotel La Perla Preziosa bietet seinen G\u00e4sten einen privaten Strand in absoluter Hoteln\u00e4he. Vom feinen Sandstrand aus \u00fcberblickt man das Meer mit seiner blauen Flagge, das seichte Wasser macht es zum idealen Ort f\u00fcr Paare oder Familien mit Kindern. Der im Preis inbegriffene Strandservice beinhaltet einen Sonnenschirm, einen Liegestuhl und ein Solarium im [&hellip;]\" \/>\n<meta property=\"og:url\" content=\"https:\/\/www.laperlapreziosa.com\/de\/strand\/\" \/>\n<meta property=\"og:site_name\" content=\"Hotel La Perla Preziosa\" \/>\n<meta property=\"article:modified_time\" content=\"2018-03-01T09:12:10+00:00\" \/>\n<meta name=\"twitter:card\" content=\"summary_large_image\" \/>\n<script type=\"application\/ld+json\" class=\"yoast-schema-graph\">{\"@context\":\"https:\/\/schema.org\",\"@graph\":[{\"@type\":\"WebPage\",\"@id\":\"https:\/\/www.laperlapreziosa.com\/de\/strand\/\",\"url\":\"https:\/\/www.laperlapreziosa.com\/de\/strand\/\",\"name\":\"Strand - Hotel La Perla Preziosa\",\"isPartOf\":{\"@id\":\"https:\/\/www.laperlapreziosa.com\/#website\"},\"datePublished\":\"2017-03-30T13:54:18+00:00\",\"dateModified\":\"2018-03-01T09:12:10+00:00\",\"breadcrumb\":{\"@id\":\"https:\/\/www.laperlapreziosa.com\/de\/strand\/#breadcrumb\"},\"inLanguage\":\"de\",\"potentialAction\":[{\"@type\":\"ReadAction\",\"target\":[\"https:\/\/www.laperlapreziosa.com\/de\/strand\/\"]}]},{\"@type\":\"BreadcrumbList\",\"@id\":\"https:\/\/www.laperlapreziosa.com\/de\/strand\/#breadcrumb\",\"itemListElement\":[{\"@type\":\"ListItem\",\"position\":1,\"name\":\"Home\",\"item\":\"https:\/\/www.laperlapreziosa.com\/de\/home\/\"},{\"@type\":\"ListItem\",\"position\":2,\"name\":\"Strand\"}]},{\"@type\":\"WebSite\",\"@id\":\"https:\/\/www.laperlapreziosa.com\/#website\",\"url\":\"https:\/\/www.laperlapreziosa.com\/\",\"name\":\"Hotel La Perla Preziosa\",\"description\":\"Albergo a Grottammare\",\"publisher\":{\"@id\":\"https:\/\/www.laperlapreziosa.com\/#organization\"},\"potentialAction\":[{\"@type\":\"SearchAction\",\"target\":{\"@type\":\"EntryPoint\",\"urlTemplate\":\"https:\/\/www.laperlapreziosa.com\/?s={search_term_string}\"},\"query-input\":{\"@type\":\"PropertyValueSpecification\",\"valueRequired\":true,\"valueName\":\"search_term_string\"}}],\"inLanguage\":\"de\"},{\"@type\":\"Organization\",\"@id\":\"https:\/\/www.laperlapreziosa.com\/#organization\",\"name\":\"Hotel La Perla Preziosa\",\"url\":\"https:\/\/www.laperlapreziosa.com\/\",\"logo\":{\"@type\":\"ImageObject\",\"inLanguage\":\"de\",\"@id\":\"https:\/\/www.laperlapreziosa.com\/#\/schema\/logo\/image\/\",\"url\":\"https:\/\/www.laperlapreziosa.com\/wp-content\/uploads\/sites\/24\/logoperla.png\",\"contentUrl\":\"https:\/\/www.laperlapreziosa.com\/wp-content\/uploads\/sites\/24\/logoperla.png\",\"width\":588,\"height\":156,\"caption\":\"Hotel La Perla Preziosa\"},\"image\":{\"@id\":\"https:\/\/www.laperlapreziosa.com\/#\/schema\/logo\/image\/\"}}]}<\/script>\n<!-- \/ Yoast SEO plugin. -->","yoast_head_json":{"title":"Strand - Hotel La Perla Preziosa","robots":{"index":"index","follow":"follow","max-snippet":"max-snippet:-1","max-image-preview":"max-image-preview:large","max-video-preview":"max-video-preview:-1"},"canonical":"https:\/\/www.laperlapreziosa.com\/de\/strand\/","og_locale":"de_DE","og_type":"article","og_title":"Strand - Hotel La Perla Preziosa","og_description":"&nbsp; Das Hotel La Perla Preziosa bietet seinen G\u00e4sten einen privaten Strand in absoluter Hoteln\u00e4he. Vom feinen Sandstrand aus \u00fcberblickt man das Meer mit seiner blauen Flagge, das seichte Wasser macht es zum idealen Ort f\u00fcr Paare oder Familien mit Kindern. Der im Preis inbegriffene Strandservice beinhaltet einen Sonnenschirm, einen Liegestuhl und ein Solarium im [&hellip;]","og_url":"https:\/\/www.laperlapreziosa.com\/de\/strand\/","og_site_name":"Hotel La Perla Preziosa","article_modified_time":"2018-03-01T09:12:10+00:00","twitter_card":"summary_large_image","schema":{"@context":"https:\/\/schema.org","@graph":[{"@type":"WebPage","@id":"https:\/\/www.laperlapreziosa.com\/de\/strand\/","url":"https:\/\/www.laperlapreziosa.com\/de\/strand\/","name":"Strand - Hotel La Perla Preziosa","isPartOf":{"@id":"https:\/\/www.laperlapreziosa.com\/#website"},"datePublished":"2017-03-30T13:54:18+00:00","dateModified":"2018-03-01T09:12:10+00:00","breadcrumb":{"@id":"https:\/\/www.laperlapreziosa.com\/de\/strand\/#breadcrumb"},"inLanguage":"de","potentialAction":[{"@type":"ReadAction","target":["https:\/\/www.laperlapreziosa.com\/de\/strand\/"]}]},{"@type":"BreadcrumbList","@id":"https:\/\/www.laperlapreziosa.com\/de\/strand\/#breadcrumb","itemListElement":[{"@type":"ListItem","position":1,"name":"Home","item":"https:\/\/www.laperlapreziosa.com\/de\/home\/"},{"@type":"ListItem","position":2,"name":"Strand"}]},{"@type":"WebSite","@id":"https:\/\/www.laperlapreziosa.com\/#website","url":"https:\/\/www.laperlapreziosa.com\/","name":"Hotel La Perla Preziosa","description":"Albergo a Grottammare","publisher":{"@id":"https:\/\/www.laperlapreziosa.com\/#organization"},"potentialAction":[{"@type":"SearchAction","target":{"@type":"EntryPoint","urlTemplate":"https:\/\/www.laperlapreziosa.com\/?s={search_term_string}"},"query-input":{"@type":"PropertyValueSpecification","valueRequired":true,"valueName":"search_term_string"}}],"inLanguage":"de"},{"@type":"Organization","@id":"https:\/\/www.laperlapreziosa.com\/#organization","name":"Hotel La Perla Preziosa","url":"https:\/\/www.laperlapreziosa.com\/","logo":{"@type":"ImageObject","inLanguage":"de","@id":"https:\/\/www.laperlapreziosa.com\/#\/schema\/logo\/image\/","url":"https:\/\/www.laperlapreziosa.com\/wp-content\/uploads\/sites\/24\/logoperla.png","contentUrl":"https:\/\/www.laperlapreziosa.com\/wp-content\/uploads\/sites\/24\/logoperla.png","width":588,"height":156,"caption":"Hotel La Perla Preziosa"},"image":{"@id":"https:\/\/www.laperlapreziosa.com\/#\/schema\/logo\/image\/"}}]}},"publishpress_future_action":{"enabled":false,"date":"2026-05-24 08:36:51","action":"change-status","newStatus":"draft","terms":[],"taxonomy":"translation_priority"},"publishpress_future_workflow_manual_trigger":{"enabledWorkflows":[]},"_links":{"self":[{"href":"https:\/\/www.laperlapreziosa.com\/de\/wp-json\/wp\/v2\/pages\/1113"}],"collection":[{"href":"https:\/\/www.laperlapreziosa.com\/de\/wp-json\/wp\/v2\/pages"}],"about":[{"href":"https:\/\/www.laperlapreziosa.com\/de\/wp-json\/wp\/v2\/types\/page"}],"author":[{"embeddable":true,"href":"https:\/\/www.laperlapreziosa.com\/de\/wp-json\/wp\/v2\/users\/2"}],"replies":[{"embeddable":true,"href":"https:\/\/www.laperlapreziosa.com\/de\/wp-json\/wp\/v2\/comments?post=1113"}],"version-history":[{"count":3,"href":"https:\/\/www.laperlapreziosa.com\/de\/wp-json\/wp\/v2\/pages\/1113\/revisions"}],"predecessor-version":[{"id":1295,"href":"https:\/\/www.laperlapreziosa.com\/de\/wp-json\/wp\/v2\/pages\/1113\/revisions\/1295"}],"wp:attachment":[{"href":"https:\/\/www.laperlapreziosa.com\/de\/wp-json\/wp\/v2\/media?parent=1113"}],"curies":[{"name":"wp","href":"https:\/\/api.w.org\/{rel}","templated":true}]}}