{"id":1137,"date":"2018-02-01T11:18:15","date_gmt":"2018-02-01T10:18:15","guid":{"rendered":"http:\/\/www.geteasysite.it\/laperlapreziosa\/domande-frequenti\/"},"modified":"2018-03-09T10:24:47","modified_gmt":"2018-03-09T09:24:47","slug":"haufig-gestellte-fragen","status":"publish","type":"page","link":"https:\/\/www.laperlapreziosa.com\/de\/haufig-gestellte-fragen\/","title":{"rendered":"H\u00e4ufig gestellte Fragen"},"content":{"rendered":"<p>Dies sind die Fragen, die wir am h\u00e4ufigsten von unseren Kunden gefragt: unter den Antworten k\u00f6nnen Sie die Informationen, die Sie suchen. F\u00fcr weitere Fragen stehen wir Ihnen selbstverst\u00e4ndlich gerne zur Verf\u00fcgung. Sie k\u00f6nnen uns per e-Mail, unter Info@laperlapreziosa.com oder telefonisch + 390735-631498, bei Skype oder via Facebook an die Adresse, wie in den Hotel Kontakten angegeben, kontaktieren.<\/p>\n<p><strong>1. Wann ist der Raum, den ich gebucht habe?<\/strong><br \/>\nUnser Ziel ist es, Ihre Wartezeit so schnell wie m\u00f6glich zu reduzieren! Wenn Ihr Zimmer nicht in der Nacht vor dem Tag Ihrer Ankunft besetzt wurde, finden Sie das Zimmer bereits am Morgen bereit. Wenn nicht, werden wir es f\u00fcr Sie vorbereiten, sobald es freigegeben wird, mit gr\u00f6\u00dfter Sorgfalt f\u00fcr eine perfekte Reinigung und eine vollst\u00e4ndige Umlagerung des Raumes sicherzustellen, dass nach 14.00 Uhr des gleichen Tages das Zimmer vorbereitet und zu Ihrer Verf\u00fcgung steht.<\/p>\n<p><strong>2. am Abreisetag bis zu welchem Zeitpunkt kann ich mein Zimmer nutzen?<\/strong><br \/>\nDas Zimmer am Abreisetag muss bis 10.00 Uhr ger\u00e4umt werden. Auf Anfrage und je nach Verf\u00fcgbarkeit kann die Nutzung des Raumes \u00fcber einen l\u00e4ngeren Zeitraum (zum Beispiel bis zum Abend) programmiert werden. Allerdings muss die Option ausdr\u00fccklich mit der Rezeption vereinbart werden und kann eine zus\u00e4tzliche Kosten (Tagesnutzung) bieten.<\/p>\n<p><strong>3. wo kann ich mein Auto parken?<\/strong><br \/>\nDas Hotel La Perla unsch\u00e4tzbaren hat (bis ersch\u00f6pft) einen Parkplatz eingez\u00e4unt, aber nicht bewacht, (zum Preis von Euro 3\/5 pro Tag je nach Saisonalit\u00e4t) empfehlen wir die Reservierung des Ortes, die vorbehaltlich der Verf\u00fcgbarkeit zu \u00fcberpr\u00fcfen. Allerdings, f\u00fcr diejenigen, die freie Nutzung der \u00f6ffentlichen Parkpl\u00e4tze machen wollen, hat die Gegend gen\u00fcgend Menge in der N\u00e4he des Hotels.<\/p>\n<p><strong>4. wie ist der Strandservice organisiert?<\/strong><br \/>\nDas Hotel La Perla ist von unsch\u00e4tzbarem Wert und verf\u00fcgt \u00fcber ein eigenes Bad mit allen Dienstleistungen. Alle Kunden k\u00f6nnen es kostenlos nutzen, wie im Hotel Preis inbegriffen. Jedes Hotelzimmer hat in der Tat zur Verf\u00fcgung n 1 Sonnenschirm, n 1 Liegestuhl, n 1 Sonnenliege. Ausgeschlossen sind die ersten 4 Reihen mit Blick auf das Meer. Das gleiche kann wegen einer geringen Geb\u00fchr und je nach Verf\u00fcgbarkeit gebucht werden.<\/p>\n<p><strong>5. ist das Hotel das ganze Jahr ge\u00f6ffnet? Ist das Restaurant immer einsatzbereit?<\/strong><br \/>\nDas Hotel La Perla von unsch\u00e4tzbarem Wert ist 345 Tage im Jahr ge\u00f6ffnet, au\u00dfer f\u00fcr einen kleinen Zeitraum von 3 Januar bis 26 Januar jedes Jahres). Der Restaurant-Service ist immer in Betrieb und wird in der Locanda Tipic\u00f2 (Restaurant auch f\u00fcr die \u00d6ffentlichkeit au\u00dferhalb des Hotels) durchgef\u00fchrt, w\u00e4hrend der gesamten Zeit, mit Ausnahme der Sommerzeit (von Juni bis September), wenn es ge\u00f6ffnet wird, auch das Restaurant Titanic. Das Fr\u00fchst\u00fcck kann von 08:00 bis 9:30 Uhr ununterbrochen verzehrt werden. Mittagessen statt von 12:45 bis 1.45 und Abendessen von 19:45 bis 20:45 Uhr<\/p>\n<p><strong>6. ist das Hotel organisiert, um kleine Kinder unterzubringen?<\/strong><br \/>\nDas Hotel La Perla von unsch\u00e4tzbarem Wert ist seit vielen Jahren Hosting auch die j\u00fcngsten Kinder mit dem gleichen tadellosen Stil, mit denen es begr\u00fc\u00dft alle seine Kunden. Insbesondere bei der Verpflegung gibt es auf Anfrage kein Problem f\u00fcr die Zubereitung von Speisen und Spezial Speisen (mit Hinweis direkt in unserem Restaurant). Auch im Inneren des Restaurants finden Sie eine spezielle Ecke perfekt ausgestattet und f\u00fcr alle M\u00fctter, die Sie anfordern. Hinweis: der Zugang zum Restaurant f\u00fcr Kinder bis 3 Jahre ist 30 Minuten vor der Er\u00f6ffnung f\u00fcr alle Kunden erlaubt. (siehe auch die Website unter Family Hotel)<\/p>\n<p><strong>7. welche Art von Service bietet das Hotel Restaurant?<\/strong><br \/>\nDas Titanic Restaurant und die Locanda Tipic\u00f2, kuratiert vom Ma\u00eetre Paolo ciroe, sind der Stolz des Hotels und r\u00fchmen sich einer langen Tradition f\u00fcr das hohe Niveau des Service und der Qualit\u00e4t der K\u00fcche, die von Chefkoch Lorenzo Davila geleitet wird. W\u00e4hrend der Sommersaison es ist m\u00f6glich, Mittag-oder Abendessen im Hotel w\u00e4hlen aus einer reichen Reihe von Gerichten aus dem Men\u00fc des Tages angeboten, (immer verschiedene Men\u00fcs, mit der Wahl zwischen 3 ersten und 3 Sekunden auf Fleisch und Fisch mit reichhaltigem Gem\u00fcsebuffet, neben dem Men\u00fc Licht und die M En\u00f9 Kinder). K\u00fcche mit typischen Spezialit\u00e4ten der Marken und international.<\/p>\n<p><strong>8. gibt es eine M\u00f6glichkeit, eine Verbindung zum Internet herzustellen?<\/strong><br \/>\nDas Hotel La Perla bietet von jedem Zimmer des Hotels und von jeder innen-und Au\u00dfenumgebung (einschlie\u00dflich Garten), Wi-Fi Internet Anschluss Dank der vollst\u00e4ndigen drahtlosen Abdeckung des Hotels unbezahlbare Angebote. Im Rezeptionsbereich steht den G\u00e4sten ein kostenfreier, 24-Stunden-Internet Point zur Verf\u00fcgung.<\/p>\n<p><strong>9. Was beinhalten Halbpension und Vollpension?<\/strong><br \/>\nDiejenigen, die ein Zimmer mit Halbpension und Vollpension buchen, k\u00f6nnen neben dem Zimmer im Bed and Breakfast zwischen Mittag-und Abendessen im ersten Fall w\u00e4hlen und beide Leistungen sind im zweiten Fall enthalten. Getr\u00e4nke sind nicht in den Paketen enthalten. Ausgeschlossen sind die Getr\u00e4nke an der Bar, die Minibar (kann auf Anfrage zu einem Preis von Euro 30 pro Woche, einschlie\u00dflich 2 Flaschen Wasser, zwei Getr\u00e4nke und ein succho f\u00fcr jeden Tag und Verbrauch aktiviert werden) k\u00f6nnen Sie weitere Informationen erhalten, indem Sie sich an die Rezeption des Hotels.<\/p>\n<p><strong>10. sind Haustiere im Hotel erlaubt?<\/strong><br \/>\nJa, aber nur geringe Gr\u00f6\u00dfe (max. 7\/8 kg nur im Zimmer erlaubt und nicht im Restaurant) und mit einem kleinen Aufschlag (in der Regel Euro 50,00 pro Woche-die einzigen Kosten f\u00fcr die Desinfektion des Zimmers am Anfang)<\/p>\n<p><strong>11. ist es wahr, dass die Bahn durch das Hotel geht?<\/strong><br \/>\nJa, leider ist es wahr, in der N\u00e4he des Hotels, vorbei an den Gleisen, wie Sie in der N\u00e4he Hunderte von anderen Hotels am Meer an der ganzen Adriak\u00fcste, von Venedig nach Brindisi passieren. Dar\u00fcber hinaus in den Jahren 40\/50, als die Adria-Bahn gebaut wurde, wurden die Gleise direkt hinter dem Meer platziert, Erstens, weil diese L\u00e4nder waren unkultiviert aufgrund ihrer felsigen und sandigen Zusammensetzung und dann, weil, als die Ebene der Litoral Marino war einfacher zu bauen. Unser Hotel ist nicht sehr weit von den Gleisen, aber es ist auch wahr, dass der Zug geht schnell in 30 Sekunden, sind die Fenster mit Doppelverglasung, Rolll\u00e4den und schwere Vorh\u00e4nge schallisoliert, so dass die Schlie\u00dfung der Ger\u00e4usche akzeptabel sind. Der Vorteil, dass Sie direkt in der ersten Reihe auf dem Meer und einen Steinwurf von der Altstadt entfernt, lohnt sich dieses kleine Unbehagen.<\/p>\n<p><strong>12. gibt es eine Bar im Hotel?<\/strong><br \/>\nJa, im Inneren des Hotels gibt es eine Bar ge\u00f6ffnet 16 Stunden am Tag, die bietet auch eine gro\u00dfe Auswahl an langen und kurzen Getr\u00e4nken, Eis und verschiedene Vorspeisen, die auch im Garten des Pinienwaldes vor, mit dem Zeichen der guten Musik, Unterhaltungsabende und Klavier verzehrt werden.<\/p>\n<p><strong>13. Was sind die M\u00f6glichkeiten, um die 20% Anzahlung zu hinterlegen?<\/strong><br \/>\nPostanweisung adressiert an Hotel La Perla kostbares SOOC Management. Coop in Italien, via Mediterraneo, 8 Grottammare, 63039 Ascoli Piceno (AP) Italien, Bank\u00fcberweisung mit IBAN:&#8230;&#8230;&#8230;&#8230;&#8230;&#8230;&#8230;&#8230;&#8230;&#8230;&#8230;&#8230;&#8230;&#8230;&#8230;&#8230;&#8230;&#8230;&#8230;&#8230;. So bald wie m\u00f6glich senden Sie bitte an Fax-Nummer + 39 0735730959 oder per e-Mail Info@laperlapreziosa.com Kopie der Kaution.<\/p>\n<p><strong>14. Posso cumulare le varie offerte proposte dall\u2019hotel?<\/strong><br \/>\nNo, le varie offerte e gli sconti fatti dall\u2019hotel NON SONO CUMULABILI e si intendono relative alle singole proposte e valide per il periodo di tempo indicato!<\/p>\n<p><strong>15. Posso avere una camera vista mare?<\/strong><br \/>\nL\u2019hotel occupa solo alcuni piani dell\u2019edificio; le stanze si trovano per la maggior parte nella posizione perpendicolare al mare, solo alcune camere godono di una vista su uno scorcio di mare. E\u2019 possibile richiedere una camera che si affacci verso il mare, (ci sar\u00e0 un piccolo supplemento) ma per motivi organizzativi non possiamo garantire al 100% che richiesta venga esaudita.<\/p>\n<p><strong>16. habe ich eine Allergie\/Nahrungsmittelintoleranz, Z\u00f6liakie, Hotel bietet eine angemessene Ern\u00e4hrung?<\/strong><br \/>\nSie k\u00f6nnen die Zubereitung von alternativen Gerichten, die separat zubereitet werden, ohne soprapprezzo zum Zeitpunkt der Buchung anfordern.<\/p>\n","protected":false},"excerpt":{"rendered":"<p>Dies sind die Fragen, die wir am h\u00e4ufigsten von unseren Kunden gefragt: unter den Antworten k\u00f6nnen Sie die Informationen, die Sie suchen. F\u00fcr weitere Fragen stehen wir Ihnen selbstverst\u00e4ndlich gerne zur Verf\u00fcgung. Sie k\u00f6nnen uns per e-Mail, unter Info@laperlapreziosa.com oder telefonisch + 390735-631498, bei Skype oder via Facebook an die Adresse, wie in den Hotel [&hellip;]<\/p>\n","protected":false},"author":2,"featured_media":0,"parent":0,"menu_order":0,"comment_status":"closed","ping_status":"closed","template":"","meta":{"_acf_changed":false,"_monsterinsights_skip_tracking":false,"_monsterinsights_sitenote_active":false,"_monsterinsights_sitenote_note":"","_monsterinsights_sitenote_category":0,"footnotes":""},"acf":[],"yoast_head":"<!-- This site is optimized with the Yoast SEO plugin v23.5 - https:\/\/yoast.com\/wordpress\/plugins\/seo\/ -->\n<title>H\u00e4ufig gestellte Fragen - Hotel La Perla Preziosa<\/title>\n<meta name=\"robots\" content=\"index, follow, max-snippet:-1, max-image-preview:large, max-video-preview:-1\" \/>\n<link rel=\"canonical\" href=\"https:\/\/www.laperlapreziosa.com\/de\/haufig-gestellte-fragen\/\" \/>\n<meta property=\"og:locale\" content=\"de_DE\" \/>\n<meta property=\"og:type\" content=\"article\" \/>\n<meta property=\"og:title\" content=\"H\u00e4ufig gestellte Fragen - Hotel La Perla Preziosa\" \/>\n<meta property=\"og:description\" content=\"Dies sind die Fragen, die wir am h\u00e4ufigsten von unseren Kunden gefragt: unter den Antworten k\u00f6nnen Sie die Informationen, die Sie suchen. F\u00fcr weitere Fragen stehen wir Ihnen selbstverst\u00e4ndlich gerne zur Verf\u00fcgung. Sie k\u00f6nnen uns per e-Mail, unter Info@laperlapreziosa.com oder telefonisch + 390735-631498, bei Skype oder via Facebook an die Adresse, wie in den Hotel [&hellip;]\" \/>\n<meta property=\"og:url\" content=\"https:\/\/www.laperlapreziosa.com\/de\/haufig-gestellte-fragen\/\" \/>\n<meta property=\"og:site_name\" content=\"Hotel La Perla Preziosa\" \/>\n<meta property=\"article:modified_time\" content=\"2018-03-09T09:24:47+00:00\" \/>\n<meta name=\"twitter:card\" content=\"summary_large_image\" \/>\n<meta name=\"twitter:label1\" content=\"Gesch\u00e4tzte Lesezeit\" \/>\n\t<meta name=\"twitter:data1\" content=\"6\u00a0Minuten\" \/>\n<script type=\"application\/ld+json\" class=\"yoast-schema-graph\">{\"@context\":\"https:\/\/schema.org\",\"@graph\":[{\"@type\":\"WebPage\",\"@id\":\"https:\/\/www.laperlapreziosa.com\/de\/haufig-gestellte-fragen\/\",\"url\":\"https:\/\/www.laperlapreziosa.com\/de\/haufig-gestellte-fragen\/\",\"name\":\"H\u00e4ufig gestellte Fragen - Hotel La Perla Preziosa\",\"isPartOf\":{\"@id\":\"https:\/\/www.laperlapreziosa.com\/#website\"},\"datePublished\":\"2018-02-01T10:18:15+00:00\",\"dateModified\":\"2018-03-09T09:24:47+00:00\",\"breadcrumb\":{\"@id\":\"https:\/\/www.laperlapreziosa.com\/de\/haufig-gestellte-fragen\/#breadcrumb\"},\"inLanguage\":\"de\",\"potentialAction\":[{\"@type\":\"ReadAction\",\"target\":[\"https:\/\/www.laperlapreziosa.com\/de\/haufig-gestellte-fragen\/\"]}]},{\"@type\":\"BreadcrumbList\",\"@id\":\"https:\/\/www.laperlapreziosa.com\/de\/haufig-gestellte-fragen\/#breadcrumb\",\"itemListElement\":[{\"@type\":\"ListItem\",\"position\":1,\"name\":\"Home\",\"item\":\"https:\/\/www.laperlapreziosa.com\/de\/home\/\"},{\"@type\":\"ListItem\",\"position\":2,\"name\":\"H\u00e4ufig gestellte Fragen\"}]},{\"@type\":\"WebSite\",\"@id\":\"https:\/\/www.laperlapreziosa.com\/#website\",\"url\":\"https:\/\/www.laperlapreziosa.com\/\",\"name\":\"Hotel La Perla Preziosa\",\"description\":\"Albergo a Grottammare\",\"publisher\":{\"@id\":\"https:\/\/www.laperlapreziosa.com\/#organization\"},\"potentialAction\":[{\"@type\":\"SearchAction\",\"target\":{\"@type\":\"EntryPoint\",\"urlTemplate\":\"https:\/\/www.laperlapreziosa.com\/?s={search_term_string}\"},\"query-input\":{\"@type\":\"PropertyValueSpecification\",\"valueRequired\":true,\"valueName\":\"search_term_string\"}}],\"inLanguage\":\"de\"},{\"@type\":\"Organization\",\"@id\":\"https:\/\/www.laperlapreziosa.com\/#organization\",\"name\":\"Hotel La Perla Preziosa\",\"url\":\"https:\/\/www.laperlapreziosa.com\/\",\"logo\":{\"@type\":\"ImageObject\",\"inLanguage\":\"de\",\"@id\":\"https:\/\/www.laperlapreziosa.com\/#\/schema\/logo\/image\/\",\"url\":\"https:\/\/www.laperlapreziosa.com\/wp-content\/uploads\/sites\/24\/logoperla.png\",\"contentUrl\":\"https:\/\/www.laperlapreziosa.com\/wp-content\/uploads\/sites\/24\/logoperla.png\",\"width\":588,\"height\":156,\"caption\":\"Hotel La Perla Preziosa\"},\"image\":{\"@id\":\"https:\/\/www.laperlapreziosa.com\/#\/schema\/logo\/image\/\"}}]}<\/script>\n<!-- \/ Yoast SEO plugin. -->","yoast_head_json":{"title":"H\u00e4ufig gestellte Fragen - Hotel La Perla Preziosa","robots":{"index":"index","follow":"follow","max-snippet":"max-snippet:-1","max-image-preview":"max-image-preview:large","max-video-preview":"max-video-preview:-1"},"canonical":"https:\/\/www.laperlapreziosa.com\/de\/haufig-gestellte-fragen\/","og_locale":"de_DE","og_type":"article","og_title":"H\u00e4ufig gestellte Fragen - Hotel La Perla Preziosa","og_description":"Dies sind die Fragen, die wir am h\u00e4ufigsten von unseren Kunden gefragt: unter den Antworten k\u00f6nnen Sie die Informationen, die Sie suchen. F\u00fcr weitere Fragen stehen wir Ihnen selbstverst\u00e4ndlich gerne zur Verf\u00fcgung. Sie k\u00f6nnen uns per e-Mail, unter Info@laperlapreziosa.com oder telefonisch + 390735-631498, bei Skype oder via Facebook an die Adresse, wie in den Hotel [&hellip;]","og_url":"https:\/\/www.laperlapreziosa.com\/de\/haufig-gestellte-fragen\/","og_site_name":"Hotel La Perla Preziosa","article_modified_time":"2018-03-09T09:24:47+00:00","twitter_card":"summary_large_image","twitter_misc":{"Gesch\u00e4tzte Lesezeit":"6\u00a0Minuten"},"schema":{"@context":"https:\/\/schema.org","@graph":[{"@type":"WebPage","@id":"https:\/\/www.laperlapreziosa.com\/de\/haufig-gestellte-fragen\/","url":"https:\/\/www.laperlapreziosa.com\/de\/haufig-gestellte-fragen\/","name":"H\u00e4ufig gestellte Fragen - Hotel La Perla Preziosa","isPartOf":{"@id":"https:\/\/www.laperlapreziosa.com\/#website"},"datePublished":"2018-02-01T10:18:15+00:00","dateModified":"2018-03-09T09:24:47+00:00","breadcrumb":{"@id":"https:\/\/www.laperlapreziosa.com\/de\/haufig-gestellte-fragen\/#breadcrumb"},"inLanguage":"de","potentialAction":[{"@type":"ReadAction","target":["https:\/\/www.laperlapreziosa.com\/de\/haufig-gestellte-fragen\/"]}]},{"@type":"BreadcrumbList","@id":"https:\/\/www.laperlapreziosa.com\/de\/haufig-gestellte-fragen\/#breadcrumb","itemListElement":[{"@type":"ListItem","position":1,"name":"Home","item":"https:\/\/www.laperlapreziosa.com\/de\/home\/"},{"@type":"ListItem","position":2,"name":"H\u00e4ufig gestellte Fragen"}]},{"@type":"WebSite","@id":"https:\/\/www.laperlapreziosa.com\/#website","url":"https:\/\/www.laperlapreziosa.com\/","name":"Hotel La Perla Preziosa","description":"Albergo a Grottammare","publisher":{"@id":"https:\/\/www.laperlapreziosa.com\/#organization"},"potentialAction":[{"@type":"SearchAction","target":{"@type":"EntryPoint","urlTemplate":"https:\/\/www.laperlapreziosa.com\/?s={search_term_string}"},"query-input":{"@type":"PropertyValueSpecification","valueRequired":true,"valueName":"search_term_string"}}],"inLanguage":"de"},{"@type":"Organization","@id":"https:\/\/www.laperlapreziosa.com\/#organization","name":"Hotel La Perla Preziosa","url":"https:\/\/www.laperlapreziosa.com\/","logo":{"@type":"ImageObject","inLanguage":"de","@id":"https:\/\/www.laperlapreziosa.com\/#\/schema\/logo\/image\/","url":"https:\/\/www.laperlapreziosa.com\/wp-content\/uploads\/sites\/24\/logoperla.png","contentUrl":"https:\/\/www.laperlapreziosa.com\/wp-content\/uploads\/sites\/24\/logoperla.png","width":588,"height":156,"caption":"Hotel La Perla Preziosa"},"image":{"@id":"https:\/\/www.laperlapreziosa.com\/#\/schema\/logo\/image\/"}}]}},"publishpress_future_action":{"enabled":false,"date":"2026-04-26 11:13:29","action":"change-status","newStatus":"draft","terms":[],"taxonomy":"translation_priority"},"publishpress_future_workflow_manual_trigger":{"enabledWorkflows":[]},"_links":{"self":[{"href":"https:\/\/www.laperlapreziosa.com\/de\/wp-json\/wp\/v2\/pages\/1137"}],"collection":[{"href":"https:\/\/www.laperlapreziosa.com\/de\/wp-json\/wp\/v2\/pages"}],"about":[{"href":"https:\/\/www.laperlapreziosa.com\/de\/wp-json\/wp\/v2\/types\/page"}],"author":[{"embeddable":true,"href":"https:\/\/www.laperlapreziosa.com\/de\/wp-json\/wp\/v2\/users\/2"}],"replies":[{"embeddable":true,"href":"https:\/\/www.laperlapreziosa.com\/de\/wp-json\/wp\/v2\/comments?post=1137"}],"version-history":[{"count":3,"href":"https:\/\/www.laperlapreziosa.com\/de\/wp-json\/wp\/v2\/pages\/1137\/revisions"}],"predecessor-version":[{"id":1575,"href":"https:\/\/www.laperlapreziosa.com\/de\/wp-json\/wp\/v2\/pages\/1137\/revisions\/1575"}],"wp:attachment":[{"href":"https:\/\/www.laperlapreziosa.com\/de\/wp-json\/wp\/v2\/media?parent=1137"}],"curies":[{"name":"wp","href":"https:\/\/api.w.org\/{rel}","templated":true}]}}