{"id":1151,"date":"2018-01-19T10:29:36","date_gmt":"2018-01-19T09:29:36","guid":{"rendered":"http:\/\/www.geteasysite.it\/laperlapreziosa\/territorio\/"},"modified":"2018-03-01T10:26:41","modified_gmt":"2018-03-01T09:26:41","slug":"gebiet","status":"publish","type":"page","link":"https:\/\/www.laperlapreziosa.com\/de\/gebiet\/","title":{"rendered":"Gebiet"},"content":{"rendered":"<p>&nbsp;<\/p>\n<p>Der Name \u201eGrotte a Mare\u201c kommt aus \u201eMeeresh\u00f6hlen\u201c und stammt aus dem 10. bis 11. Jahrhundert, obwohl einige Historiker seinen Ursprung zur\u00fcck zu einer fr\u00fcheren Epoche zur\u00fcck f\u00fchren, aufgrund der Entdeckung einiger Elemente einer Picena Nekropole.<\/p>\n<p>&nbsp;<\/p>\n<blockquote><p>Das Dorf auf dem h\u00f6chsten Punkt der Stadt von wo aus man einen herrlichen Ausblick genie\u00dfen kann, hat eine typische unregelm\u00e4\u00dfig geplante mittelalterliche Struktur die durch das Priorat Geb\u00e4ude geschlossen wird, der Stadtturm, die Kirche, die H\u00fctten und das Theater. Die \u00f6stliche Seite des Platzes ist fast vollst\u00e4ndig vom Teatro dell&#8217;Arancio eingenommen. Er stammt aus dem Ende des 18. Jahrhunderts und hat seinen Namen von dem Orangenbaum, der urspr\u00fcnglich in der Mitte des Platzes gestanden war. Grottammare, an der Riviera delle Palme, ist ein ideales Urlaubsziel um die Jugendstil-Villen am Meer entlang der Viale ristoforo Colombo zu bewundern. Der bereits seit dem 19. Jahrhundert bekannte Badeort bietet Kilometer lange, glatte Sandstr\u00e4nde an der kristallklaren Adria, die jeden Sommer mit der blauen Flagge ausgezeichnet werden. \u00dcppige G\u00e4rten, Orangenb\u00e4ume und sch\u00f6ne Ufer hei\u00dfen die Touristen in jeder Jahreszeit herzlich willkommen, auch dank seines sehr milden und gem\u00e4\u00dfigtem Klimas. Parks und Pinienw\u00e4lder, sowie Fahrrad-Fu\u00dfwege in der N\u00e4he des Strandes machen den Aufenthalt in Grottammare zu einer besonderen Entspannung und Erholung.<\/p><\/blockquote>\n<p>&nbsp;<\/p>\n<p>&nbsp;<\/p>\n<p>Il Piceno:Von der K\u00fcste zu den schneebedeckten Bergen, finden Sie eine einzige gro\u00dfartige Landschaft! Die alte Grenze des p\u00e4pstlichen Staates mit dem K\u00f6nigreich von Neapel und der Chienti, der Sibillini und der Adria.<\/p>\n<p>&nbsp;<\/p>\n<blockquote><p>Eine Vielzahl von kulturellen und \u00f6kologischen Verm\u00f6genswerten, zwei Naturparks zum einen der Nationale Monti Sibillini und der Gran Sasso-Monti della Laga; eine \u00fcberwiegend h\u00fcgelige Landschaft harmonisch im Laufe der Zeit, feine modellierte Handwerkstradition. Ein nicht st\u00f6rendes sondern eher befriedigendes und pulsierendes ruhiges Gebiet mit einer gleichzeitig sch\u00f6nen K\u00fcste auf der gesamten L\u00e4nge und einer einzigartigen Mutation der Landschaft.<br \/>\nEin g\u00fcnstiges Wetterklima, aber auch ein warmes und freundliches menschliches Klima. Die landwirtschaftlichen Fl\u00e4chen produzieren die typischen Fr\u00fcchte des mediterranen Anbaus, einschlie\u00dflich der Olivenb\u00e4ume und der Weinreben, deren Produktionsfl\u00e4chen sich im n\u00f6rdlichen Kamm des mittleren und unteren Tronto-Tals befinden. Von den Apenninen \u00fcber die H\u00fcgel bis zur Adria, zwischen Burgen und H\u00f6hlen, Fl\u00fcssen und bunten Festen; mit dem Auto, zu Pferd, Fahrrad, Mountainbike oder zu Fu\u00df, Motorrad oder Vespa, jeder Ausflug bietet Ihnen angenehme \u00dcberraschungen wie zum Beispiel die sch\u00f6ne Berglandschaft. Beobachten Sie die H\u00fcgel mit Schl\u00f6ssern oder die Weinberge und vor allem die romantischen Str\u00e4nde am Meer. Genie\u00dfen Sie Zahlreiche Routen, Wege und Pfade die Ihren W\u00fcnschen entsprechen in einem Land mit alten Traditionen und einzigartigen Aromen, die Ihre Leidenschaft in L\u00e4nder des Piceno und eine entspannte Atmosph\u00e4re bieten.<\/p><\/blockquote>\n","protected":false},"excerpt":{"rendered":"<p>&nbsp; Der Name \u201eGrotte a Mare\u201c kommt aus \u201eMeeresh\u00f6hlen\u201c und stammt aus dem 10. bis 11. Jahrhundert, obwohl einige Historiker seinen Ursprung zur\u00fcck zu einer fr\u00fcheren Epoche zur\u00fcck f\u00fchren, aufgrund der Entdeckung einiger Elemente einer Picena Nekropole. &nbsp; Das Dorf auf dem h\u00f6chsten Punkt der Stadt von wo aus man einen herrlichen Ausblick genie\u00dfen kann, [&hellip;]<\/p>\n","protected":false},"author":11,"featured_media":0,"parent":0,"menu_order":0,"comment_status":"closed","ping_status":"closed","template":"page-gallery.php","meta":{"_acf_changed":false,"_monsterinsights_skip_tracking":false,"_monsterinsights_sitenote_active":false,"_monsterinsights_sitenote_note":"","_monsterinsights_sitenote_category":0,"footnotes":""},"acf":[],"yoast_head":"<!-- This site is optimized with the Yoast SEO plugin v23.5 - https:\/\/yoast.com\/wordpress\/plugins\/seo\/ -->\n<title>Gebiet - Hotel La Perla Preziosa<\/title>\n<meta name=\"robots\" content=\"index, follow, max-snippet:-1, max-image-preview:large, max-video-preview:-1\" \/>\n<link rel=\"canonical\" href=\"https:\/\/www.laperlapreziosa.com\/de\/gebiet\/\" \/>\n<meta property=\"og:locale\" content=\"de_DE\" \/>\n<meta property=\"og:type\" content=\"article\" \/>\n<meta property=\"og:title\" content=\"Gebiet - Hotel La Perla Preziosa\" \/>\n<meta property=\"og:description\" content=\"&nbsp; Der Name \u201eGrotte a Mare\u201c kommt aus \u201eMeeresh\u00f6hlen\u201c und stammt aus dem 10. bis 11. Jahrhundert, obwohl einige Historiker seinen Ursprung zur\u00fcck zu einer fr\u00fcheren Epoche zur\u00fcck f\u00fchren, aufgrund der Entdeckung einiger Elemente einer Picena Nekropole. &nbsp; Das Dorf auf dem h\u00f6chsten Punkt der Stadt von wo aus man einen herrlichen Ausblick genie\u00dfen kann, [&hellip;]\" \/>\n<meta property=\"og:url\" content=\"https:\/\/www.laperlapreziosa.com\/de\/gebiet\/\" \/>\n<meta property=\"og:site_name\" content=\"Hotel La Perla Preziosa\" \/>\n<meta property=\"article:modified_time\" content=\"2018-03-01T09:26:41+00:00\" \/>\n<meta name=\"twitter:card\" content=\"summary_large_image\" \/>\n<meta name=\"twitter:label1\" content=\"Gesch\u00e4tzte Lesezeit\" \/>\n\t<meta name=\"twitter:data1\" content=\"2\u00a0Minuten\" \/>\n<script type=\"application\/ld+json\" class=\"yoast-schema-graph\">{\"@context\":\"https:\/\/schema.org\",\"@graph\":[{\"@type\":\"WebPage\",\"@id\":\"https:\/\/www.laperlapreziosa.com\/de\/gebiet\/\",\"url\":\"https:\/\/www.laperlapreziosa.com\/de\/gebiet\/\",\"name\":\"Gebiet - Hotel La Perla Preziosa\",\"isPartOf\":{\"@id\":\"https:\/\/www.laperlapreziosa.com\/#website\"},\"datePublished\":\"2018-01-19T09:29:36+00:00\",\"dateModified\":\"2018-03-01T09:26:41+00:00\",\"breadcrumb\":{\"@id\":\"https:\/\/www.laperlapreziosa.com\/de\/gebiet\/#breadcrumb\"},\"inLanguage\":\"de\",\"potentialAction\":[{\"@type\":\"ReadAction\",\"target\":[\"https:\/\/www.laperlapreziosa.com\/de\/gebiet\/\"]}]},{\"@type\":\"BreadcrumbList\",\"@id\":\"https:\/\/www.laperlapreziosa.com\/de\/gebiet\/#breadcrumb\",\"itemListElement\":[{\"@type\":\"ListItem\",\"position\":1,\"name\":\"Home\",\"item\":\"https:\/\/www.laperlapreziosa.com\/de\/home\/\"},{\"@type\":\"ListItem\",\"position\":2,\"name\":\"Gebiet\"}]},{\"@type\":\"WebSite\",\"@id\":\"https:\/\/www.laperlapreziosa.com\/#website\",\"url\":\"https:\/\/www.laperlapreziosa.com\/\",\"name\":\"Hotel La Perla Preziosa\",\"description\":\"Albergo a Grottammare\",\"publisher\":{\"@id\":\"https:\/\/www.laperlapreziosa.com\/#organization\"},\"potentialAction\":[{\"@type\":\"SearchAction\",\"target\":{\"@type\":\"EntryPoint\",\"urlTemplate\":\"https:\/\/www.laperlapreziosa.com\/?s={search_term_string}\"},\"query-input\":{\"@type\":\"PropertyValueSpecification\",\"valueRequired\":true,\"valueName\":\"search_term_string\"}}],\"inLanguage\":\"de\"},{\"@type\":\"Organization\",\"@id\":\"https:\/\/www.laperlapreziosa.com\/#organization\",\"name\":\"Hotel La Perla Preziosa\",\"url\":\"https:\/\/www.laperlapreziosa.com\/\",\"logo\":{\"@type\":\"ImageObject\",\"inLanguage\":\"de\",\"@id\":\"https:\/\/www.laperlapreziosa.com\/#\/schema\/logo\/image\/\",\"url\":\"https:\/\/www.laperlapreziosa.com\/wp-content\/uploads\/sites\/24\/logoperla.png\",\"contentUrl\":\"https:\/\/www.laperlapreziosa.com\/wp-content\/uploads\/sites\/24\/logoperla.png\",\"width\":588,\"height\":156,\"caption\":\"Hotel La Perla Preziosa\"},\"image\":{\"@id\":\"https:\/\/www.laperlapreziosa.com\/#\/schema\/logo\/image\/\"}}]}<\/script>\n<!-- \/ Yoast SEO plugin. -->","yoast_head_json":{"title":"Gebiet - Hotel La Perla Preziosa","robots":{"index":"index","follow":"follow","max-snippet":"max-snippet:-1","max-image-preview":"max-image-preview:large","max-video-preview":"max-video-preview:-1"},"canonical":"https:\/\/www.laperlapreziosa.com\/de\/gebiet\/","og_locale":"de_DE","og_type":"article","og_title":"Gebiet - Hotel La Perla Preziosa","og_description":"&nbsp; Der Name \u201eGrotte a Mare\u201c kommt aus \u201eMeeresh\u00f6hlen\u201c und stammt aus dem 10. bis 11. Jahrhundert, obwohl einige Historiker seinen Ursprung zur\u00fcck zu einer fr\u00fcheren Epoche zur\u00fcck f\u00fchren, aufgrund der Entdeckung einiger Elemente einer Picena Nekropole. &nbsp; Das Dorf auf dem h\u00f6chsten Punkt der Stadt von wo aus man einen herrlichen Ausblick genie\u00dfen kann, [&hellip;]","og_url":"https:\/\/www.laperlapreziosa.com\/de\/gebiet\/","og_site_name":"Hotel La Perla Preziosa","article_modified_time":"2018-03-01T09:26:41+00:00","twitter_card":"summary_large_image","twitter_misc":{"Gesch\u00e4tzte Lesezeit":"2\u00a0Minuten"},"schema":{"@context":"https:\/\/schema.org","@graph":[{"@type":"WebPage","@id":"https:\/\/www.laperlapreziosa.com\/de\/gebiet\/","url":"https:\/\/www.laperlapreziosa.com\/de\/gebiet\/","name":"Gebiet - Hotel La Perla Preziosa","isPartOf":{"@id":"https:\/\/www.laperlapreziosa.com\/#website"},"datePublished":"2018-01-19T09:29:36+00:00","dateModified":"2018-03-01T09:26:41+00:00","breadcrumb":{"@id":"https:\/\/www.laperlapreziosa.com\/de\/gebiet\/#breadcrumb"},"inLanguage":"de","potentialAction":[{"@type":"ReadAction","target":["https:\/\/www.laperlapreziosa.com\/de\/gebiet\/"]}]},{"@type":"BreadcrumbList","@id":"https:\/\/www.laperlapreziosa.com\/de\/gebiet\/#breadcrumb","itemListElement":[{"@type":"ListItem","position":1,"name":"Home","item":"https:\/\/www.laperlapreziosa.com\/de\/home\/"},{"@type":"ListItem","position":2,"name":"Gebiet"}]},{"@type":"WebSite","@id":"https:\/\/www.laperlapreziosa.com\/#website","url":"https:\/\/www.laperlapreziosa.com\/","name":"Hotel La Perla Preziosa","description":"Albergo a Grottammare","publisher":{"@id":"https:\/\/www.laperlapreziosa.com\/#organization"},"potentialAction":[{"@type":"SearchAction","target":{"@type":"EntryPoint","urlTemplate":"https:\/\/www.laperlapreziosa.com\/?s={search_term_string}"},"query-input":{"@type":"PropertyValueSpecification","valueRequired":true,"valueName":"search_term_string"}}],"inLanguage":"de"},{"@type":"Organization","@id":"https:\/\/www.laperlapreziosa.com\/#organization","name":"Hotel La Perla Preziosa","url":"https:\/\/www.laperlapreziosa.com\/","logo":{"@type":"ImageObject","inLanguage":"de","@id":"https:\/\/www.laperlapreziosa.com\/#\/schema\/logo\/image\/","url":"https:\/\/www.laperlapreziosa.com\/wp-content\/uploads\/sites\/24\/logoperla.png","contentUrl":"https:\/\/www.laperlapreziosa.com\/wp-content\/uploads\/sites\/24\/logoperla.png","width":588,"height":156,"caption":"Hotel La Perla Preziosa"},"image":{"@id":"https:\/\/www.laperlapreziosa.com\/#\/schema\/logo\/image\/"}}]}},"publishpress_future_action":{"enabled":false,"date":"2026-04-23 17:20:10","action":"change-status","newStatus":"draft","terms":[],"taxonomy":"translation_priority"},"publishpress_future_workflow_manual_trigger":{"enabledWorkflows":[]},"_links":{"self":[{"href":"https:\/\/www.laperlapreziosa.com\/de\/wp-json\/wp\/v2\/pages\/1151"}],"collection":[{"href":"https:\/\/www.laperlapreziosa.com\/de\/wp-json\/wp\/v2\/pages"}],"about":[{"href":"https:\/\/www.laperlapreziosa.com\/de\/wp-json\/wp\/v2\/types\/page"}],"author":[{"embeddable":true,"href":"https:\/\/www.laperlapreziosa.com\/de\/wp-json\/wp\/v2\/users\/11"}],"replies":[{"embeddable":true,"href":"https:\/\/www.laperlapreziosa.com\/de\/wp-json\/wp\/v2\/comments?post=1151"}],"version-history":[{"count":4,"href":"https:\/\/www.laperlapreziosa.com\/de\/wp-json\/wp\/v2\/pages\/1151\/revisions"}],"predecessor-version":[{"id":1297,"href":"https:\/\/www.laperlapreziosa.com\/de\/wp-json\/wp\/v2\/pages\/1151\/revisions\/1297"}],"wp:attachment":[{"href":"https:\/\/www.laperlapreziosa.com\/de\/wp-json\/wp\/v2\/media?parent=1151"}],"curies":[{"name":"wp","href":"https:\/\/api.w.org\/{rel}","templated":true}]}}