{"id":1063,"date":"2017-03-30T15:54:34","date_gmt":"2017-03-30T13:54:34","guid":{"rendered":"http:\/\/www.geteasysite.it\/laperlapreziosa\/cucina\/"},"modified":"2018-03-08T13:01:54","modified_gmt":"2018-03-08T12:01:54","slug":"cocina","status":"publish","type":"page","link":"https:\/\/www.laperlapreziosa.com\/es\/cocina\/","title":{"rendered":"Cocina"},"content":{"rendered":"<p>&nbsp;<\/p>\n<h5>El hotel <strong>La Perla Preziosa<\/strong> ilustra:<\/h5>\n<p>&nbsp;<\/p>\n<p>&#8211; nuestro elegante restaurante \u00abTITANIC\u00bb<br \/>\n&#8211; nuestra caracter\u00edstica posada TIPICO\u2019,<\/p>\n<blockquote>\n<h5>El restaurante TITANIC<\/h5>\n<p>est\u00e1 en dos niveles unidos por una impresionante escalera en estilo de galera de madera maciza, con grandes ventanas panor\u00e1micas con vistas a la playa y al mar. La tradici\u00f3n culinaria de la regi\u00f3n de Marche, del interior y de la mariner\u00eda, est\u00e1 flanqueada por platos sanos, frescos y ligeros, cocina vegetariana y men\u00fas dise\u00f1ados espec\u00edficamente para los amantes del bienestar y el buen gusto. En TITANIC puedes probar platos tradicionales y platos de pescado del Adri\u00e1tico; famoso el \u00abbrodetto alla SanBenedettese\u00bb y las \u00abOlive all&#8217;Ascolana\u00bb. La cocina del Chef Lorenzo con su personal (miembros oficiales de la <a href=\"http:\/\/Accademia del Gusto\">Accademia del Gusto<\/a>) junto con Maitre Paolo, hacen que cada comida y cena sea muy agradable.<\/p>\n<h5>Locanda Tipic\u00f2<\/h5>\n<p>est\u00e1 amueblada en estilo del viejo oeste mezclada con pub irland\u00e9s, es joven y con fuertes caracter\u00edsticas de convivencia y familiaridad.<br \/>\nEl protagonista del men\u00fa es la carne y los productos de la tierra. Carne de origen nacional y sobre todo local, de raza Marchigiana criada en las colinas cercanas (Ripatransone, Offida, Appignano del Tronto, Rotella). Rico, variado y siempre preparado con productos de temporada y de producci\u00f3n local, a 0 km, es el buffet con verduras a la parrilla, pizza r\u00fastica, varios tipos de salami, quesos, pudines, frijoles, ensaladas frescas, verduras salteadas, verduras gratinado, ensalada de arroz &#8230;<\/p>\n<p>La caracter\u00edstica principal del Tipic\u00f2, adem\u00e1s de las ofertas diarias, es el men\u00fa<br \/>\n\u00abTodo lo que puedas comer\u00bb &#8230; .. descubre m\u00e1s &#8230; <a href=\"http:\/\/www.tipicoitaly.org\">www.tipicoitaly.org<\/a><\/p><\/blockquote>\n","protected":false},"excerpt":{"rendered":"<p>&nbsp; El hotel La Perla Preziosa ilustra: &nbsp; &#8211; nuestro elegante restaurante \u00abTITANIC\u00bb &#8211; nuestra caracter\u00edstica posada TIPICO\u2019, El restaurante TITANIC est\u00e1 en dos niveles unidos por una impresionante escalera en estilo de galera de madera maciza, con grandes ventanas panor\u00e1micas con vistas a la playa y al mar. La tradici\u00f3n culinaria de la regi\u00f3n [&hellip;]<\/p>\n","protected":false},"author":2,"featured_media":0,"parent":0,"menu_order":0,"comment_status":"closed","ping_status":"closed","template":"page-ristorante.php","meta":{"_acf_changed":false,"_monsterinsights_skip_tracking":false,"_monsterinsights_sitenote_active":false,"_monsterinsights_sitenote_note":"","_monsterinsights_sitenote_category":0,"footnotes":""},"acf":[],"yoast_head":"<!-- This site is optimized with the Yoast SEO plugin v23.5 - https:\/\/yoast.com\/wordpress\/plugins\/seo\/ -->\n<title>Cocina - Hotel La Perla Preziosa<\/title>\n<meta name=\"robots\" content=\"index, follow, max-snippet:-1, max-image-preview:large, max-video-preview:-1\" \/>\n<link rel=\"canonical\" href=\"https:\/\/www.laperlapreziosa.com\/es\/cocina\/\" \/>\n<meta property=\"og:locale\" content=\"es_ES\" \/>\n<meta property=\"og:type\" content=\"article\" \/>\n<meta property=\"og:title\" content=\"Cocina - Hotel La Perla Preziosa\" \/>\n<meta property=\"og:description\" content=\"&nbsp; El hotel La Perla Preziosa ilustra: &nbsp; &#8211; nuestro elegante restaurante \u00abTITANIC\u00bb &#8211; nuestra caracter\u00edstica posada TIPICO\u2019, El restaurante TITANIC est\u00e1 en dos niveles unidos por una impresionante escalera en estilo de galera de madera maciza, con grandes ventanas panor\u00e1micas con vistas a la playa y al mar. La tradici\u00f3n culinaria de la regi\u00f3n [&hellip;]\" \/>\n<meta property=\"og:url\" content=\"https:\/\/www.laperlapreziosa.com\/es\/cocina\/\" \/>\n<meta property=\"og:site_name\" content=\"Hotel La Perla Preziosa\" \/>\n<meta property=\"article:modified_time\" content=\"2018-03-08T12:01:54+00:00\" \/>\n<meta name=\"twitter:card\" content=\"summary_large_image\" \/>\n<meta name=\"twitter:label1\" content=\"Tiempo de lectura\" \/>\n\t<meta name=\"twitter:data1\" content=\"1 minuto\" \/>\n<script type=\"application\/ld+json\" class=\"yoast-schema-graph\">{\"@context\":\"https:\/\/schema.org\",\"@graph\":[{\"@type\":\"WebPage\",\"@id\":\"https:\/\/www.laperlapreziosa.com\/es\/cocina\/\",\"url\":\"https:\/\/www.laperlapreziosa.com\/es\/cocina\/\",\"name\":\"Cocina - Hotel La Perla Preziosa\",\"isPartOf\":{\"@id\":\"https:\/\/www.laperlapreziosa.com\/#website\"},\"datePublished\":\"2017-03-30T13:54:34+00:00\",\"dateModified\":\"2018-03-08T12:01:54+00:00\",\"breadcrumb\":{\"@id\":\"https:\/\/www.laperlapreziosa.com\/es\/cocina\/#breadcrumb\"},\"inLanguage\":\"es\",\"potentialAction\":[{\"@type\":\"ReadAction\",\"target\":[\"https:\/\/www.laperlapreziosa.com\/es\/cocina\/\"]}]},{\"@type\":\"BreadcrumbList\",\"@id\":\"https:\/\/www.laperlapreziosa.com\/es\/cocina\/#breadcrumb\",\"itemListElement\":[{\"@type\":\"ListItem\",\"position\":1,\"name\":\"Home\",\"item\":\"https:\/\/www.laperlapreziosa.com\/es\/\"},{\"@type\":\"ListItem\",\"position\":2,\"name\":\"Cocina\"}]},{\"@type\":\"WebSite\",\"@id\":\"https:\/\/www.laperlapreziosa.com\/#website\",\"url\":\"https:\/\/www.laperlapreziosa.com\/\",\"name\":\"Hotel La Perla Preziosa\",\"description\":\"Albergo a Grottammare\",\"publisher\":{\"@id\":\"https:\/\/www.laperlapreziosa.com\/#organization\"},\"potentialAction\":[{\"@type\":\"SearchAction\",\"target\":{\"@type\":\"EntryPoint\",\"urlTemplate\":\"https:\/\/www.laperlapreziosa.com\/?s={search_term_string}\"},\"query-input\":{\"@type\":\"PropertyValueSpecification\",\"valueRequired\":true,\"valueName\":\"search_term_string\"}}],\"inLanguage\":\"es\"},{\"@type\":\"Organization\",\"@id\":\"https:\/\/www.laperlapreziosa.com\/#organization\",\"name\":\"Hotel La Perla Preziosa\",\"url\":\"https:\/\/www.laperlapreziosa.com\/\",\"logo\":{\"@type\":\"ImageObject\",\"inLanguage\":\"es\",\"@id\":\"https:\/\/www.laperlapreziosa.com\/#\/schema\/logo\/image\/\",\"url\":\"https:\/\/www.laperlapreziosa.com\/wp-content\/uploads\/sites\/24\/logoperla.png\",\"contentUrl\":\"https:\/\/www.laperlapreziosa.com\/wp-content\/uploads\/sites\/24\/logoperla.png\",\"width\":588,\"height\":156,\"caption\":\"Hotel La Perla Preziosa\"},\"image\":{\"@id\":\"https:\/\/www.laperlapreziosa.com\/#\/schema\/logo\/image\/\"}}]}<\/script>\n<!-- \/ Yoast SEO plugin. -->","yoast_head_json":{"title":"Cocina - Hotel La Perla Preziosa","robots":{"index":"index","follow":"follow","max-snippet":"max-snippet:-1","max-image-preview":"max-image-preview:large","max-video-preview":"max-video-preview:-1"},"canonical":"https:\/\/www.laperlapreziosa.com\/es\/cocina\/","og_locale":"es_ES","og_type":"article","og_title":"Cocina - Hotel La Perla Preziosa","og_description":"&nbsp; El hotel La Perla Preziosa ilustra: &nbsp; &#8211; nuestro elegante restaurante \u00abTITANIC\u00bb &#8211; nuestra caracter\u00edstica posada TIPICO\u2019, El restaurante TITANIC est\u00e1 en dos niveles unidos por una impresionante escalera en estilo de galera de madera maciza, con grandes ventanas panor\u00e1micas con vistas a la playa y al mar. La tradici\u00f3n culinaria de la regi\u00f3n [&hellip;]","og_url":"https:\/\/www.laperlapreziosa.com\/es\/cocina\/","og_site_name":"Hotel La Perla Preziosa","article_modified_time":"2018-03-08T12:01:54+00:00","twitter_card":"summary_large_image","twitter_misc":{"Tiempo de lectura":"1 minuto"},"schema":{"@context":"https:\/\/schema.org","@graph":[{"@type":"WebPage","@id":"https:\/\/www.laperlapreziosa.com\/es\/cocina\/","url":"https:\/\/www.laperlapreziosa.com\/es\/cocina\/","name":"Cocina - Hotel La Perla Preziosa","isPartOf":{"@id":"https:\/\/www.laperlapreziosa.com\/#website"},"datePublished":"2017-03-30T13:54:34+00:00","dateModified":"2018-03-08T12:01:54+00:00","breadcrumb":{"@id":"https:\/\/www.laperlapreziosa.com\/es\/cocina\/#breadcrumb"},"inLanguage":"es","potentialAction":[{"@type":"ReadAction","target":["https:\/\/www.laperlapreziosa.com\/es\/cocina\/"]}]},{"@type":"BreadcrumbList","@id":"https:\/\/www.laperlapreziosa.com\/es\/cocina\/#breadcrumb","itemListElement":[{"@type":"ListItem","position":1,"name":"Home","item":"https:\/\/www.laperlapreziosa.com\/es\/"},{"@type":"ListItem","position":2,"name":"Cocina"}]},{"@type":"WebSite","@id":"https:\/\/www.laperlapreziosa.com\/#website","url":"https:\/\/www.laperlapreziosa.com\/","name":"Hotel La Perla Preziosa","description":"Albergo a Grottammare","publisher":{"@id":"https:\/\/www.laperlapreziosa.com\/#organization"},"potentialAction":[{"@type":"SearchAction","target":{"@type":"EntryPoint","urlTemplate":"https:\/\/www.laperlapreziosa.com\/?s={search_term_string}"},"query-input":{"@type":"PropertyValueSpecification","valueRequired":true,"valueName":"search_term_string"}}],"inLanguage":"es"},{"@type":"Organization","@id":"https:\/\/www.laperlapreziosa.com\/#organization","name":"Hotel La Perla Preziosa","url":"https:\/\/www.laperlapreziosa.com\/","logo":{"@type":"ImageObject","inLanguage":"es","@id":"https:\/\/www.laperlapreziosa.com\/#\/schema\/logo\/image\/","url":"https:\/\/www.laperlapreziosa.com\/wp-content\/uploads\/sites\/24\/logoperla.png","contentUrl":"https:\/\/www.laperlapreziosa.com\/wp-content\/uploads\/sites\/24\/logoperla.png","width":588,"height":156,"caption":"Hotel La Perla Preziosa"},"image":{"@id":"https:\/\/www.laperlapreziosa.com\/#\/schema\/logo\/image\/"}}]}},"publishpress_future_action":{"enabled":false,"date":"2026-05-09 12:29:51","action":"change-status","newStatus":"draft","terms":[],"taxonomy":"translation_priority"},"publishpress_future_workflow_manual_trigger":{"enabledWorkflows":[]},"_links":{"self":[{"href":"https:\/\/www.laperlapreziosa.com\/es\/wp-json\/wp\/v2\/pages\/1063"}],"collection":[{"href":"https:\/\/www.laperlapreziosa.com\/es\/wp-json\/wp\/v2\/pages"}],"about":[{"href":"https:\/\/www.laperlapreziosa.com\/es\/wp-json\/wp\/v2\/types\/page"}],"author":[{"embeddable":true,"href":"https:\/\/www.laperlapreziosa.com\/es\/wp-json\/wp\/v2\/users\/2"}],"replies":[{"embeddable":true,"href":"https:\/\/www.laperlapreziosa.com\/es\/wp-json\/wp\/v2\/comments?post=1063"}],"version-history":[{"count":7,"href":"https:\/\/www.laperlapreziosa.com\/es\/wp-json\/wp\/v2\/pages\/1063\/revisions"}],"predecessor-version":[{"id":1327,"href":"https:\/\/www.laperlapreziosa.com\/es\/wp-json\/wp\/v2\/pages\/1063\/revisions\/1327"}],"wp:attachment":[{"href":"https:\/\/www.laperlapreziosa.com\/es\/wp-json\/wp\/v2\/media?parent=1063"}],"curies":[{"name":"wp","href":"https:\/\/api.w.org\/{rel}","templated":true}]}}