{"id":1076,"date":"2017-03-31T15:50:27","date_gmt":"2017-03-31T13:50:27","guid":{"rendered":"http:\/\/www.geteasysite.it\/laperlapreziosa\/hotel\/"},"modified":"2018-03-14T15:40:30","modified_gmt":"2018-03-14T14:40:30","slug":"hotel","status":"publish","type":"page","link":"https:\/\/www.laperlapreziosa.com\/es\/hotel\/","title":{"rendered":"Hotel"},"content":{"rendered":"<h3 style=\"text-align: left\">nos presentamos: La Perla Preziosa<\/h3>\n<p>&nbsp;<\/p>\n<p>le da la bienvenida, hotel de 3 estrellas abierto todo el a\u00f1o, situado en el paseo mar\u00edtimo de Grottammare, en la provincia de Ascoli Piceno, una de las ciudades m\u00e1s bellas de la regi\u00f3n Marche.<\/p>\n<p>Nos complace ofrecerle cada d\u00eda una experiencia de hospitalidad \u00fanica, llena de elegancia, confort, sonrisa, buen gusto y buena comida. El cuidado y la atenci\u00f3n prestados a cada hu\u00e9sped combinado con la atm\u00f3sfera, elegante e informal al mismo tiempo, refuerzan nuestra filosof\u00eda d\u00eda tras d\u00eda.<\/p>\n<p>&nbsp;<\/p>\n<h5 style=\"text-align: center\">\u00abRecibiros como hu\u00e9spedes y amigos\u00bb<\/h5>\n<p>&nbsp;<\/p>\n<p>Para lograr este objetivo, damos gran importancia a nuestros colaboradores, los consideramos parte de una familia y les pedimos que reserven el mismo tratamiento para nuestros hu\u00e9spedes.<br \/>\nNuestro objetivo es ofrecerle un hotel de calidad a precios econ\u00f3micos y transparentes en una buena ubicaci\u00f3n.<br \/>\nTodo mi personal y yo estar\u00edamos encantados de darle la bienvenida al hotel La Perla Preziosa.<\/p>\n<p>&nbsp;<\/p>\n<h3 style=\"text-align: center\">Nos vemos en Grottammare!<\/h3>\n<p>&nbsp;<\/p>\n<p style=\"text-align: right\">directora Rossella Morganti<\/p>\n","protected":false},"excerpt":{"rendered":"<p>nos presentamos: La Perla Preziosa &nbsp; le da la bienvenida, hotel de 3 estrellas abierto todo el a\u00f1o, situado en el paseo mar\u00edtimo de Grottammare, en la provincia de Ascoli Piceno, una de las ciudades m\u00e1s bellas de la regi\u00f3n Marche. Nos complace ofrecerle cada d\u00eda una experiencia de hospitalidad \u00fanica, llena de elegancia, confort, [&hellip;]<\/p>\n","protected":false},"author":2,"featured_media":0,"parent":0,"menu_order":0,"comment_status":"closed","ping_status":"closed","template":"page-ristorante.php","meta":{"_acf_changed":false,"_monsterinsights_skip_tracking":false,"_monsterinsights_sitenote_active":false,"_monsterinsights_sitenote_note":"","_monsterinsights_sitenote_category":0,"footnotes":""},"acf":[],"yoast_head":"<!-- This site is optimized with the Yoast SEO plugin v23.5 - https:\/\/yoast.com\/wordpress\/plugins\/seo\/ -->\n<title>Hotel - Hotel La Perla Preziosa<\/title>\n<meta name=\"robots\" content=\"index, follow, max-snippet:-1, max-image-preview:large, max-video-preview:-1\" \/>\n<link rel=\"canonical\" href=\"https:\/\/www.laperlapreziosa.com\/es\/hotel\/\" \/>\n<meta property=\"og:locale\" content=\"es_ES\" \/>\n<meta property=\"og:type\" content=\"article\" \/>\n<meta property=\"og:title\" content=\"Hotel - Hotel La Perla Preziosa\" \/>\n<meta property=\"og:description\" content=\"nos presentamos: La Perla Preziosa &nbsp; le da la bienvenida, hotel de 3 estrellas abierto todo el a\u00f1o, situado en el paseo mar\u00edtimo de Grottammare, en la provincia de Ascoli Piceno, una de las ciudades m\u00e1s bellas de la regi\u00f3n Marche. Nos complace ofrecerle cada d\u00eda una experiencia de hospitalidad \u00fanica, llena de elegancia, confort, [&hellip;]\" \/>\n<meta property=\"og:url\" content=\"https:\/\/www.laperlapreziosa.com\/es\/hotel\/\" \/>\n<meta property=\"og:site_name\" content=\"Hotel La Perla Preziosa\" \/>\n<meta property=\"article:modified_time\" content=\"2018-03-14T14:40:30+00:00\" \/>\n<meta name=\"twitter:card\" content=\"summary_large_image\" \/>\n<meta name=\"twitter:label1\" content=\"Tiempo de lectura\" \/>\n\t<meta name=\"twitter:data1\" content=\"1 minuto\" \/>\n<script type=\"application\/ld+json\" class=\"yoast-schema-graph\">{\"@context\":\"https:\/\/schema.org\",\"@graph\":[{\"@type\":\"WebPage\",\"@id\":\"https:\/\/www.laperlapreziosa.com\/es\/hotel\/\",\"url\":\"https:\/\/www.laperlapreziosa.com\/es\/hotel\/\",\"name\":\"Hotel - Hotel La Perla Preziosa\",\"isPartOf\":{\"@id\":\"https:\/\/www.laperlapreziosa.com\/#website\"},\"datePublished\":\"2017-03-31T13:50:27+00:00\",\"dateModified\":\"2018-03-14T14:40:30+00:00\",\"breadcrumb\":{\"@id\":\"https:\/\/www.laperlapreziosa.com\/es\/hotel\/#breadcrumb\"},\"inLanguage\":\"es\",\"potentialAction\":[{\"@type\":\"ReadAction\",\"target\":[\"https:\/\/www.laperlapreziosa.com\/es\/hotel\/\"]}]},{\"@type\":\"BreadcrumbList\",\"@id\":\"https:\/\/www.laperlapreziosa.com\/es\/hotel\/#breadcrumb\",\"itemListElement\":[{\"@type\":\"ListItem\",\"position\":1,\"name\":\"Home\",\"item\":\"https:\/\/www.laperlapreziosa.com\/es\/\"},{\"@type\":\"ListItem\",\"position\":2,\"name\":\"Hotel\"}]},{\"@type\":\"WebSite\",\"@id\":\"https:\/\/www.laperlapreziosa.com\/#website\",\"url\":\"https:\/\/www.laperlapreziosa.com\/\",\"name\":\"Hotel La Perla Preziosa\",\"description\":\"Albergo a Grottammare\",\"publisher\":{\"@id\":\"https:\/\/www.laperlapreziosa.com\/#organization\"},\"potentialAction\":[{\"@type\":\"SearchAction\",\"target\":{\"@type\":\"EntryPoint\",\"urlTemplate\":\"https:\/\/www.laperlapreziosa.com\/?s={search_term_string}\"},\"query-input\":{\"@type\":\"PropertyValueSpecification\",\"valueRequired\":true,\"valueName\":\"search_term_string\"}}],\"inLanguage\":\"es\"},{\"@type\":\"Organization\",\"@id\":\"https:\/\/www.laperlapreziosa.com\/#organization\",\"name\":\"Hotel La Perla Preziosa\",\"url\":\"https:\/\/www.laperlapreziosa.com\/\",\"logo\":{\"@type\":\"ImageObject\",\"inLanguage\":\"es\",\"@id\":\"https:\/\/www.laperlapreziosa.com\/#\/schema\/logo\/image\/\",\"url\":\"https:\/\/www.laperlapreziosa.com\/wp-content\/uploads\/sites\/24\/logoperla.png\",\"contentUrl\":\"https:\/\/www.laperlapreziosa.com\/wp-content\/uploads\/sites\/24\/logoperla.png\",\"width\":588,\"height\":156,\"caption\":\"Hotel La Perla Preziosa\"},\"image\":{\"@id\":\"https:\/\/www.laperlapreziosa.com\/#\/schema\/logo\/image\/\"}}]}<\/script>\n<!-- \/ Yoast SEO plugin. -->","yoast_head_json":{"title":"Hotel - Hotel La Perla Preziosa","robots":{"index":"index","follow":"follow","max-snippet":"max-snippet:-1","max-image-preview":"max-image-preview:large","max-video-preview":"max-video-preview:-1"},"canonical":"https:\/\/www.laperlapreziosa.com\/es\/hotel\/","og_locale":"es_ES","og_type":"article","og_title":"Hotel - Hotel La Perla Preziosa","og_description":"nos presentamos: La Perla Preziosa &nbsp; le da la bienvenida, hotel de 3 estrellas abierto todo el a\u00f1o, situado en el paseo mar\u00edtimo de Grottammare, en la provincia de Ascoli Piceno, una de las ciudades m\u00e1s bellas de la regi\u00f3n Marche. Nos complace ofrecerle cada d\u00eda una experiencia de hospitalidad \u00fanica, llena de elegancia, confort, [&hellip;]","og_url":"https:\/\/www.laperlapreziosa.com\/es\/hotel\/","og_site_name":"Hotel La Perla Preziosa","article_modified_time":"2018-03-14T14:40:30+00:00","twitter_card":"summary_large_image","twitter_misc":{"Tiempo de lectura":"1 minuto"},"schema":{"@context":"https:\/\/schema.org","@graph":[{"@type":"WebPage","@id":"https:\/\/www.laperlapreziosa.com\/es\/hotel\/","url":"https:\/\/www.laperlapreziosa.com\/es\/hotel\/","name":"Hotel - Hotel La Perla Preziosa","isPartOf":{"@id":"https:\/\/www.laperlapreziosa.com\/#website"},"datePublished":"2017-03-31T13:50:27+00:00","dateModified":"2018-03-14T14:40:30+00:00","breadcrumb":{"@id":"https:\/\/www.laperlapreziosa.com\/es\/hotel\/#breadcrumb"},"inLanguage":"es","potentialAction":[{"@type":"ReadAction","target":["https:\/\/www.laperlapreziosa.com\/es\/hotel\/"]}]},{"@type":"BreadcrumbList","@id":"https:\/\/www.laperlapreziosa.com\/es\/hotel\/#breadcrumb","itemListElement":[{"@type":"ListItem","position":1,"name":"Home","item":"https:\/\/www.laperlapreziosa.com\/es\/"},{"@type":"ListItem","position":2,"name":"Hotel"}]},{"@type":"WebSite","@id":"https:\/\/www.laperlapreziosa.com\/#website","url":"https:\/\/www.laperlapreziosa.com\/","name":"Hotel La Perla Preziosa","description":"Albergo a Grottammare","publisher":{"@id":"https:\/\/www.laperlapreziosa.com\/#organization"},"potentialAction":[{"@type":"SearchAction","target":{"@type":"EntryPoint","urlTemplate":"https:\/\/www.laperlapreziosa.com\/?s={search_term_string}"},"query-input":{"@type":"PropertyValueSpecification","valueRequired":true,"valueName":"search_term_string"}}],"inLanguage":"es"},{"@type":"Organization","@id":"https:\/\/www.laperlapreziosa.com\/#organization","name":"Hotel La Perla Preziosa","url":"https:\/\/www.laperlapreziosa.com\/","logo":{"@type":"ImageObject","inLanguage":"es","@id":"https:\/\/www.laperlapreziosa.com\/#\/schema\/logo\/image\/","url":"https:\/\/www.laperlapreziosa.com\/wp-content\/uploads\/sites\/24\/logoperla.png","contentUrl":"https:\/\/www.laperlapreziosa.com\/wp-content\/uploads\/sites\/24\/logoperla.png","width":588,"height":156,"caption":"Hotel La Perla Preziosa"},"image":{"@id":"https:\/\/www.laperlapreziosa.com\/#\/schema\/logo\/image\/"}}]}},"publishpress_future_action":{"enabled":false,"date":"2026-04-22 05:06:31","action":"change-status","newStatus":"draft","terms":[],"taxonomy":"translation_priority"},"publishpress_future_workflow_manual_trigger":{"enabledWorkflows":[]},"_links":{"self":[{"href":"https:\/\/www.laperlapreziosa.com\/es\/wp-json\/wp\/v2\/pages\/1076"}],"collection":[{"href":"https:\/\/www.laperlapreziosa.com\/es\/wp-json\/wp\/v2\/pages"}],"about":[{"href":"https:\/\/www.laperlapreziosa.com\/es\/wp-json\/wp\/v2\/types\/page"}],"author":[{"embeddable":true,"href":"https:\/\/www.laperlapreziosa.com\/es\/wp-json\/wp\/v2\/users\/2"}],"replies":[{"embeddable":true,"href":"https:\/\/www.laperlapreziosa.com\/es\/wp-json\/wp\/v2\/comments?post=1076"}],"version-history":[{"count":9,"href":"https:\/\/www.laperlapreziosa.com\/es\/wp-json\/wp\/v2\/pages\/1076\/revisions"}],"predecessor-version":[{"id":1628,"href":"https:\/\/www.laperlapreziosa.com\/es\/wp-json\/wp\/v2\/pages\/1076\/revisions\/1628"}],"wp:attachment":[{"href":"https:\/\/www.laperlapreziosa.com\/es\/wp-json\/wp\/v2\/media?parent=1076"}],"curies":[{"name":"wp","href":"https:\/\/api.w.org\/{rel}","templated":true}]}}