{"id":1138,"date":"2018-02-01T11:18:15","date_gmt":"2018-02-01T10:18:15","guid":{"rendered":"http:\/\/www.geteasysite.it\/laperlapreziosa\/domande-frequenti\/"},"modified":"2018-03-09T10:43:29","modified_gmt":"2018-03-09T09:43:29","slug":"preguntas-mas-frecuentes","status":"publish","type":"page","link":"https:\/\/www.laperlapreziosa.com\/es\/preguntas-mas-frecuentes\/","title":{"rendered":"Preguntas m\u00e1s frecuentes"},"content":{"rendered":"<p>Estas son las preguntas que m\u00e1s nos piden nuestros clientes: entre las respuestas puede encontrar la informaci\u00f3n que busca. Por supuesto que estamos a su disposici\u00f3n para cualquier otra pregunta. Puede ponerse en contacto con nosotros por correo electr\u00f3nico, en info@laperlapreziosa.com, o por tel\u00e9fono + 390735-631498, en Skype o a trav\u00e9s de Facebook en la direcci\u00f3n indicada en los contactos del hotel.<\/p>\n<p><strong>1. A qu\u00e9 hora es la habitaci\u00f3n que he reservado?<\/strong><br \/>\nNuestro objetivo es reducir su espera tan pronto como sea posible! Si su habitaci\u00f3n no ha sido ocupada la noche antes del d\u00eda de su llegada, usted encontrar\u00e1 la habitaci\u00f3n ya listo desde la ma\u00f1ana. Si no es as\u00ed, lo prepararemos para usted tan pronto como se libere, con el m\u00e1ximo cuidado para una limpieza perfecta y un reordenamiento completo de la habitaci\u00f3n asegur\u00e1ndose de que despu\u00e9s de las 14.00 del mismo d\u00eda la sala estar\u00e1 preparada y a su disposici\u00f3n.<\/p>\n<p><strong>2. El d\u00eda de salida \u00bfhasta qu\u00e9 hora puedo usar mi habitaci\u00f3n?<\/strong><br \/>\nLa habitaci\u00f3n del d\u00eda de salida debe ser desocupada a las 10.00 horas. A petici\u00f3n, y dependiendo de la disponibilidad, el uso de la habitaci\u00f3n puede ser programado por un tiempo extendido (por ejemplo hasta la noche). Sin embargo, la opci\u00f3n debe estar expresamente acordada con la recepci\u00f3n y puede proporcionar un coste adicional (uso diurno).<\/p>\n<p><strong>3. D\u00f3nde puedo estacionar mi coche?<\/strong><br \/>\nEl Hotel la perla invaluable tiene (hasta agotado) un aparcamiento vallado pero no vigilado, (al precio de Euro 3\/5 por d\u00eda dependiendo de la estacionalidad) le recomendamos la reserva del lugar, que est\u00e1 sujeto a verificaci\u00f3n de disponibilidad. Sin embargo, para aquellos que quieran hacer uso gratuito del aparcamiento p\u00fablico, la zona tiene suficiente cantidad en las cercan\u00edas del hotel.<\/p>\n<p><strong>4. C\u00f3mo se organiza el servicio de playa?<\/strong><br \/>\nEl Hotel la perla invaluable tiene ba\u00f1o privado con todos los servicios. Todos los clientes pueden usarlo gratis como incluido en la tarifa del hotel. Cada habitaci\u00f3n de hotel tiene de hecho disponible n 1 sombrilla, n 1 tumbona, n 1 cama de sol. Se excluyen las primeras 4 hileras que dan al mar. Lo mismo se puede reservar por una peque\u00f1a tarifa y dependiendo de la disponibilidad.<\/p>\n<p><strong>5. Eel Hotel est\u00e1 abierto durante todo el a\u00f1o? \u00bfel restaurante est\u00e1 siempre operativo?<\/strong><br \/>\nEl Hotel la perla invaluable est\u00e1 abierto 345 d\u00edas al a\u00f1o, excepto por un peque\u00f1o periodo del 3 de enero al 26 de enero de cada a\u00f1o. El servicio de restaurante est\u00e1 siempre operativo y se lleva a cabo en la Locanda Tipic\u00f2 (restaurante tambi\u00e9n abierto al p\u00fablico fuera del hotel), a lo largo del per\u00edodo, excepto para el per\u00edodo de verano (de junio a septiembre), cuando se abre, tambi\u00e9n, el restaurante Titanic. El desayuno se puede consumir ininterrumpidamente de 08:00 a.m. a 9:30 a.m. Almuerzo en lugar de 1:45 y cena de 19:45 a 8:45 p.m.<\/p>\n<p><strong>6. Est\u00e1 organizado el Hotel para acomodar a los ni\u00f1os peque\u00f1os?<\/strong><br \/>\nEl Hotel la perla de gran valor ha sido anfitri\u00f3n desde hace muchos a\u00f1os, incluso los ni\u00f1os m\u00e1s peque\u00f1os con el mismo estilo impecable con el que acoge a todos sus clientes. En particular, con respecto a la restauraci\u00f3n, no hay ning\u00fan problema para la preparaci\u00f3n de comidas y platos especiales bajo petici\u00f3n (con aviso directamente en nuestro restaurante). Tambi\u00e9n dentro del restaurante se encuentra un rinc\u00f3n especial perfectamente equipado y disponible para todas las mam\u00e1s que lo soliciten. Nota: el acceso al restaurante para ni\u00f1os de hasta 3 a\u00f1os est\u00e1 permitido 30 minutos antes de la apertura para todos los clientes. (ver tambi\u00e9n el sitio web de Family Hotel)<\/p>\n<p><strong>7. Qu\u00e9 tipo de servicio ofrece el restaurante del Hotel?<\/strong><br \/>\nEl restaurante Titanic y la Locanda Tipic\u00f2, comisariada por el Ma\u00eetre Paolo ciroe, son el orgullo del hotel y cuentan con una larga tradici\u00f3n por el alto nivel de servicio y calidad de la cocina, dirigida por el chef Lorenzo Davila. Durante la temporada de verano, es posible almorzar o cenar en el Hotel eligiendo entre una rica serie de platos ofrecidos desde el men\u00fa del d\u00eda, (men\u00fas siempre diferentes, con opci\u00f3n entre 3 primeros y 3 segundos basado en carne y pescado con rico buffet de verduras, adem\u00e1s de la luz del men\u00fa y la M En\u00f9 ni\u00f1os). Cocina con especialidades t\u00edpicas de las marcas e internacionales.<\/p>\n<p><strong>8. Existe la posibilidad de conectarse a Internet?<\/strong><br \/>\nEl Hotel la perla ofrece una valiosa oferta desde cada habitaci\u00f3n del hotel y desde todos los ambientes interiores y exteriores (incluido el jard\u00edn), conexi\u00f3n Wi-Fi a Internet gracias a la completa cobertura inal\u00e1mbrica del hotel. Tambi\u00e9n hay un punto de Internet gratuito y accesible las 24 horas a disposici\u00f3n de los hu\u00e9spedes en la zona de recepci\u00f3n.<\/p>\n<p><strong>9. Qu\u00e9 incluye media pensi\u00f3n y pensi\u00f3n completa?<\/strong><br \/>\nLos que reserven una habitaci\u00f3n con media pensi\u00f3n y pensi\u00f3n completa, adem\u00e1s de la habitaci\u00f3n en la cama y el desayuno, puede elegir entre el almuerzo y la cena en el primer caso, y tiene ambos servicios incluidos en el segundo caso. Las bebidas no est\u00e1n incluidas en los paquetes. Se excluyen las bebidas en el bar, el minibar (se puede activar a petici\u00f3n a un costo de 30 euros por semana, incluyendo 2 botellas de agua, dos bebidas y un succho de fruta para cada d\u00eda y el consumo) puede recibir m\u00e1s informaci\u00f3n poni\u00e9ndose en contacto con el Recepci\u00f3n del hotel.<\/p>\n<p><strong>10. Se admiten mascotas en el Hotel?<\/strong><br \/>\nS\u00ed, pero s\u00f3lo tama\u00f1o peque\u00f1o (m\u00e1x. 7\/8 kg s\u00f3lo se permite en la habitaci\u00f3n y no en el restaurante) y con un peque\u00f1o suplemento (generalmente euro 50.00 semanal-el \u00fanico costo para higienizar la habitaci\u00f3n al comienzo)<\/p>\n<p><strong>11. Es cierto que el ferrocarril pasa por el Hotel?<\/strong><br \/>\nS\u00ed, por desgracia es cierto, en las cercan\u00edas del hotel, pasar las v\u00edas del tren, ya que pasan cerca de cientos de otros hoteles ubicados junto al mar en toda la costa adri\u00e1tica, de Venecia a Brindisi. Por otra parte, en los a\u00f1os 40\/50, cuando se construy\u00f3 el ferrocarril Adri\u00e1tico, las v\u00edas fueron colocadas justo detr\u00e1s del mar, primero porque esas tierras eran incultivables debido a su composici\u00f3n rocosa y arenosa y luego porque, considerada la llanura del litoral Marino era m\u00e1s f\u00e1cil de construir. Nuestro hotel no est\u00e1 muy lejos de las pistas, pero tambi\u00e9n es cierto que el tren pasa r\u00e1pido en 30 segundos, las ventanas est\u00e1n insonorizadas con doble acristalamiento, persianas y cortinas pesadas, por lo que el cierre de los ruidos son aceptables. La ventaja de estar justo en la primera fila en el mar y a un tiro de piedra del casco antiguo, bien vale la pena este peque\u00f1o malestar.<\/p>\n<p><strong>12. Hay un bar dentro del Hotel?<\/strong><br \/>\nS\u00ed, dentro del hotel hay un bar abierto 16 horas al d\u00eda que tambi\u00e9n ofrece una amplia selecci\u00f3n de bebidas largas y cortas, helados y varios aperitivos para ser consumido tambi\u00e9n en el jard\u00edn de la madera de pino en frente, con el signo de buena m\u00fasica, tardes de entretenimiento y piano.<\/p>\n<p><strong>13. Cu\u00e1les son las condiciones de pago del dep\u00f3sito del 20%?<\/strong><br \/>\nOrden postal dirigida al Hotel la perla Precious Sooc Management. Coop en Italia, Via Mediterraneo, 8 Grottammare, 63039 Ascoli Piceno (AP) Italy, transferencia bancaria con iban:&#8230;&#8230;&#8230;&#8230;&#8230;&#8230;&#8230;&#8230;&#8230;&#8230;&#8230;&#8230;&#8230;&#8230;&#8230;&#8230;&#8230;&#8230;&#8230;.. Tan pronto como sea posible, favor de enviar al n\u00famero de fax + 39 0735730959 o por e-mail info@laperlapreziosa.com copia del dep\u00f3sito.<\/p>\n<p><strong>14. Puedo combinar las diferentes ofertas ofrecidas por el Hotel?<\/strong><br \/>\nNo, las distintas ofertas y descuentos realizados por el Hotel no son acumulativos y est\u00e1n destinados a estar relacionados con las propuestas individuales y v\u00e1lidas para el per\u00edodo de tiempo indicado!<\/p>\n<p><strong>15. Puedo tener una habitaci\u00f3n con vistas al mar?<\/strong><br \/>\nEl Hotel ocupa s\u00f3lo unas pocas plantas del edificio; Las habitaciones est\u00e1n situadas en su mayor\u00eda perpendiculares al mar, s\u00f3lo algunas habitaciones tienen una vista de un vistazo al mar. Usted puede solicitar una habitaci\u00f3n frente al mar, (habr\u00e1 una peque\u00f1a tarifa), pero por razones de organizaci\u00f3n no podemos garantizar el 100% de que la solicitud se concede.<\/p>\n<p><strong>16. tengo una alergia\/intolerancia a los alimentos, la enfermedad cel\u00edaca, el Hotel ofrece una nutrici\u00f3n adecuada?<\/strong><br \/>\nUsted puede solicitar la preparaci\u00f3n de platos alternativos, cocinados por separado, sin ning\u00fan tipo de soprapprezzo en el momento de la reserva.<\/p>\n","protected":false},"excerpt":{"rendered":"<p>Estas son las preguntas que m\u00e1s nos piden nuestros clientes: entre las respuestas puede encontrar la informaci\u00f3n que busca. Por supuesto que estamos a su disposici\u00f3n para cualquier otra pregunta. Puede ponerse en contacto con nosotros por correo electr\u00f3nico, en info@laperlapreziosa.com, o por tel\u00e9fono + 390735-631498, en Skype o a trav\u00e9s de Facebook en la [&hellip;]<\/p>\n","protected":false},"author":2,"featured_media":0,"parent":0,"menu_order":0,"comment_status":"closed","ping_status":"closed","template":"","meta":{"_acf_changed":false,"_monsterinsights_skip_tracking":false,"_monsterinsights_sitenote_active":false,"_monsterinsights_sitenote_note":"","_monsterinsights_sitenote_category":0,"footnotes":""},"acf":[],"yoast_head":"<!-- This site is optimized with the Yoast SEO plugin v23.5 - https:\/\/yoast.com\/wordpress\/plugins\/seo\/ -->\n<title>Preguntas m\u00e1s frecuentes - Hotel La Perla Preziosa<\/title>\n<meta name=\"robots\" content=\"index, follow, max-snippet:-1, max-image-preview:large, max-video-preview:-1\" \/>\n<link rel=\"canonical\" href=\"https:\/\/www.laperlapreziosa.com\/es\/preguntas-mas-frecuentes\/\" \/>\n<meta property=\"og:locale\" content=\"es_ES\" \/>\n<meta property=\"og:type\" content=\"article\" \/>\n<meta property=\"og:title\" content=\"Preguntas m\u00e1s frecuentes - Hotel La Perla Preziosa\" \/>\n<meta property=\"og:description\" content=\"Estas son las preguntas que m\u00e1s nos piden nuestros clientes: entre las respuestas puede encontrar la informaci\u00f3n que busca. Por supuesto que estamos a su disposici\u00f3n para cualquier otra pregunta. Puede ponerse en contacto con nosotros por correo electr\u00f3nico, en info@laperlapreziosa.com, o por tel\u00e9fono + 390735-631498, en Skype o a trav\u00e9s de Facebook en la [&hellip;]\" \/>\n<meta property=\"og:url\" content=\"https:\/\/www.laperlapreziosa.com\/es\/preguntas-mas-frecuentes\/\" \/>\n<meta property=\"og:site_name\" content=\"Hotel La Perla Preziosa\" \/>\n<meta property=\"article:modified_time\" content=\"2018-03-09T09:43:29+00:00\" \/>\n<meta name=\"twitter:card\" content=\"summary_large_image\" \/>\n<meta name=\"twitter:label1\" content=\"Tiempo de lectura\" \/>\n\t<meta name=\"twitter:data1\" content=\"7 minutos\" \/>\n<script type=\"application\/ld+json\" class=\"yoast-schema-graph\">{\"@context\":\"https:\/\/schema.org\",\"@graph\":[{\"@type\":\"WebPage\",\"@id\":\"https:\/\/www.laperlapreziosa.com\/es\/preguntas-mas-frecuentes\/\",\"url\":\"https:\/\/www.laperlapreziosa.com\/es\/preguntas-mas-frecuentes\/\",\"name\":\"Preguntas m\u00e1s frecuentes - Hotel La Perla Preziosa\",\"isPartOf\":{\"@id\":\"https:\/\/www.laperlapreziosa.com\/#website\"},\"datePublished\":\"2018-02-01T10:18:15+00:00\",\"dateModified\":\"2018-03-09T09:43:29+00:00\",\"breadcrumb\":{\"@id\":\"https:\/\/www.laperlapreziosa.com\/es\/preguntas-mas-frecuentes\/#breadcrumb\"},\"inLanguage\":\"es\",\"potentialAction\":[{\"@type\":\"ReadAction\",\"target\":[\"https:\/\/www.laperlapreziosa.com\/es\/preguntas-mas-frecuentes\/\"]}]},{\"@type\":\"BreadcrumbList\",\"@id\":\"https:\/\/www.laperlapreziosa.com\/es\/preguntas-mas-frecuentes\/#breadcrumb\",\"itemListElement\":[{\"@type\":\"ListItem\",\"position\":1,\"name\":\"Home\",\"item\":\"https:\/\/www.laperlapreziosa.com\/es\/\"},{\"@type\":\"ListItem\",\"position\":2,\"name\":\"Preguntas m\u00e1s frecuentes\"}]},{\"@type\":\"WebSite\",\"@id\":\"https:\/\/www.laperlapreziosa.com\/#website\",\"url\":\"https:\/\/www.laperlapreziosa.com\/\",\"name\":\"Hotel La Perla Preziosa\",\"description\":\"Albergo a Grottammare\",\"publisher\":{\"@id\":\"https:\/\/www.laperlapreziosa.com\/#organization\"},\"potentialAction\":[{\"@type\":\"SearchAction\",\"target\":{\"@type\":\"EntryPoint\",\"urlTemplate\":\"https:\/\/www.laperlapreziosa.com\/?s={search_term_string}\"},\"query-input\":{\"@type\":\"PropertyValueSpecification\",\"valueRequired\":true,\"valueName\":\"search_term_string\"}}],\"inLanguage\":\"es\"},{\"@type\":\"Organization\",\"@id\":\"https:\/\/www.laperlapreziosa.com\/#organization\",\"name\":\"Hotel La Perla Preziosa\",\"url\":\"https:\/\/www.laperlapreziosa.com\/\",\"logo\":{\"@type\":\"ImageObject\",\"inLanguage\":\"es\",\"@id\":\"https:\/\/www.laperlapreziosa.com\/#\/schema\/logo\/image\/\",\"url\":\"https:\/\/www.laperlapreziosa.com\/wp-content\/uploads\/sites\/24\/logoperla.png\",\"contentUrl\":\"https:\/\/www.laperlapreziosa.com\/wp-content\/uploads\/sites\/24\/logoperla.png\",\"width\":588,\"height\":156,\"caption\":\"Hotel La Perla Preziosa\"},\"image\":{\"@id\":\"https:\/\/www.laperlapreziosa.com\/#\/schema\/logo\/image\/\"}}]}<\/script>\n<!-- \/ Yoast SEO plugin. -->","yoast_head_json":{"title":"Preguntas m\u00e1s frecuentes - Hotel La Perla Preziosa","robots":{"index":"index","follow":"follow","max-snippet":"max-snippet:-1","max-image-preview":"max-image-preview:large","max-video-preview":"max-video-preview:-1"},"canonical":"https:\/\/www.laperlapreziosa.com\/es\/preguntas-mas-frecuentes\/","og_locale":"es_ES","og_type":"article","og_title":"Preguntas m\u00e1s frecuentes - Hotel La Perla Preziosa","og_description":"Estas son las preguntas que m\u00e1s nos piden nuestros clientes: entre las respuestas puede encontrar la informaci\u00f3n que busca. Por supuesto que estamos a su disposici\u00f3n para cualquier otra pregunta. Puede ponerse en contacto con nosotros por correo electr\u00f3nico, en info@laperlapreziosa.com, o por tel\u00e9fono + 390735-631498, en Skype o a trav\u00e9s de Facebook en la [&hellip;]","og_url":"https:\/\/www.laperlapreziosa.com\/es\/preguntas-mas-frecuentes\/","og_site_name":"Hotel La Perla Preziosa","article_modified_time":"2018-03-09T09:43:29+00:00","twitter_card":"summary_large_image","twitter_misc":{"Tiempo de lectura":"7 minutos"},"schema":{"@context":"https:\/\/schema.org","@graph":[{"@type":"WebPage","@id":"https:\/\/www.laperlapreziosa.com\/es\/preguntas-mas-frecuentes\/","url":"https:\/\/www.laperlapreziosa.com\/es\/preguntas-mas-frecuentes\/","name":"Preguntas m\u00e1s frecuentes - Hotel La Perla Preziosa","isPartOf":{"@id":"https:\/\/www.laperlapreziosa.com\/#website"},"datePublished":"2018-02-01T10:18:15+00:00","dateModified":"2018-03-09T09:43:29+00:00","breadcrumb":{"@id":"https:\/\/www.laperlapreziosa.com\/es\/preguntas-mas-frecuentes\/#breadcrumb"},"inLanguage":"es","potentialAction":[{"@type":"ReadAction","target":["https:\/\/www.laperlapreziosa.com\/es\/preguntas-mas-frecuentes\/"]}]},{"@type":"BreadcrumbList","@id":"https:\/\/www.laperlapreziosa.com\/es\/preguntas-mas-frecuentes\/#breadcrumb","itemListElement":[{"@type":"ListItem","position":1,"name":"Home","item":"https:\/\/www.laperlapreziosa.com\/es\/"},{"@type":"ListItem","position":2,"name":"Preguntas m\u00e1s frecuentes"}]},{"@type":"WebSite","@id":"https:\/\/www.laperlapreziosa.com\/#website","url":"https:\/\/www.laperlapreziosa.com\/","name":"Hotel La Perla Preziosa","description":"Albergo a Grottammare","publisher":{"@id":"https:\/\/www.laperlapreziosa.com\/#organization"},"potentialAction":[{"@type":"SearchAction","target":{"@type":"EntryPoint","urlTemplate":"https:\/\/www.laperlapreziosa.com\/?s={search_term_string}"},"query-input":{"@type":"PropertyValueSpecification","valueRequired":true,"valueName":"search_term_string"}}],"inLanguage":"es"},{"@type":"Organization","@id":"https:\/\/www.laperlapreziosa.com\/#organization","name":"Hotel La Perla Preziosa","url":"https:\/\/www.laperlapreziosa.com\/","logo":{"@type":"ImageObject","inLanguage":"es","@id":"https:\/\/www.laperlapreziosa.com\/#\/schema\/logo\/image\/","url":"https:\/\/www.laperlapreziosa.com\/wp-content\/uploads\/sites\/24\/logoperla.png","contentUrl":"https:\/\/www.laperlapreziosa.com\/wp-content\/uploads\/sites\/24\/logoperla.png","width":588,"height":156,"caption":"Hotel La Perla Preziosa"},"image":{"@id":"https:\/\/www.laperlapreziosa.com\/#\/schema\/logo\/image\/"}}]}},"publishpress_future_action":{"enabled":false,"date":"2026-05-07 21:54:05","action":"change-status","newStatus":"draft","terms":[],"taxonomy":"translation_priority"},"publishpress_future_workflow_manual_trigger":{"enabledWorkflows":[]},"_links":{"self":[{"href":"https:\/\/www.laperlapreziosa.com\/es\/wp-json\/wp\/v2\/pages\/1138"}],"collection":[{"href":"https:\/\/www.laperlapreziosa.com\/es\/wp-json\/wp\/v2\/pages"}],"about":[{"href":"https:\/\/www.laperlapreziosa.com\/es\/wp-json\/wp\/v2\/types\/page"}],"author":[{"embeddable":true,"href":"https:\/\/www.laperlapreziosa.com\/es\/wp-json\/wp\/v2\/users\/2"}],"replies":[{"embeddable":true,"href":"https:\/\/www.laperlapreziosa.com\/es\/wp-json\/wp\/v2\/comments?post=1138"}],"version-history":[{"count":3,"href":"https:\/\/www.laperlapreziosa.com\/es\/wp-json\/wp\/v2\/pages\/1138\/revisions"}],"predecessor-version":[{"id":1576,"href":"https:\/\/www.laperlapreziosa.com\/es\/wp-json\/wp\/v2\/pages\/1138\/revisions\/1576"}],"wp:attachment":[{"href":"https:\/\/www.laperlapreziosa.com\/es\/wp-json\/wp\/v2\/media?parent=1138"}],"curies":[{"name":"wp","href":"https:\/\/api.w.org\/{rel}","templated":true}]}}