{"id":1153,"date":"2018-01-19T10:29:36","date_gmt":"2018-01-19T09:29:36","guid":{"rendered":"http:\/\/www.geteasysite.it\/laperlapreziosa\/territorio\/"},"modified":"2018-03-02T10:15:26","modified_gmt":"2018-03-02T09:15:26","slug":"territorio","status":"publish","type":"page","link":"https:\/\/www.laperlapreziosa.com\/es\/territorio\/","title":{"rendered":"Territorio"},"content":{"rendered":"<p>Su nombre deriva de \u00abGrotte a Mare\u00bb y se remonta a los siglos XI-XI, aunque algunos historiadores remontan su origen a una \u00e9poca anterior, tras el descubrimiento de algunos elementos pertenecientes a una necr\u00f3polis de Picena.<\/p>\n<blockquote><p>&nbsp;<\/p>\n<p>El antiguo pueblo, ubicado en la parte m\u00e1s alta de la ciudad donde se puede disfrutar de una vista maravillosa, tiene una planta t\u00edpicamente medieval, con un plan irregular: cerrado por el palacio anterior, la torre c\u00edvica, la iglesia, las caba\u00f1as y el teatro. El lado este de la plaza est\u00e1 casi completamente ocupado por el Teatro dell&#8217;Arancio. Se remonta a finales del siglo XVIII y toma su nombre del naranjo, que originalmente se encontraba en el centro de la plaza. Podeis admirar las villas Art Nouveau, junto al mar a lo largo de Viale Cristoforo Colombo. Grottammare, en la Riviera delle Palme, es un destino de vacaciones ideal. Ya conocido balneario del siglo XIX cuenta con kil\u00f3metros de playa del mar Adri\u00e1tico suave de la m\u00e1s cristalina que cuenta con todos los veranos con la Bandera Azul. Exuberantes jardines, campos de naranjos y exuberantes turistas l\u00ednea de costa de bienvenida en cualquier \u00e9poca del a\u00f1o, gracias a una clima muy templado y templado. Parques y bosques de pinos y senderos peatonales para ciclistas cerca de la playa hacen que la estancia en Grottammare sea especialmente adecuada para el descanso y la recreaci\u00f3n.<\/p><\/blockquote>\n<p>Il Piceno: desde la costa hasta las monta\u00f1as cubiertas de nieve, \u00a1un \u00fanico gran escenario! Antiguo l\u00edmite del Estado Pontificio con el Reino de N\u00e1poles y el Chienti, los Sibillini y el Mar Adri\u00e1tico.<\/p>\n<blockquote><p>&nbsp;<\/p>\n<p>Una multitud de patrimonio cultural y ambiental, dos parques naturales, los Montes Sibilinos Nacional Gran Sasso y Monti della Laga; un paisaje monta\u00f1oso armoniosamente modelada con el tiempo, las tradiciones artesanales finos, que no molestan a los clientes, sino que lo cumplen en un bot\u00f3n y zona tranquila al mismo tiempo, una hermosa costa que corre por el territorio a lo largo de la longitud con variaciones de paisaje. Un clima favorable, pero tambi\u00e9n un clima humano c\u00e1lido y amigable. Las tierras de cultivo t\u00edpico de producir cultivos de frutas mediterr\u00e1neas, como el olivo y la vid, cuyas zonas de producci\u00f3n se encuentra en la cresta norte del valle medio y bajo del Tronto. Desde los Apeninos, a las colinas, al mar Adri\u00e1tico, entre castillos y cuevas, r\u00edos y coloridos festivales; en coche, a caballo, en bicicleta, bicicleta de monta\u00f1a oa pie o en moto y Vespa, todos te calientan agradables sorpresas: hermoso paisaje de monta\u00f1a, ver las colinas con castillos o cubiertas de vi\u00f1edos, playas rom\u00e1nticas en el mar. Numerosos itinerarios, rutas y caminos para satisfacer sus deseos y satisfacer su pasi\u00f3n en un ambiente relajado en una tierra de antiguas tradiciones y sabores \u00fanicos como Tierras del Piceno.<\/p><\/blockquote>\n","protected":false},"excerpt":{"rendered":"<p>Su nombre deriva de \u00abGrotte a Mare\u00bb y se remonta a los siglos XI-XI, aunque algunos historiadores remontan su origen a una \u00e9poca anterior, tras el descubrimiento de algunos elementos pertenecientes a una necr\u00f3polis de Picena. &nbsp; El antiguo pueblo, ubicado en la parte m\u00e1s alta de la ciudad donde se puede disfrutar de una [&hellip;]<\/p>\n","protected":false},"author":11,"featured_media":0,"parent":0,"menu_order":0,"comment_status":"closed","ping_status":"closed","template":"page-gallery.php","meta":{"_acf_changed":false,"_monsterinsights_skip_tracking":false,"_monsterinsights_sitenote_active":false,"_monsterinsights_sitenote_note":"","_monsterinsights_sitenote_category":0,"footnotes":""},"acf":[],"yoast_head":"<!-- This site is optimized with the Yoast SEO plugin v23.5 - https:\/\/yoast.com\/wordpress\/plugins\/seo\/ -->\n<title>Territorio - Hotel La Perla Preziosa<\/title>\n<meta name=\"robots\" content=\"index, follow, max-snippet:-1, max-image-preview:large, max-video-preview:-1\" \/>\n<link rel=\"canonical\" href=\"https:\/\/www.laperlapreziosa.com\/es\/territorio\/\" \/>\n<meta property=\"og:locale\" content=\"es_ES\" \/>\n<meta property=\"og:type\" content=\"article\" \/>\n<meta property=\"og:title\" content=\"Territorio - Hotel La Perla Preziosa\" \/>\n<meta property=\"og:description\" content=\"Su nombre deriva de \u00abGrotte a Mare\u00bb y se remonta a los siglos XI-XI, aunque algunos historiadores remontan su origen a una \u00e9poca anterior, tras el descubrimiento de algunos elementos pertenecientes a una necr\u00f3polis de Picena. &nbsp; El antiguo pueblo, ubicado en la parte m\u00e1s alta de la ciudad donde se puede disfrutar de una [&hellip;]\" \/>\n<meta property=\"og:url\" content=\"https:\/\/www.laperlapreziosa.com\/es\/territorio\/\" \/>\n<meta property=\"og:site_name\" content=\"Hotel La Perla Preziosa\" \/>\n<meta property=\"article:modified_time\" content=\"2018-03-02T09:15:26+00:00\" \/>\n<meta name=\"twitter:card\" content=\"summary_large_image\" \/>\n<meta name=\"twitter:label1\" content=\"Tiempo de lectura\" \/>\n\t<meta name=\"twitter:data1\" content=\"2 minutos\" \/>\n<script type=\"application\/ld+json\" class=\"yoast-schema-graph\">{\"@context\":\"https:\/\/schema.org\",\"@graph\":[{\"@type\":\"WebPage\",\"@id\":\"https:\/\/www.laperlapreziosa.com\/es\/territorio\/\",\"url\":\"https:\/\/www.laperlapreziosa.com\/es\/territorio\/\",\"name\":\"Territorio - Hotel La Perla Preziosa\",\"isPartOf\":{\"@id\":\"https:\/\/www.laperlapreziosa.com\/#website\"},\"datePublished\":\"2018-01-19T09:29:36+00:00\",\"dateModified\":\"2018-03-02T09:15:26+00:00\",\"breadcrumb\":{\"@id\":\"https:\/\/www.laperlapreziosa.com\/es\/territorio\/#breadcrumb\"},\"inLanguage\":\"es\",\"potentialAction\":[{\"@type\":\"ReadAction\",\"target\":[\"https:\/\/www.laperlapreziosa.com\/es\/territorio\/\"]}]},{\"@type\":\"BreadcrumbList\",\"@id\":\"https:\/\/www.laperlapreziosa.com\/es\/territorio\/#breadcrumb\",\"itemListElement\":[{\"@type\":\"ListItem\",\"position\":1,\"name\":\"Home\",\"item\":\"https:\/\/www.laperlapreziosa.com\/es\/\"},{\"@type\":\"ListItem\",\"position\":2,\"name\":\"Territorio\"}]},{\"@type\":\"WebSite\",\"@id\":\"https:\/\/www.laperlapreziosa.com\/#website\",\"url\":\"https:\/\/www.laperlapreziosa.com\/\",\"name\":\"Hotel La Perla Preziosa\",\"description\":\"Albergo a Grottammare\",\"publisher\":{\"@id\":\"https:\/\/www.laperlapreziosa.com\/#organization\"},\"potentialAction\":[{\"@type\":\"SearchAction\",\"target\":{\"@type\":\"EntryPoint\",\"urlTemplate\":\"https:\/\/www.laperlapreziosa.com\/?s={search_term_string}\"},\"query-input\":{\"@type\":\"PropertyValueSpecification\",\"valueRequired\":true,\"valueName\":\"search_term_string\"}}],\"inLanguage\":\"es\"},{\"@type\":\"Organization\",\"@id\":\"https:\/\/www.laperlapreziosa.com\/#organization\",\"name\":\"Hotel La Perla Preziosa\",\"url\":\"https:\/\/www.laperlapreziosa.com\/\",\"logo\":{\"@type\":\"ImageObject\",\"inLanguage\":\"es\",\"@id\":\"https:\/\/www.laperlapreziosa.com\/#\/schema\/logo\/image\/\",\"url\":\"https:\/\/www.laperlapreziosa.com\/wp-content\/uploads\/sites\/24\/logoperla.png\",\"contentUrl\":\"https:\/\/www.laperlapreziosa.com\/wp-content\/uploads\/sites\/24\/logoperla.png\",\"width\":588,\"height\":156,\"caption\":\"Hotel La Perla Preziosa\"},\"image\":{\"@id\":\"https:\/\/www.laperlapreziosa.com\/#\/schema\/logo\/image\/\"}}]}<\/script>\n<!-- \/ Yoast SEO plugin. -->","yoast_head_json":{"title":"Territorio - Hotel La Perla Preziosa","robots":{"index":"index","follow":"follow","max-snippet":"max-snippet:-1","max-image-preview":"max-image-preview:large","max-video-preview":"max-video-preview:-1"},"canonical":"https:\/\/www.laperlapreziosa.com\/es\/territorio\/","og_locale":"es_ES","og_type":"article","og_title":"Territorio - Hotel La Perla Preziosa","og_description":"Su nombre deriva de \u00abGrotte a Mare\u00bb y se remonta a los siglos XI-XI, aunque algunos historiadores remontan su origen a una \u00e9poca anterior, tras el descubrimiento de algunos elementos pertenecientes a una necr\u00f3polis de Picena. &nbsp; El antiguo pueblo, ubicado en la parte m\u00e1s alta de la ciudad donde se puede disfrutar de una [&hellip;]","og_url":"https:\/\/www.laperlapreziosa.com\/es\/territorio\/","og_site_name":"Hotel La Perla Preziosa","article_modified_time":"2018-03-02T09:15:26+00:00","twitter_card":"summary_large_image","twitter_misc":{"Tiempo de lectura":"2 minutos"},"schema":{"@context":"https:\/\/schema.org","@graph":[{"@type":"WebPage","@id":"https:\/\/www.laperlapreziosa.com\/es\/territorio\/","url":"https:\/\/www.laperlapreziosa.com\/es\/territorio\/","name":"Territorio - Hotel La Perla Preziosa","isPartOf":{"@id":"https:\/\/www.laperlapreziosa.com\/#website"},"datePublished":"2018-01-19T09:29:36+00:00","dateModified":"2018-03-02T09:15:26+00:00","breadcrumb":{"@id":"https:\/\/www.laperlapreziosa.com\/es\/territorio\/#breadcrumb"},"inLanguage":"es","potentialAction":[{"@type":"ReadAction","target":["https:\/\/www.laperlapreziosa.com\/es\/territorio\/"]}]},{"@type":"BreadcrumbList","@id":"https:\/\/www.laperlapreziosa.com\/es\/territorio\/#breadcrumb","itemListElement":[{"@type":"ListItem","position":1,"name":"Home","item":"https:\/\/www.laperlapreziosa.com\/es\/"},{"@type":"ListItem","position":2,"name":"Territorio"}]},{"@type":"WebSite","@id":"https:\/\/www.laperlapreziosa.com\/#website","url":"https:\/\/www.laperlapreziosa.com\/","name":"Hotel La Perla Preziosa","description":"Albergo a Grottammare","publisher":{"@id":"https:\/\/www.laperlapreziosa.com\/#organization"},"potentialAction":[{"@type":"SearchAction","target":{"@type":"EntryPoint","urlTemplate":"https:\/\/www.laperlapreziosa.com\/?s={search_term_string}"},"query-input":{"@type":"PropertyValueSpecification","valueRequired":true,"valueName":"search_term_string"}}],"inLanguage":"es"},{"@type":"Organization","@id":"https:\/\/www.laperlapreziosa.com\/#organization","name":"Hotel La Perla Preziosa","url":"https:\/\/www.laperlapreziosa.com\/","logo":{"@type":"ImageObject","inLanguage":"es","@id":"https:\/\/www.laperlapreziosa.com\/#\/schema\/logo\/image\/","url":"https:\/\/www.laperlapreziosa.com\/wp-content\/uploads\/sites\/24\/logoperla.png","contentUrl":"https:\/\/www.laperlapreziosa.com\/wp-content\/uploads\/sites\/24\/logoperla.png","width":588,"height":156,"caption":"Hotel La Perla Preziosa"},"image":{"@id":"https:\/\/www.laperlapreziosa.com\/#\/schema\/logo\/image\/"}}]}},"publishpress_future_action":{"enabled":false,"date":"2026-05-19 19:54:42","action":"change-status","newStatus":"draft","terms":[],"taxonomy":"translation_priority"},"publishpress_future_workflow_manual_trigger":{"enabledWorkflows":[]},"_links":{"self":[{"href":"https:\/\/www.laperlapreziosa.com\/es\/wp-json\/wp\/v2\/pages\/1153"}],"collection":[{"href":"https:\/\/www.laperlapreziosa.com\/es\/wp-json\/wp\/v2\/pages"}],"about":[{"href":"https:\/\/www.laperlapreziosa.com\/es\/wp-json\/wp\/v2\/types\/page"}],"author":[{"embeddable":true,"href":"https:\/\/www.laperlapreziosa.com\/es\/wp-json\/wp\/v2\/users\/11"}],"replies":[{"embeddable":true,"href":"https:\/\/www.laperlapreziosa.com\/es\/wp-json\/wp\/v2\/comments?post=1153"}],"version-history":[{"count":3,"href":"https:\/\/www.laperlapreziosa.com\/es\/wp-json\/wp\/v2\/pages\/1153\/revisions"}],"predecessor-version":[{"id":1330,"href":"https:\/\/www.laperlapreziosa.com\/es\/wp-json\/wp\/v2\/pages\/1153\/revisions\/1330"}],"wp:attachment":[{"href":"https:\/\/www.laperlapreziosa.com\/es\/wp-json\/wp\/v2\/media?parent=1153"}],"curies":[{"name":"wp","href":"https:\/\/api.w.org\/{rel}","templated":true}]}}