{"id":988,"date":"2018-02-07T17:03:22","date_gmt":"2018-02-07T16:03:22","guid":{"rendered":"http:\/\/www.geteasysite.it\/laperlapreziosa\/?page_id=988"},"modified":"2018-03-23T18:19:39","modified_gmt":"2018-03-23T17:19:39","slug":"habitaciones","status":"publish","type":"page","link":"https:\/\/www.laperlapreziosa.com\/es\/habitaciones\/","title":{"rendered":"Habitaciones"},"content":{"rendered":"<p>El hotel La Perla Preziosa tiene 50 habitaciones ubicadas en dos edificios adyacentes. Las habitaciones de diferentes tipos, doble uso individual, doble, triple y cu\u00e1druple, pueden satisfacer sus m\u00e1s variadas necesidades. Todas las habitaciones tienen una terraza \/ balc\u00f3n luminoso y confortable, equipadas con aire acondicionado, Wi-Fi, tel\u00e9fono de l\u00ednea directa, caja fuerte, TV LED, secador de pelo, minibar con activaci\u00f3n bajo petici\u00f3n, calentador de agua, plancha a pedido.<\/p>\n<p>&nbsp;<\/p>\n<p>Los servicios del hotel incluyen dep\u00f3sito de equipaje, servicio de planchado y lavander\u00eda (de pago), servicio de habitaciones (bajo petici\u00f3n), gran bar con mesas y sof\u00e1s, restaurante, posada, centro de negozio disponible para clientes que trabajan, servicio de transporte a petici\u00f3n (hacia y desde los aeropuertos de Ancona y Pescara y excursiones en la zona).<\/p>\n","protected":false},"excerpt":{"rendered":"<p>El hotel La Perla Preziosa tiene 50 habitaciones ubicadas en dos edificios adyacentes. Las habitaciones de diferentes tipos, doble uso individual, doble, triple y cu\u00e1druple, pueden satisfacer sus m\u00e1s variadas necesidades. Todas las habitaciones tienen una terraza \/ balc\u00f3n luminoso y confortable, equipadas con aire acondicionado, Wi-Fi, tel\u00e9fono de l\u00ednea directa, caja fuerte, TV LED, [&hellip;]<\/p>\n","protected":false},"author":1,"featured_media":42681,"parent":0,"menu_order":0,"comment_status":"closed","ping_status":"closed","template":"page-camere.php","meta":{"_acf_changed":false,"_monsterinsights_skip_tracking":false,"_monsterinsights_sitenote_active":false,"_monsterinsights_sitenote_note":"","_monsterinsights_sitenote_category":0,"footnotes":""},"acf":[],"yoast_head":"<!-- This site is optimized with the Yoast SEO plugin v23.5 - https:\/\/yoast.com\/wordpress\/plugins\/seo\/ -->\n<title>Habitaciones - Hotel La Perla Preziosa<\/title>\n<meta name=\"robots\" content=\"index, follow, max-snippet:-1, max-image-preview:large, max-video-preview:-1\" \/>\n<link rel=\"canonical\" href=\"https:\/\/www.laperlapreziosa.com\/es\/habitaciones\/\" \/>\n<meta property=\"og:locale\" content=\"es_ES\" \/>\n<meta property=\"og:type\" content=\"article\" \/>\n<meta property=\"og:title\" content=\"Habitaciones - Hotel La Perla Preziosa\" \/>\n<meta property=\"og:description\" content=\"El hotel La Perla Preziosa tiene 50 habitaciones ubicadas en dos edificios adyacentes. Las habitaciones de diferentes tipos, doble uso individual, doble, triple y cu\u00e1druple, pueden satisfacer sus m\u00e1s variadas necesidades. Todas las habitaciones tienen una terraza \/ balc\u00f3n luminoso y confortable, equipadas con aire acondicionado, Wi-Fi, tel\u00e9fono de l\u00ednea directa, caja fuerte, TV LED, [&hellip;]\" \/>\n<meta property=\"og:url\" content=\"https:\/\/www.laperlapreziosa.com\/es\/habitaciones\/\" \/>\n<meta property=\"og:site_name\" content=\"Hotel La Perla Preziosa\" \/>\n<meta property=\"article:modified_time\" content=\"2018-03-23T17:19:39+00:00\" \/>\n<meta name=\"twitter:card\" content=\"summary_large_image\" \/>\n<meta name=\"twitter:label1\" content=\"Tiempo de lectura\" \/>\n\t<meta name=\"twitter:data1\" content=\"1 minuto\" \/>\n<script type=\"application\/ld+json\" class=\"yoast-schema-graph\">{\"@context\":\"https:\/\/schema.org\",\"@graph\":[{\"@type\":\"WebPage\",\"@id\":\"https:\/\/www.laperlapreziosa.com\/es\/habitaciones\/\",\"url\":\"https:\/\/www.laperlapreziosa.com\/es\/habitaciones\/\",\"name\":\"Habitaciones - Hotel La Perla Preziosa\",\"isPartOf\":{\"@id\":\"https:\/\/www.laperlapreziosa.com\/#website\"},\"primaryImageOfPage\":{\"@id\":\"https:\/\/www.laperlapreziosa.com\/es\/habitaciones\/#primaryimage\"},\"image\":{\"@id\":\"https:\/\/www.laperlapreziosa.com\/es\/habitaciones\/#primaryimage\"},\"thumbnailUrl\":\"https:\/\/www.laperlapreziosa.com\/wp-content\/uploads\/sites\/24\/bandiera-verde.png\",\"datePublished\":\"2018-02-07T16:03:22+00:00\",\"dateModified\":\"2018-03-23T17:19:39+00:00\",\"breadcrumb\":{\"@id\":\"https:\/\/www.laperlapreziosa.com\/es\/habitaciones\/#breadcrumb\"},\"inLanguage\":\"es\",\"potentialAction\":[{\"@type\":\"ReadAction\",\"target\":[\"https:\/\/www.laperlapreziosa.com\/es\/habitaciones\/\"]}]},{\"@type\":\"ImageObject\",\"inLanguage\":\"es\",\"@id\":\"https:\/\/www.laperlapreziosa.com\/es\/habitaciones\/#primaryimage\",\"url\":\"https:\/\/www.laperlapreziosa.com\/wp-content\/uploads\/sites\/24\/bandiera-verde.png\",\"contentUrl\":\"https:\/\/www.laperlapreziosa.com\/wp-content\/uploads\/sites\/24\/bandiera-verde.png\",\"width\":\"800\",\"height\":\"660\"},{\"@type\":\"BreadcrumbList\",\"@id\":\"https:\/\/www.laperlapreziosa.com\/es\/habitaciones\/#breadcrumb\",\"itemListElement\":[{\"@type\":\"ListItem\",\"position\":1,\"name\":\"Home\",\"item\":\"https:\/\/www.laperlapreziosa.com\/es\/\"},{\"@type\":\"ListItem\",\"position\":2,\"name\":\"Habitaciones\"}]},{\"@type\":\"WebSite\",\"@id\":\"https:\/\/www.laperlapreziosa.com\/#website\",\"url\":\"https:\/\/www.laperlapreziosa.com\/\",\"name\":\"Hotel La Perla Preziosa\",\"description\":\"Albergo a Grottammare\",\"publisher\":{\"@id\":\"https:\/\/www.laperlapreziosa.com\/#organization\"},\"potentialAction\":[{\"@type\":\"SearchAction\",\"target\":{\"@type\":\"EntryPoint\",\"urlTemplate\":\"https:\/\/www.laperlapreziosa.com\/?s={search_term_string}\"},\"query-input\":{\"@type\":\"PropertyValueSpecification\",\"valueRequired\":true,\"valueName\":\"search_term_string\"}}],\"inLanguage\":\"es\"},{\"@type\":\"Organization\",\"@id\":\"https:\/\/www.laperlapreziosa.com\/#organization\",\"name\":\"Hotel La Perla Preziosa\",\"url\":\"https:\/\/www.laperlapreziosa.com\/\",\"logo\":{\"@type\":\"ImageObject\",\"inLanguage\":\"es\",\"@id\":\"https:\/\/www.laperlapreziosa.com\/#\/schema\/logo\/image\/\",\"url\":\"https:\/\/www.laperlapreziosa.com\/wp-content\/uploads\/sites\/24\/logoperla.png\",\"contentUrl\":\"https:\/\/www.laperlapreziosa.com\/wp-content\/uploads\/sites\/24\/logoperla.png\",\"width\":588,\"height\":156,\"caption\":\"Hotel La Perla Preziosa\"},\"image\":{\"@id\":\"https:\/\/www.laperlapreziosa.com\/#\/schema\/logo\/image\/\"}}]}<\/script>\n<!-- \/ Yoast SEO plugin. -->","yoast_head_json":{"title":"Habitaciones - Hotel La Perla Preziosa","robots":{"index":"index","follow":"follow","max-snippet":"max-snippet:-1","max-image-preview":"max-image-preview:large","max-video-preview":"max-video-preview:-1"},"canonical":"https:\/\/www.laperlapreziosa.com\/es\/habitaciones\/","og_locale":"es_ES","og_type":"article","og_title":"Habitaciones - Hotel La Perla Preziosa","og_description":"El hotel La Perla Preziosa tiene 50 habitaciones ubicadas en dos edificios adyacentes. Las habitaciones de diferentes tipos, doble uso individual, doble, triple y cu\u00e1druple, pueden satisfacer sus m\u00e1s variadas necesidades. Todas las habitaciones tienen una terraza \/ balc\u00f3n luminoso y confortable, equipadas con aire acondicionado, Wi-Fi, tel\u00e9fono de l\u00ednea directa, caja fuerte, TV LED, [&hellip;]","og_url":"https:\/\/www.laperlapreziosa.com\/es\/habitaciones\/","og_site_name":"Hotel La Perla Preziosa","article_modified_time":"2018-03-23T17:19:39+00:00","twitter_card":"summary_large_image","twitter_misc":{"Tiempo de lectura":"1 minuto"},"schema":{"@context":"https:\/\/schema.org","@graph":[{"@type":"WebPage","@id":"https:\/\/www.laperlapreziosa.com\/es\/habitaciones\/","url":"https:\/\/www.laperlapreziosa.com\/es\/habitaciones\/","name":"Habitaciones - Hotel La Perla Preziosa","isPartOf":{"@id":"https:\/\/www.laperlapreziosa.com\/#website"},"primaryImageOfPage":{"@id":"https:\/\/www.laperlapreziosa.com\/es\/habitaciones\/#primaryimage"},"image":{"@id":"https:\/\/www.laperlapreziosa.com\/es\/habitaciones\/#primaryimage"},"thumbnailUrl":"https:\/\/www.laperlapreziosa.com\/wp-content\/uploads\/sites\/24\/bandiera-verde.png","datePublished":"2018-02-07T16:03:22+00:00","dateModified":"2018-03-23T17:19:39+00:00","breadcrumb":{"@id":"https:\/\/www.laperlapreziosa.com\/es\/habitaciones\/#breadcrumb"},"inLanguage":"es","potentialAction":[{"@type":"ReadAction","target":["https:\/\/www.laperlapreziosa.com\/es\/habitaciones\/"]}]},{"@type":"ImageObject","inLanguage":"es","@id":"https:\/\/www.laperlapreziosa.com\/es\/habitaciones\/#primaryimage","url":"https:\/\/www.laperlapreziosa.com\/wp-content\/uploads\/sites\/24\/bandiera-verde.png","contentUrl":"https:\/\/www.laperlapreziosa.com\/wp-content\/uploads\/sites\/24\/bandiera-verde.png","width":"800","height":"660"},{"@type":"BreadcrumbList","@id":"https:\/\/www.laperlapreziosa.com\/es\/habitaciones\/#breadcrumb","itemListElement":[{"@type":"ListItem","position":1,"name":"Home","item":"https:\/\/www.laperlapreziosa.com\/es\/"},{"@type":"ListItem","position":2,"name":"Habitaciones"}]},{"@type":"WebSite","@id":"https:\/\/www.laperlapreziosa.com\/#website","url":"https:\/\/www.laperlapreziosa.com\/","name":"Hotel La Perla Preziosa","description":"Albergo a Grottammare","publisher":{"@id":"https:\/\/www.laperlapreziosa.com\/#organization"},"potentialAction":[{"@type":"SearchAction","target":{"@type":"EntryPoint","urlTemplate":"https:\/\/www.laperlapreziosa.com\/?s={search_term_string}"},"query-input":{"@type":"PropertyValueSpecification","valueRequired":true,"valueName":"search_term_string"}}],"inLanguage":"es"},{"@type":"Organization","@id":"https:\/\/www.laperlapreziosa.com\/#organization","name":"Hotel La Perla Preziosa","url":"https:\/\/www.laperlapreziosa.com\/","logo":{"@type":"ImageObject","inLanguage":"es","@id":"https:\/\/www.laperlapreziosa.com\/#\/schema\/logo\/image\/","url":"https:\/\/www.laperlapreziosa.com\/wp-content\/uploads\/sites\/24\/logoperla.png","contentUrl":"https:\/\/www.laperlapreziosa.com\/wp-content\/uploads\/sites\/24\/logoperla.png","width":588,"height":156,"caption":"Hotel La Perla Preziosa"},"image":{"@id":"https:\/\/www.laperlapreziosa.com\/#\/schema\/logo\/image\/"}}]}},"publishpress_future_action":{"enabled":false,"date":"2026-05-06 10:45:17","action":"change-status","newStatus":"draft","terms":[],"taxonomy":"translation_priority"},"publishpress_future_workflow_manual_trigger":{"enabledWorkflows":[]},"_links":{"self":[{"href":"https:\/\/www.laperlapreziosa.com\/es\/wp-json\/wp\/v2\/pages\/988"}],"collection":[{"href":"https:\/\/www.laperlapreziosa.com\/es\/wp-json\/wp\/v2\/pages"}],"about":[{"href":"https:\/\/www.laperlapreziosa.com\/es\/wp-json\/wp\/v2\/types\/page"}],"author":[{"embeddable":true,"href":"https:\/\/www.laperlapreziosa.com\/es\/wp-json\/wp\/v2\/users\/1"}],"replies":[{"embeddable":true,"href":"https:\/\/www.laperlapreziosa.com\/es\/wp-json\/wp\/v2\/comments?post=988"}],"version-history":[{"count":4,"href":"https:\/\/www.laperlapreziosa.com\/es\/wp-json\/wp\/v2\/pages\/988\/revisions"}],"predecessor-version":[{"id":1319,"href":"https:\/\/www.laperlapreziosa.com\/es\/wp-json\/wp\/v2\/pages\/988\/revisions\/1319"}],"wp:featuredmedia":[{"embeddable":true,"href":"https:\/\/www.laperlapreziosa.com\/es\/wp-json\/wp\/v2\/media\/42681"}],"wp:attachment":[{"href":"https:\/\/www.laperlapreziosa.com\/es\/wp-json\/wp\/v2\/media?parent=988"}],"curies":[{"name":"wp","href":"https:\/\/api.w.org\/{rel}","templated":true}]}}