{"id":1061,"date":"2017-03-30T15:54:34","date_gmt":"2017-03-30T13:54:34","guid":{"rendered":"http:\/\/www.geteasysite.it\/laperlapreziosa\/cucina\/"},"modified":"2018-03-08T12:29:44","modified_gmt":"2018-03-08T11:29:44","slug":"cuisine","status":"publish","type":"page","link":"https:\/\/www.laperlapreziosa.com\/fr\/cuisine\/","title":{"rendered":"Cuisine"},"content":{"rendered":"<p>L&rsquo;h\u00f4tel La Perla Preziosa illustre:<\/p>\n<p>&nbsp;<\/p>\n<p>notre \u00e9l\u00e9gant restaurant \u00ab\u00a0TITANIC\u00a0\u00bb<br \/>\nnotre caract\u00e9ristique Locanda TIPICO &lsquo;,<\/p>\n<p>Le restaurant TITANIC est sur deux niveaux, rejoint par un impressionnant escalier en bois massif, avec de grandes fen\u00eatres panoramiques, donnant sur la plage et la mer. La tradition culinaire de la r\u00e9gion des Marches, int\u00e9rieure et maritime, est flanqu\u00e9e de propositions fra\u00eeches et l\u00e9g\u00e8res, d&rsquo;une cuisine v\u00e9g\u00e9tarienne, de menus sp\u00e9cialement con\u00e7us pour ceux qui aiment le bien-\u00eatre et le bon go\u00fbt. Au TITANIC, vous pourrez d\u00e9guster des plats traditionnels et des plats de poisson de l&rsquo;Adriatique; c\u00e9l\u00e8bre le \u00ab\u00a0brodetto alla SanBenedettese\u00a0\u00bb et le \u00ab\u00a0Olive all&rsquo;Ascolana\u00a0\u00bb. La cuisine du Chef Lorenzo avec son personnel (membres officiels dell<a href=\"http:\/\/www.accademiachefs.it\/\">&lsquo;Accademia del Gusto<\/a>) et notre ma\u00eetre Paolo, rendent chaque repas et d\u00eener tr\u00e8s agr\u00e9able.<\/p>\n<p>Locanda Tipic\u00f2 est meubl\u00e9e dans le style Old West m\u00e9lang\u00e9 avec Pub irlandais, est jeune et avec de fortes caract\u00e9ristiques de convivialit\u00e9 et de familiarit\u00e9.<br \/>\nLe protagoniste du menu est la viande et les produits de la terre. Viande d&rsquo;origine nationale et surtout locale, de race Marchigiana \u00e9lev\u00e9e dans les collines voisines (Ripatransone, Offida, Appignano del Tronto, Rotella). Riche, vari\u00e9 et toujours pr\u00e9par\u00e9 avec des produits de saison et la production locale, km 0, est le buffet avec des l\u00e9gumes grill\u00e9s, pizza rustique, diff\u00e9rents types de viandes, fromages, haricots, salades fra\u00eeches, l\u00e9gumes saut\u00e9s, l\u00e9gumes gratin\u00e9s, salade de riz &#8230;<\/p>\n<p>La principale caract\u00e9ristique de la Tipic\u00f2, en plus des offres quotidiennes, est le menu<br \/>\n\u00ab\u00a0Tout ce que vous pouvez manger\u00a0\u00bb &#8230; pour plus d&rsquo;informations&#8230; <a href=\"http:\/\/www.tipicoitaly.org\/\">www.tipicoitaly.org<\/a><\/p>\n","protected":false},"excerpt":{"rendered":"<p>L&rsquo;h\u00f4tel La Perla Preziosa illustre: &nbsp; notre \u00e9l\u00e9gant restaurant \u00ab\u00a0TITANIC\u00a0\u00bb notre caract\u00e9ristique Locanda TIPICO &lsquo;, Le restaurant TITANIC est sur deux niveaux, rejoint par un impressionnant escalier en bois massif, avec de grandes fen\u00eatres panoramiques, donnant sur la plage et la mer. La tradition culinaire de la r\u00e9gion des Marches, int\u00e9rieure et maritime, est flanqu\u00e9e [&hellip;]<\/p>\n","protected":false},"author":2,"featured_media":0,"parent":0,"menu_order":0,"comment_status":"closed","ping_status":"closed","template":"page-ristorante.php","meta":{"_acf_changed":false,"_monsterinsights_skip_tracking":false,"_monsterinsights_sitenote_active":false,"_monsterinsights_sitenote_note":"","_monsterinsights_sitenote_category":0,"footnotes":""},"acf":[],"yoast_head":"<!-- This site is optimized with the Yoast SEO plugin v23.5 - https:\/\/yoast.com\/wordpress\/plugins\/seo\/ -->\n<title>Cuisine - Hotel La Perla Preziosa<\/title>\n<meta name=\"robots\" content=\"index, follow, max-snippet:-1, max-image-preview:large, max-video-preview:-1\" \/>\n<link rel=\"canonical\" href=\"https:\/\/www.laperlapreziosa.com\/fr\/cuisine\/\" \/>\n<meta property=\"og:locale\" content=\"fr_FR\" \/>\n<meta property=\"og:type\" content=\"article\" \/>\n<meta property=\"og:title\" content=\"Cuisine - Hotel La Perla Preziosa\" \/>\n<meta property=\"og:description\" content=\"L&rsquo;h\u00f4tel La Perla Preziosa illustre: &nbsp; notre \u00e9l\u00e9gant restaurant \u00ab\u00a0TITANIC\u00a0\u00bb notre caract\u00e9ristique Locanda TIPICO &lsquo;, Le restaurant TITANIC est sur deux niveaux, rejoint par un impressionnant escalier en bois massif, avec de grandes fen\u00eatres panoramiques, donnant sur la plage et la mer. La tradition culinaire de la r\u00e9gion des Marches, int\u00e9rieure et maritime, est flanqu\u00e9e [&hellip;]\" \/>\n<meta property=\"og:url\" content=\"https:\/\/www.laperlapreziosa.com\/fr\/cuisine\/\" \/>\n<meta property=\"og:site_name\" content=\"Hotel La Perla Preziosa\" \/>\n<meta property=\"article:modified_time\" content=\"2018-03-08T11:29:44+00:00\" \/>\n<meta name=\"twitter:card\" content=\"summary_large_image\" \/>\n<meta name=\"twitter:label1\" content=\"Dur\u00e9e de lecture estim\u00e9e\" \/>\n\t<meta name=\"twitter:data1\" content=\"1 minute\" \/>\n<script type=\"application\/ld+json\" class=\"yoast-schema-graph\">{\"@context\":\"https:\/\/schema.org\",\"@graph\":[{\"@type\":\"WebPage\",\"@id\":\"https:\/\/www.laperlapreziosa.com\/fr\/cuisine\/\",\"url\":\"https:\/\/www.laperlapreziosa.com\/fr\/cuisine\/\",\"name\":\"Cuisine - Hotel La Perla Preziosa\",\"isPartOf\":{\"@id\":\"https:\/\/www.laperlapreziosa.com\/#website\"},\"datePublished\":\"2017-03-30T13:54:34+00:00\",\"dateModified\":\"2018-03-08T11:29:44+00:00\",\"breadcrumb\":{\"@id\":\"https:\/\/www.laperlapreziosa.com\/fr\/cuisine\/#breadcrumb\"},\"inLanguage\":\"fr-FR\",\"potentialAction\":[{\"@type\":\"ReadAction\",\"target\":[\"https:\/\/www.laperlapreziosa.com\/fr\/cuisine\/\"]}]},{\"@type\":\"BreadcrumbList\",\"@id\":\"https:\/\/www.laperlapreziosa.com\/fr\/cuisine\/#breadcrumb\",\"itemListElement\":[{\"@type\":\"ListItem\",\"position\":1,\"name\":\"Home\",\"item\":\"https:\/\/www.laperlapreziosa.com\/fr\/\"},{\"@type\":\"ListItem\",\"position\":2,\"name\":\"Cuisine\"}]},{\"@type\":\"WebSite\",\"@id\":\"https:\/\/www.laperlapreziosa.com\/#website\",\"url\":\"https:\/\/www.laperlapreziosa.com\/\",\"name\":\"Hotel La Perla Preziosa\",\"description\":\"Albergo a Grottammare\",\"publisher\":{\"@id\":\"https:\/\/www.laperlapreziosa.com\/#organization\"},\"potentialAction\":[{\"@type\":\"SearchAction\",\"target\":{\"@type\":\"EntryPoint\",\"urlTemplate\":\"https:\/\/www.laperlapreziosa.com\/?s={search_term_string}\"},\"query-input\":{\"@type\":\"PropertyValueSpecification\",\"valueRequired\":true,\"valueName\":\"search_term_string\"}}],\"inLanguage\":\"fr-FR\"},{\"@type\":\"Organization\",\"@id\":\"https:\/\/www.laperlapreziosa.com\/#organization\",\"name\":\"Hotel La Perla Preziosa\",\"url\":\"https:\/\/www.laperlapreziosa.com\/\",\"logo\":{\"@type\":\"ImageObject\",\"inLanguage\":\"fr-FR\",\"@id\":\"https:\/\/www.laperlapreziosa.com\/#\/schema\/logo\/image\/\",\"url\":\"https:\/\/www.laperlapreziosa.com\/wp-content\/uploads\/sites\/24\/logoperla.png\",\"contentUrl\":\"https:\/\/www.laperlapreziosa.com\/wp-content\/uploads\/sites\/24\/logoperla.png\",\"width\":588,\"height\":156,\"caption\":\"Hotel La Perla Preziosa\"},\"image\":{\"@id\":\"https:\/\/www.laperlapreziosa.com\/#\/schema\/logo\/image\/\"}}]}<\/script>\n<!-- \/ Yoast SEO plugin. -->","yoast_head_json":{"title":"Cuisine - Hotel La Perla Preziosa","robots":{"index":"index","follow":"follow","max-snippet":"max-snippet:-1","max-image-preview":"max-image-preview:large","max-video-preview":"max-video-preview:-1"},"canonical":"https:\/\/www.laperlapreziosa.com\/fr\/cuisine\/","og_locale":"fr_FR","og_type":"article","og_title":"Cuisine - Hotel La Perla Preziosa","og_description":"L&rsquo;h\u00f4tel La Perla Preziosa illustre: &nbsp; notre \u00e9l\u00e9gant restaurant \u00ab\u00a0TITANIC\u00a0\u00bb notre caract\u00e9ristique Locanda TIPICO &lsquo;, Le restaurant TITANIC est sur deux niveaux, rejoint par un impressionnant escalier en bois massif, avec de grandes fen\u00eatres panoramiques, donnant sur la plage et la mer. La tradition culinaire de la r\u00e9gion des Marches, int\u00e9rieure et maritime, est flanqu\u00e9e [&hellip;]","og_url":"https:\/\/www.laperlapreziosa.com\/fr\/cuisine\/","og_site_name":"Hotel La Perla Preziosa","article_modified_time":"2018-03-08T11:29:44+00:00","twitter_card":"summary_large_image","twitter_misc":{"Dur\u00e9e de lecture estim\u00e9e":"1 minute"},"schema":{"@context":"https:\/\/schema.org","@graph":[{"@type":"WebPage","@id":"https:\/\/www.laperlapreziosa.com\/fr\/cuisine\/","url":"https:\/\/www.laperlapreziosa.com\/fr\/cuisine\/","name":"Cuisine - Hotel La Perla Preziosa","isPartOf":{"@id":"https:\/\/www.laperlapreziosa.com\/#website"},"datePublished":"2017-03-30T13:54:34+00:00","dateModified":"2018-03-08T11:29:44+00:00","breadcrumb":{"@id":"https:\/\/www.laperlapreziosa.com\/fr\/cuisine\/#breadcrumb"},"inLanguage":"fr-FR","potentialAction":[{"@type":"ReadAction","target":["https:\/\/www.laperlapreziosa.com\/fr\/cuisine\/"]}]},{"@type":"BreadcrumbList","@id":"https:\/\/www.laperlapreziosa.com\/fr\/cuisine\/#breadcrumb","itemListElement":[{"@type":"ListItem","position":1,"name":"Home","item":"https:\/\/www.laperlapreziosa.com\/fr\/"},{"@type":"ListItem","position":2,"name":"Cuisine"}]},{"@type":"WebSite","@id":"https:\/\/www.laperlapreziosa.com\/#website","url":"https:\/\/www.laperlapreziosa.com\/","name":"Hotel La Perla Preziosa","description":"Albergo a Grottammare","publisher":{"@id":"https:\/\/www.laperlapreziosa.com\/#organization"},"potentialAction":[{"@type":"SearchAction","target":{"@type":"EntryPoint","urlTemplate":"https:\/\/www.laperlapreziosa.com\/?s={search_term_string}"},"query-input":{"@type":"PropertyValueSpecification","valueRequired":true,"valueName":"search_term_string"}}],"inLanguage":"fr-FR"},{"@type":"Organization","@id":"https:\/\/www.laperlapreziosa.com\/#organization","name":"Hotel La Perla Preziosa","url":"https:\/\/www.laperlapreziosa.com\/","logo":{"@type":"ImageObject","inLanguage":"fr-FR","@id":"https:\/\/www.laperlapreziosa.com\/#\/schema\/logo\/image\/","url":"https:\/\/www.laperlapreziosa.com\/wp-content\/uploads\/sites\/24\/logoperla.png","contentUrl":"https:\/\/www.laperlapreziosa.com\/wp-content\/uploads\/sites\/24\/logoperla.png","width":588,"height":156,"caption":"Hotel La Perla Preziosa"},"image":{"@id":"https:\/\/www.laperlapreziosa.com\/#\/schema\/logo\/image\/"}}]}},"publishpress_future_action":{"enabled":false,"date":"2026-04-17 14:37:16","action":"change-status","newStatus":"draft","terms":[],"taxonomy":"translation_priority"},"publishpress_future_workflow_manual_trigger":{"enabledWorkflows":[]},"_links":{"self":[{"href":"https:\/\/www.laperlapreziosa.com\/fr\/wp-json\/wp\/v2\/pages\/1061"}],"collection":[{"href":"https:\/\/www.laperlapreziosa.com\/fr\/wp-json\/wp\/v2\/pages"}],"about":[{"href":"https:\/\/www.laperlapreziosa.com\/fr\/wp-json\/wp\/v2\/types\/page"}],"author":[{"embeddable":true,"href":"https:\/\/www.laperlapreziosa.com\/fr\/wp-json\/wp\/v2\/users\/2"}],"replies":[{"embeddable":true,"href":"https:\/\/www.laperlapreziosa.com\/fr\/wp-json\/wp\/v2\/comments?post=1061"}],"version-history":[{"count":4,"href":"https:\/\/www.laperlapreziosa.com\/fr\/wp-json\/wp\/v2\/pages\/1061\/revisions"}],"predecessor-version":[{"id":1567,"href":"https:\/\/www.laperlapreziosa.com\/fr\/wp-json\/wp\/v2\/pages\/1061\/revisions\/1567"}],"wp:attachment":[{"href":"https:\/\/www.laperlapreziosa.com\/fr\/wp-json\/wp\/v2\/media?parent=1061"}],"curies":[{"name":"wp","href":"https:\/\/api.w.org\/{rel}","templated":true}]}}