{"id":1070,"date":"2017-03-31T15:50:27","date_gmt":"2017-03-31T13:50:27","guid":{"rendered":"http:\/\/www.geteasysite.it\/laperlapreziosa\/hotel\/"},"modified":"2018-03-02T12:43:43","modified_gmt":"2018-03-02T11:43:43","slug":"hotel","status":"publish","type":"page","link":"https:\/\/www.laperlapreziosa.com\/fr\/hotel\/","title":{"rendered":"H\u00f4tel"},"content":{"rendered":"<h3>Nous nous pr\u00e9sentons:<\/h3>\n<p>La Perla Preziosa vous accueille, h\u00f4tel 3 \u00e9toiles ouvert toute l&rsquo;ann\u00e9e, nous sommes sur le front de mer de Grottammare, dans la province d&rsquo;Ascoli Piceno, l&rsquo;une des plus belles villes de la r\u00e9gion.<br \/>\nNous sommes heureux de vous offrir chaque jour une exp\u00e9rience d&rsquo;hospitalit\u00e9 unique, pleine d&rsquo;\u00e9l\u00e9gance, de confort, de sourire, de bon go\u00fbt et de bonne cuisine.<\/p>\n<p>Le soin et l&rsquo;attention apport\u00e9s \u00e0 chaque client, combin\u00e9s \u00e0 l&rsquo;atmosph\u00e8re \u00e9l\u00e9gante et informelle en m\u00eame temps, renforcent notre philosophie jour apr\u00e8s jour:<\/p>\n<p>&nbsp;<\/p>\n<h5 style=\"text-align: center;\">\u00ab\u00a0vous accueillir en tant qu&rsquo;invit\u00e9s et amis\u00a0\u00bb.<\/h5>\n<p>&nbsp;<\/p>\n<p style=\"text-align: left;\">Pour atteindre cet objectif, nous accordons une grande importance \u00e0 nos collaborateurs, en les consid\u00e9rant comme faisant partie d&rsquo;une famille et en leur demandant de r\u00e9server le m\u00eame traitement \u00e0 leurs invit\u00e9s.<\/p>\n<p>Notre objectif est \u00e9galement de vous offrir un H\u00f4tel Quality \u00e0 bon march\u00e9 et des prix transparents dans un bon emplacement.<br \/>\nMoi et tout mon personnel sera heureux de vous accueillir \u00e0 La Perla Preziosa.<\/p>\n<p>&nbsp;<\/p>\n<h5 style=\"text-align: center;\">\u00c0 bient\u00f4t \u00e0 Grottammare!<\/h5>\n<p style=\"text-align: right;\">Rossella Morganti | hotel manager<\/p>\n<p>&nbsp;<\/p>\n","protected":false},"excerpt":{"rendered":"<p>Nous nous pr\u00e9sentons: La Perla Preziosa vous accueille, h\u00f4tel 3 \u00e9toiles ouvert toute l&rsquo;ann\u00e9e, nous sommes sur le front de mer de Grottammare, dans la province d&rsquo;Ascoli Piceno, l&rsquo;une des plus belles villes de la r\u00e9gion. Nous sommes heureux de vous offrir chaque jour une exp\u00e9rience d&rsquo;hospitalit\u00e9 unique, pleine d&rsquo;\u00e9l\u00e9gance, de confort, de sourire, de [&hellip;]<\/p>\n","protected":false},"author":2,"featured_media":0,"parent":0,"menu_order":0,"comment_status":"closed","ping_status":"closed","template":"page-ristorante.php","meta":{"_acf_changed":false,"_monsterinsights_skip_tracking":false,"_monsterinsights_sitenote_active":false,"_monsterinsights_sitenote_note":"","_monsterinsights_sitenote_category":0,"footnotes":""},"acf":[],"yoast_head":"<!-- This site is optimized with the Yoast SEO plugin v23.5 - https:\/\/yoast.com\/wordpress\/plugins\/seo\/ -->\n<title>H\u00f4tel - Hotel La Perla Preziosa<\/title>\n<meta name=\"robots\" content=\"index, follow, max-snippet:-1, max-image-preview:large, max-video-preview:-1\" \/>\n<link rel=\"canonical\" href=\"https:\/\/www.laperlapreziosa.com\/fr\/hotel\/\" \/>\n<meta property=\"og:locale\" content=\"fr_FR\" \/>\n<meta property=\"og:type\" content=\"article\" \/>\n<meta property=\"og:title\" content=\"H\u00f4tel - Hotel La Perla Preziosa\" \/>\n<meta property=\"og:description\" content=\"Nous nous pr\u00e9sentons: La Perla Preziosa vous accueille, h\u00f4tel 3 \u00e9toiles ouvert toute l&rsquo;ann\u00e9e, nous sommes sur le front de mer de Grottammare, dans la province d&rsquo;Ascoli Piceno, l&rsquo;une des plus belles villes de la r\u00e9gion. Nous sommes heureux de vous offrir chaque jour une exp\u00e9rience d&rsquo;hospitalit\u00e9 unique, pleine d&rsquo;\u00e9l\u00e9gance, de confort, de sourire, de [&hellip;]\" \/>\n<meta property=\"og:url\" content=\"https:\/\/www.laperlapreziosa.com\/fr\/hotel\/\" \/>\n<meta property=\"og:site_name\" content=\"Hotel La Perla Preziosa\" \/>\n<meta property=\"article:modified_time\" content=\"2018-03-02T11:43:43+00:00\" \/>\n<meta name=\"twitter:card\" content=\"summary_large_image\" \/>\n<meta name=\"twitter:label1\" content=\"Dur\u00e9e de lecture estim\u00e9e\" \/>\n\t<meta name=\"twitter:data1\" content=\"1 minute\" \/>\n<script type=\"application\/ld+json\" class=\"yoast-schema-graph\">{\"@context\":\"https:\/\/schema.org\",\"@graph\":[{\"@type\":\"WebPage\",\"@id\":\"https:\/\/www.laperlapreziosa.com\/fr\/hotel\/\",\"url\":\"https:\/\/www.laperlapreziosa.com\/fr\/hotel\/\",\"name\":\"H\u00f4tel - Hotel La Perla Preziosa\",\"isPartOf\":{\"@id\":\"https:\/\/www.laperlapreziosa.com\/#website\"},\"datePublished\":\"2017-03-31T13:50:27+00:00\",\"dateModified\":\"2018-03-02T11:43:43+00:00\",\"breadcrumb\":{\"@id\":\"https:\/\/www.laperlapreziosa.com\/fr\/hotel\/#breadcrumb\"},\"inLanguage\":\"fr-FR\",\"potentialAction\":[{\"@type\":\"ReadAction\",\"target\":[\"https:\/\/www.laperlapreziosa.com\/fr\/hotel\/\"]}]},{\"@type\":\"BreadcrumbList\",\"@id\":\"https:\/\/www.laperlapreziosa.com\/fr\/hotel\/#breadcrumb\",\"itemListElement\":[{\"@type\":\"ListItem\",\"position\":1,\"name\":\"Home\",\"item\":\"https:\/\/www.laperlapreziosa.com\/fr\/\"},{\"@type\":\"ListItem\",\"position\":2,\"name\":\"H\u00f4tel\"}]},{\"@type\":\"WebSite\",\"@id\":\"https:\/\/www.laperlapreziosa.com\/#website\",\"url\":\"https:\/\/www.laperlapreziosa.com\/\",\"name\":\"Hotel La Perla Preziosa\",\"description\":\"Albergo a Grottammare\",\"publisher\":{\"@id\":\"https:\/\/www.laperlapreziosa.com\/#organization\"},\"potentialAction\":[{\"@type\":\"SearchAction\",\"target\":{\"@type\":\"EntryPoint\",\"urlTemplate\":\"https:\/\/www.laperlapreziosa.com\/?s={search_term_string}\"},\"query-input\":{\"@type\":\"PropertyValueSpecification\",\"valueRequired\":true,\"valueName\":\"search_term_string\"}}],\"inLanguage\":\"fr-FR\"},{\"@type\":\"Organization\",\"@id\":\"https:\/\/www.laperlapreziosa.com\/#organization\",\"name\":\"Hotel La Perla Preziosa\",\"url\":\"https:\/\/www.laperlapreziosa.com\/\",\"logo\":{\"@type\":\"ImageObject\",\"inLanguage\":\"fr-FR\",\"@id\":\"https:\/\/www.laperlapreziosa.com\/#\/schema\/logo\/image\/\",\"url\":\"https:\/\/www.laperlapreziosa.com\/wp-content\/uploads\/sites\/24\/logoperla.png\",\"contentUrl\":\"https:\/\/www.laperlapreziosa.com\/wp-content\/uploads\/sites\/24\/logoperla.png\",\"width\":588,\"height\":156,\"caption\":\"Hotel La Perla Preziosa\"},\"image\":{\"@id\":\"https:\/\/www.laperlapreziosa.com\/#\/schema\/logo\/image\/\"}}]}<\/script>\n<!-- \/ Yoast SEO plugin. -->","yoast_head_json":{"title":"H\u00f4tel - Hotel La Perla Preziosa","robots":{"index":"index","follow":"follow","max-snippet":"max-snippet:-1","max-image-preview":"max-image-preview:large","max-video-preview":"max-video-preview:-1"},"canonical":"https:\/\/www.laperlapreziosa.com\/fr\/hotel\/","og_locale":"fr_FR","og_type":"article","og_title":"H\u00f4tel - Hotel La Perla Preziosa","og_description":"Nous nous pr\u00e9sentons: La Perla Preziosa vous accueille, h\u00f4tel 3 \u00e9toiles ouvert toute l&rsquo;ann\u00e9e, nous sommes sur le front de mer de Grottammare, dans la province d&rsquo;Ascoli Piceno, l&rsquo;une des plus belles villes de la r\u00e9gion. Nous sommes heureux de vous offrir chaque jour une exp\u00e9rience d&rsquo;hospitalit\u00e9 unique, pleine d&rsquo;\u00e9l\u00e9gance, de confort, de sourire, de [&hellip;]","og_url":"https:\/\/www.laperlapreziosa.com\/fr\/hotel\/","og_site_name":"Hotel La Perla Preziosa","article_modified_time":"2018-03-02T11:43:43+00:00","twitter_card":"summary_large_image","twitter_misc":{"Dur\u00e9e de lecture estim\u00e9e":"1 minute"},"schema":{"@context":"https:\/\/schema.org","@graph":[{"@type":"WebPage","@id":"https:\/\/www.laperlapreziosa.com\/fr\/hotel\/","url":"https:\/\/www.laperlapreziosa.com\/fr\/hotel\/","name":"H\u00f4tel - Hotel La Perla Preziosa","isPartOf":{"@id":"https:\/\/www.laperlapreziosa.com\/#website"},"datePublished":"2017-03-31T13:50:27+00:00","dateModified":"2018-03-02T11:43:43+00:00","breadcrumb":{"@id":"https:\/\/www.laperlapreziosa.com\/fr\/hotel\/#breadcrumb"},"inLanguage":"fr-FR","potentialAction":[{"@type":"ReadAction","target":["https:\/\/www.laperlapreziosa.com\/fr\/hotel\/"]}]},{"@type":"BreadcrumbList","@id":"https:\/\/www.laperlapreziosa.com\/fr\/hotel\/#breadcrumb","itemListElement":[{"@type":"ListItem","position":1,"name":"Home","item":"https:\/\/www.laperlapreziosa.com\/fr\/"},{"@type":"ListItem","position":2,"name":"H\u00f4tel"}]},{"@type":"WebSite","@id":"https:\/\/www.laperlapreziosa.com\/#website","url":"https:\/\/www.laperlapreziosa.com\/","name":"Hotel La Perla Preziosa","description":"Albergo a Grottammare","publisher":{"@id":"https:\/\/www.laperlapreziosa.com\/#organization"},"potentialAction":[{"@type":"SearchAction","target":{"@type":"EntryPoint","urlTemplate":"https:\/\/www.laperlapreziosa.com\/?s={search_term_string}"},"query-input":{"@type":"PropertyValueSpecification","valueRequired":true,"valueName":"search_term_string"}}],"inLanguage":"fr-FR"},{"@type":"Organization","@id":"https:\/\/www.laperlapreziosa.com\/#organization","name":"Hotel La Perla Preziosa","url":"https:\/\/www.laperlapreziosa.com\/","logo":{"@type":"ImageObject","inLanguage":"fr-FR","@id":"https:\/\/www.laperlapreziosa.com\/#\/schema\/logo\/image\/","url":"https:\/\/www.laperlapreziosa.com\/wp-content\/uploads\/sites\/24\/logoperla.png","contentUrl":"https:\/\/www.laperlapreziosa.com\/wp-content\/uploads\/sites\/24\/logoperla.png","width":588,"height":156,"caption":"Hotel La Perla Preziosa"},"image":{"@id":"https:\/\/www.laperlapreziosa.com\/#\/schema\/logo\/image\/"}}]}},"publishpress_future_action":{"enabled":false,"date":"2026-05-06 22:54:16","action":"change-status","newStatus":"draft","terms":[],"taxonomy":"translation_priority"},"publishpress_future_workflow_manual_trigger":{"enabledWorkflows":[]},"_links":{"self":[{"href":"https:\/\/www.laperlapreziosa.com\/fr\/wp-json\/wp\/v2\/pages\/1070"}],"collection":[{"href":"https:\/\/www.laperlapreziosa.com\/fr\/wp-json\/wp\/v2\/pages"}],"about":[{"href":"https:\/\/www.laperlapreziosa.com\/fr\/wp-json\/wp\/v2\/types\/page"}],"author":[{"embeddable":true,"href":"https:\/\/www.laperlapreziosa.com\/fr\/wp-json\/wp\/v2\/users\/2"}],"replies":[{"embeddable":true,"href":"https:\/\/www.laperlapreziosa.com\/fr\/wp-json\/wp\/v2\/comments?post=1070"}],"version-history":[{"count":10,"href":"https:\/\/www.laperlapreziosa.com\/fr\/wp-json\/wp\/v2\/pages\/1070\/revisions"}],"predecessor-version":[{"id":1363,"href":"https:\/\/www.laperlapreziosa.com\/fr\/wp-json\/wp\/v2\/pages\/1070\/revisions\/1363"}],"wp:attachment":[{"href":"https:\/\/www.laperlapreziosa.com\/fr\/wp-json\/wp\/v2\/media?parent=1070"}],"curies":[{"name":"wp","href":"https:\/\/api.w.org\/{rel}","templated":true}]}}