{"id":1081,"date":"2017-03-30T15:48:52","date_gmt":"2017-03-30T13:48:52","guid":{"rendered":"http:\/\/www.geteasysite.it\/laperlapreziosa\/offerte\/"},"modified":"2018-03-23T20:12:09","modified_gmt":"2018-03-23T19:12:09","slug":"offres","status":"publish","type":"page","link":"https:\/\/www.laperlapreziosa.com\/fr\/offres\/","title":{"rendered":"Offres"},"content":{"rendered":"<h5 style=\"text-align: center;\">Vos vacances sont importantes pour nous, nous avons donc d\u00e9cid\u00e9 de r\u00e9server des offres sp\u00e9ciales.<\/h5>\n<h5 style=\"text-align: center;\">Pensez au soleil, \u00e0 la mer, \u00e0 la relaxation de vos vacances et d\u00e9couvrez les offres que nous avons pr\u00e9par\u00e9es pour vous faire vivre des vacances tr\u00e8s sp\u00e9ciales dans la famille.<\/h5>\n","protected":false},"excerpt":{"rendered":"<p>Vos vacances sont importantes pour nous, nous avons donc d\u00e9cid\u00e9 de r\u00e9server des offres sp\u00e9ciales. Pensez au soleil, \u00e0 la mer, \u00e0 la relaxation de vos vacances et d\u00e9couvrez les offres que nous avons pr\u00e9par\u00e9es pour vous faire vivre des vacances tr\u00e8s sp\u00e9ciales dans la famille.<\/p>\n","protected":false},"author":2,"featured_media":0,"parent":0,"menu_order":0,"comment_status":"closed","ping_status":"closed","template":"page-offers.php","meta":{"_acf_changed":false,"_monsterinsights_skip_tracking":false,"_monsterinsights_sitenote_active":false,"_monsterinsights_sitenote_note":"","_monsterinsights_sitenote_category":0,"footnotes":""},"acf":[],"yoast_head":"<!-- This site is optimized with the Yoast SEO plugin v23.5 - https:\/\/yoast.com\/wordpress\/plugins\/seo\/ -->\n<title>Offres - Hotel La Perla Preziosa<\/title>\n<meta name=\"robots\" content=\"index, follow, max-snippet:-1, max-image-preview:large, max-video-preview:-1\" \/>\n<link rel=\"canonical\" href=\"https:\/\/www.laperlapreziosa.com\/fr\/offres\/\" \/>\n<meta property=\"og:locale\" content=\"fr_FR\" \/>\n<meta property=\"og:type\" content=\"article\" \/>\n<meta property=\"og:title\" content=\"Offres - Hotel La Perla Preziosa\" \/>\n<meta property=\"og:description\" content=\"Vos vacances sont importantes pour nous, nous avons donc d\u00e9cid\u00e9 de r\u00e9server des offres sp\u00e9ciales. Pensez au soleil, \u00e0 la mer, \u00e0 la relaxation de vos vacances et d\u00e9couvrez les offres que nous avons pr\u00e9par\u00e9es pour vous faire vivre des vacances tr\u00e8s sp\u00e9ciales dans la famille.\" \/>\n<meta property=\"og:url\" content=\"https:\/\/www.laperlapreziosa.com\/fr\/offres\/\" \/>\n<meta property=\"og:site_name\" content=\"Hotel La Perla Preziosa\" \/>\n<meta property=\"article:modified_time\" content=\"2018-03-23T19:12:09+00:00\" \/>\n<meta name=\"twitter:card\" content=\"summary_large_image\" \/>\n<script type=\"application\/ld+json\" class=\"yoast-schema-graph\">{\"@context\":\"https:\/\/schema.org\",\"@graph\":[{\"@type\":\"WebPage\",\"@id\":\"https:\/\/www.laperlapreziosa.com\/fr\/offres\/\",\"url\":\"https:\/\/www.laperlapreziosa.com\/fr\/offres\/\",\"name\":\"Offres - Hotel La Perla Preziosa\",\"isPartOf\":{\"@id\":\"https:\/\/www.laperlapreziosa.com\/#website\"},\"datePublished\":\"2017-03-30T13:48:52+00:00\",\"dateModified\":\"2018-03-23T19:12:09+00:00\",\"breadcrumb\":{\"@id\":\"https:\/\/www.laperlapreziosa.com\/fr\/offres\/#breadcrumb\"},\"inLanguage\":\"fr-FR\",\"potentialAction\":[{\"@type\":\"ReadAction\",\"target\":[\"https:\/\/www.laperlapreziosa.com\/fr\/offres\/\"]}]},{\"@type\":\"BreadcrumbList\",\"@id\":\"https:\/\/www.laperlapreziosa.com\/fr\/offres\/#breadcrumb\",\"itemListElement\":[{\"@type\":\"ListItem\",\"position\":1,\"name\":\"Home\",\"item\":\"https:\/\/www.laperlapreziosa.com\/fr\/\"},{\"@type\":\"ListItem\",\"position\":2,\"name\":\"Offres\"}]},{\"@type\":\"WebSite\",\"@id\":\"https:\/\/www.laperlapreziosa.com\/#website\",\"url\":\"https:\/\/www.laperlapreziosa.com\/\",\"name\":\"Hotel La Perla Preziosa\",\"description\":\"Albergo a Grottammare\",\"publisher\":{\"@id\":\"https:\/\/www.laperlapreziosa.com\/#organization\"},\"potentialAction\":[{\"@type\":\"SearchAction\",\"target\":{\"@type\":\"EntryPoint\",\"urlTemplate\":\"https:\/\/www.laperlapreziosa.com\/?s={search_term_string}\"},\"query-input\":{\"@type\":\"PropertyValueSpecification\",\"valueRequired\":true,\"valueName\":\"search_term_string\"}}],\"inLanguage\":\"fr-FR\"},{\"@type\":\"Organization\",\"@id\":\"https:\/\/www.laperlapreziosa.com\/#organization\",\"name\":\"Hotel La Perla Preziosa\",\"url\":\"https:\/\/www.laperlapreziosa.com\/\",\"logo\":{\"@type\":\"ImageObject\",\"inLanguage\":\"fr-FR\",\"@id\":\"https:\/\/www.laperlapreziosa.com\/#\/schema\/logo\/image\/\",\"url\":\"https:\/\/www.laperlapreziosa.com\/wp-content\/uploads\/sites\/24\/logoperla.png\",\"contentUrl\":\"https:\/\/www.laperlapreziosa.com\/wp-content\/uploads\/sites\/24\/logoperla.png\",\"width\":588,\"height\":156,\"caption\":\"Hotel La Perla Preziosa\"},\"image\":{\"@id\":\"https:\/\/www.laperlapreziosa.com\/#\/schema\/logo\/image\/\"}}]}<\/script>\n<!-- \/ Yoast SEO plugin. -->","yoast_head_json":{"title":"Offres - Hotel La Perla Preziosa","robots":{"index":"index","follow":"follow","max-snippet":"max-snippet:-1","max-image-preview":"max-image-preview:large","max-video-preview":"max-video-preview:-1"},"canonical":"https:\/\/www.laperlapreziosa.com\/fr\/offres\/","og_locale":"fr_FR","og_type":"article","og_title":"Offres - Hotel La Perla Preziosa","og_description":"Vos vacances sont importantes pour nous, nous avons donc d\u00e9cid\u00e9 de r\u00e9server des offres sp\u00e9ciales. Pensez au soleil, \u00e0 la mer, \u00e0 la relaxation de vos vacances et d\u00e9couvrez les offres que nous avons pr\u00e9par\u00e9es pour vous faire vivre des vacances tr\u00e8s sp\u00e9ciales dans la famille.","og_url":"https:\/\/www.laperlapreziosa.com\/fr\/offres\/","og_site_name":"Hotel La Perla Preziosa","article_modified_time":"2018-03-23T19:12:09+00:00","twitter_card":"summary_large_image","schema":{"@context":"https:\/\/schema.org","@graph":[{"@type":"WebPage","@id":"https:\/\/www.laperlapreziosa.com\/fr\/offres\/","url":"https:\/\/www.laperlapreziosa.com\/fr\/offres\/","name":"Offres - Hotel La Perla Preziosa","isPartOf":{"@id":"https:\/\/www.laperlapreziosa.com\/#website"},"datePublished":"2017-03-30T13:48:52+00:00","dateModified":"2018-03-23T19:12:09+00:00","breadcrumb":{"@id":"https:\/\/www.laperlapreziosa.com\/fr\/offres\/#breadcrumb"},"inLanguage":"fr-FR","potentialAction":[{"@type":"ReadAction","target":["https:\/\/www.laperlapreziosa.com\/fr\/offres\/"]}]},{"@type":"BreadcrumbList","@id":"https:\/\/www.laperlapreziosa.com\/fr\/offres\/#breadcrumb","itemListElement":[{"@type":"ListItem","position":1,"name":"Home","item":"https:\/\/www.laperlapreziosa.com\/fr\/"},{"@type":"ListItem","position":2,"name":"Offres"}]},{"@type":"WebSite","@id":"https:\/\/www.laperlapreziosa.com\/#website","url":"https:\/\/www.laperlapreziosa.com\/","name":"Hotel La Perla Preziosa","description":"Albergo a Grottammare","publisher":{"@id":"https:\/\/www.laperlapreziosa.com\/#organization"},"potentialAction":[{"@type":"SearchAction","target":{"@type":"EntryPoint","urlTemplate":"https:\/\/www.laperlapreziosa.com\/?s={search_term_string}"},"query-input":{"@type":"PropertyValueSpecification","valueRequired":true,"valueName":"search_term_string"}}],"inLanguage":"fr-FR"},{"@type":"Organization","@id":"https:\/\/www.laperlapreziosa.com\/#organization","name":"Hotel La Perla Preziosa","url":"https:\/\/www.laperlapreziosa.com\/","logo":{"@type":"ImageObject","inLanguage":"fr-FR","@id":"https:\/\/www.laperlapreziosa.com\/#\/schema\/logo\/image\/","url":"https:\/\/www.laperlapreziosa.com\/wp-content\/uploads\/sites\/24\/logoperla.png","contentUrl":"https:\/\/www.laperlapreziosa.com\/wp-content\/uploads\/sites\/24\/logoperla.png","width":588,"height":156,"caption":"Hotel La Perla Preziosa"},"image":{"@id":"https:\/\/www.laperlapreziosa.com\/#\/schema\/logo\/image\/"}}]}},"publishpress_future_action":{"enabled":false,"date":"2026-05-19 19:12:42","action":"change-status","newStatus":"draft","terms":[],"taxonomy":"translation_priority"},"publishpress_future_workflow_manual_trigger":{"enabledWorkflows":[]},"_links":{"self":[{"href":"https:\/\/www.laperlapreziosa.com\/fr\/wp-json\/wp\/v2\/pages\/1081"}],"collection":[{"href":"https:\/\/www.laperlapreziosa.com\/fr\/wp-json\/wp\/v2\/pages"}],"about":[{"href":"https:\/\/www.laperlapreziosa.com\/fr\/wp-json\/wp\/v2\/types\/page"}],"author":[{"embeddable":true,"href":"https:\/\/www.laperlapreziosa.com\/fr\/wp-json\/wp\/v2\/users\/2"}],"replies":[{"embeddable":true,"href":"https:\/\/www.laperlapreziosa.com\/fr\/wp-json\/wp\/v2\/comments?post=1081"}],"version-history":[{"count":3,"href":"https:\/\/www.laperlapreziosa.com\/fr\/wp-json\/wp\/v2\/pages\/1081\/revisions"}],"predecessor-version":[{"id":1711,"href":"https:\/\/www.laperlapreziosa.com\/fr\/wp-json\/wp\/v2\/pages\/1081\/revisions\/1711"}],"wp:attachment":[{"href":"https:\/\/www.laperlapreziosa.com\/fr\/wp-json\/wp\/v2\/media?parent=1081"}],"curies":[{"name":"wp","href":"https:\/\/api.w.org\/{rel}","templated":true}]}}