{"id":1135,"date":"2018-02-01T11:18:15","date_gmt":"2018-02-01T10:18:15","guid":{"rendered":"http:\/\/www.geteasysite.it\/laperlapreziosa\/domande-frequenti\/"},"modified":"2018-03-09T10:11:00","modified_gmt":"2018-03-09T09:11:00","slug":"questions-les-plus-frequentes","status":"publish","type":"page","link":"https:\/\/www.laperlapreziosa.com\/fr\/questions-les-plus-frequentes\/","title":{"rendered":"Questions les plus fr\u00e9quentes"},"content":{"rendered":"<p>Ce sont les questions qui nous sont pos\u00e9es le plus souvent par nos clients: parmi les r\u00e9ponses que vous pouvez trouver l&rsquo;information que vous recherchez. Bien s\u00fbr, nous sommes \u00e0 votre disposition pour toute autre question. Vous pouvez nous contacter par e-mail, \u00e0 info@laperlapreziosa.com, ou par t\u00e9l\u00e9phone + 390735-631498, sur Skype ou via Facebook \u00e0 l&rsquo;adresse indiqu\u00e9e dans les contacts de l&rsquo;h\u00f4tel.<\/p>\n<p><strong>1. quelle heure est la chambre que j&rsquo;ai r\u00e9serv\u00e9?<\/strong><br \/>\nNotre objectif est de r\u00e9duire votre attente d\u00e8s que possible! Si votre chambre n&rsquo;a pas \u00e9t\u00e9 occup\u00e9e la nuit avant le jour de votre arriv\u00e9e, vous trouverez la chambre d\u00e9j\u00e0 pr\u00eate d\u00e8s le matin. Sinon, nous le pr\u00e9parerons pour vous d\u00e8s qu&rsquo;il sera lib\u00e9r\u00e9, avec le plus grand soin pour un nettoyage parfait et un r\u00e9arrangement complet de la salle assurant qu&rsquo;apr\u00e8s 14.00 du m\u00eame jour la salle sera pr\u00e9par\u00e9e et \u00e0 votre disposition.<\/p>\n<p><strong>2. le jour du d\u00e9part jusqu&rsquo;\u00e0 quelle heure puis-je utiliser ma chambre?<\/strong><br \/>\nLa chambre le jour du d\u00e9part doit \u00eatre \u00e9vacu\u00e9e \u00e0 10h00. Sur demande, et selon la disponibilit\u00e9, l&rsquo;utilisation de la salle peut \u00eatre programm\u00e9e pour un temps prolong\u00e9 (par exemple jusqu&rsquo;au soir). Toutefois, l&rsquo;option doit \u00eatre express\u00e9ment convenue avec la r\u00e9ception et peut fournir un co\u00fbt suppl\u00e9mentaire (utilisation journali\u00e8re).<\/p>\n<p><strong>3. o\u00f9 puis-je garer ma voiture?<\/strong><br \/>\nL&rsquo;h\u00f4tel la Perla inestimable a (jusqu&rsquo;\u00e0 \u00e9puisement) un parking cl\u00f4tur\u00e9 mais non surveill\u00e9, (au prix de 3\/5 euro par jour selon la saisonnalit\u00e9) nous recommandons la r\u00e9servation de l&rsquo;endroit, qui est sujet \u00e0 la disponibilit\u00e9 v\u00e9rifier. Cependant, pour ceux qui veulent faire l&rsquo;utilisation libre du stationnement public, la zone a assez de quantit\u00e9 dans le voisinage de l&rsquo;h\u00f4tel.<\/p>\n<p><strong>4. Comment le service de plage est-il organis\u00e9?<\/strong><br \/>\nL&rsquo;h\u00f4tel la Perla inestimable dispose d&rsquo;une salle de bain priv\u00e9e avec tous les services. Tous les clients peuvent l&rsquo;utiliser gratuitement comme inclus dans le tarif de l&rsquo;h\u00f4tel. Chaque chambre d&rsquo;h\u00f4tel a en fait disponible n 1 parasol, n 1 transat, n 1 lit de soleil. Les 4 premi\u00e8res rang\u00e9es face \u00e0 la mer sont exclues. La m\u00eame chose peut \u00eatre r\u00e9serv\u00e9 en raison d&rsquo;une petite taxe et en fonction de la disponibilit\u00e9.<\/p>\n<p><strong>5. l&rsquo;h\u00f4tel est-il ouvert tout au long de l&rsquo;ann\u00e9e? Le restaurant est-il toujours op\u00e9rationnel?<\/strong><br \/>\nL&rsquo;h\u00f4tel la Perla inestimable est ouvert 345 jours par an, sauf pour une petite p\u00e9riode du 3 janvier au 26 janvier de chaque ann\u00e9e. Le service de restauration est toujours op\u00e9rationnel et est effectu\u00e9 dans la Locanda Tipic\u00f2 (restaurant ouvert aussi au public en dehors de l&rsquo;h\u00f4tel), tout au long de la p\u00e9riode, sauf pour la p\u00e9riode estivale (de juin \u00e0 septembre) quand il est ouvert, aussi, le restaurant Titanic. Le petit d\u00e9jeuner peut \u00eatre consomm\u00e9 sans interruption de 8h00 \u00e0 9h30. D\u00e9jeuner au lieu de 12:45 \u00e0 13:45 et d\u00eener de 19:45 \u00e0 20:45 h.<\/p>\n<p><strong>6. l&rsquo;h\u00f4tel est-il organis\u00e9 pour accueillir les petits enfants?<\/strong><br \/>\nL&rsquo;h\u00f4tel la Perla inestimable h\u00e9berge depuis de nombreuses ann\u00e9es m\u00eame les plus jeunes enfants avec le m\u00eame style impeccable avec lequel il accueille tous ses clients. En particulier, en ce qui concerne la restauration, il n&rsquo;y a pas de probl\u00e8me pour la pr\u00e9paration des repas et des plats sp\u00e9ciaux sur demande (avec avis directement dans notre restaurant). Aussi \u00e0 l&rsquo;int\u00e9rieur du restaurant, vous trouverez un coin sp\u00e9cial parfaitement \u00e9quip\u00e9 et disponible pour toutes les mamans qui le demandent. Note: l&rsquo;acc\u00e8s au restaurant pour les enfants jusqu&rsquo;\u00e0 3 ans est autoris\u00e9 30 minutes avant l&rsquo;ouverture pour tous les clients. (voir aussi le site ci-dessous Family Hotel)<\/p>\n<p><strong>7. quel type de service le restaurant de l&rsquo;h\u00f4tel offre-t-il?<\/strong><br \/>\nLe restaurant Titanic et la Locanda Tipic\u00f2, organis\u00e9e par le ma\u00eetre Paolo ciroe, sont la fiert\u00e9 de l&rsquo;h\u00f4tel et se vantent d&rsquo;une longue tradition pour le haut niveau de service et la qualit\u00e9 de la cuisine, dirig\u00e9e par le chef Lorenzo decock. Pendant la saison estivale, il est possible de prendre le d\u00e9jeuner ou le d\u00eener \u00e0 l&rsquo;h\u00f4tel en choisissant parmi une riche s\u00e9rie de plats propos\u00e9s \u00e0 partir du menu du jour, (toujours diff\u00e9rents menus, avec choix entre 3 premi\u00e8res et 3 secondes \u00e0 base de viande et de poisson avec un riche buffet de l\u00e9gumes, outre le menu Light et le M Enfants En\u00f9). Cuisine avec des sp\u00e9cialit\u00e9s typiques de la marche et internationale.<\/p>\n<p><strong>8. y a-t-il une possibilit\u00e9 de connexion \u00e0 Internet?<\/strong><br \/>\nL&rsquo;h\u00f4tel la Perla offre des offres inestimables de chaque chambre de l&rsquo;h\u00f4tel et de tous les environnements int\u00e9rieurs et ext\u00e9rieurs (y compris le jardin), la connectivit\u00e9 Internet Wi-Fi gr\u00e2ce \u00e0 la couverture sans fil compl\u00e8te de l&rsquo;h\u00f4tel. L&rsquo;h\u00f4tel dispose \u00e9galement d&rsquo;une borne Internet ouverte 24h\/24 accessible aux clients dans la zone de r\u00e9ception.<\/p>\n<p><strong>9. que comprend la demi-pension et la pension compl\u00e8te?<\/strong><br \/>\nCeux qui r\u00e9servent une chambre avec demi-pension et pension compl\u00e8te, en plus de la chambre dans le lit et le petit d\u00e9jeuner, peut choisir entre le d\u00e9jeuner et le d\u00eener dans le premier cas, et a les deux services inclus dans le deuxi\u00e8me cas. Les boissons ne sont pas incluses dans les forfaits. Sont exclus les boissons au bar, le minibar (peut \u00eatre activ\u00e9 sur demande \u00e0 un co\u00fbt de 30 euros par semaine, y compris 2 bouteilles d&rsquo;eau, deux boissons et un succho de fruits pour chaque jour et la consommation), vous pouvez recevoir plus d&rsquo;informations en communiquant avec le R\u00e9ception de l&rsquo;h\u00f4tel.<\/p>\n<p><strong>10. les animaux domestiques sont-ils accept\u00e9s \u00e0 l&rsquo;h\u00f4tel?<\/strong><br \/>\nOui, mais seulement de petite taille (max. 7\/8 kg seulement autoris\u00e9 dans la chambre et non dans le restaurant) et avec un petit suppl\u00e9ment (g\u00e9n\u00e9ralement euro 50.00 hebdomadaire-le seul co\u00fbt pour assainir la salle au d\u00e9but)<\/p>\n<p><strong>11. est-il vrai que le chemin de fer passe par l&rsquo;h\u00f4tel?<\/strong><br \/>\nOui, malheureusement il est vrai, dans les environs de l&rsquo;h\u00f4tel, passer les voies ferr\u00e9es, car ils passent pr\u00e8s de centaines d&rsquo;autres h\u00f4tels situ\u00e9s au bord de la mer sur toute la c\u00f4te Adriatique, de Venise \u00e0 Brindisi. En outre, dans les ann\u00e9es 40\/50, lorsque le chemin de fer Adriatique a \u00e9t\u00e9 construit, les voies ont \u00e9t\u00e9 plac\u00e9es juste derri\u00e8re la mer, d&rsquo;abord parce que ces terres \u00e9taient incultivables en raison de leur composition rocheuse et sablonneuse et puis parce que, consid\u00e9r\u00e9 comme la plaine du littoral Marino \u00e9tait plus facile \u00e0 construire. Notre h\u00f4tel n&rsquo;est pas tr\u00e8s loin des pistes, mais il est \u00e9galement vrai que le train passe vite en 30 secondes, les fen\u00eatres sont insonoris\u00e9es avec double vitrage, les volets et les rideaux lourds, de sorte que la fermeture des bruits sont acceptables. L&rsquo;avantage d&rsquo;\u00eatre juste au premier rang sur la mer et \u00e0 deux pas de la vieille ville, \u00e7a vaut bien ce petit malaise.<\/p>\n<p><strong>12. y a-t-il un bar \u00e0 l&rsquo;int\u00e9rieur de l&rsquo;h\u00f4tel?<\/strong><br \/>\nOui, \u00e0 l&rsquo;int\u00e9rieur de l&rsquo;h\u00f4tel il ya un bar ouvert 16 heures par jour qui offre \u00e9galement un large choix de boissons longues et courtes, la cr\u00e8me glac\u00e9e et divers ap\u00e9ritifs \u00e0 consommer aussi dans le jardin du bois de pin en face, avec le signe de la bonne musique, soir\u00e9es de divertissement et de piano.<\/p>\n<p><strong>13. Quelles sont les fa\u00e7ons de d\u00e9poser le d\u00e9p\u00f4t de 20%?<\/strong><br \/>\nCommande postale adress\u00e9e \u00e0 l&rsquo;h\u00f4tel la Perla Precious COJOS Management. Coop en Italie, via Mediterraneo, 8 Grottammare, 63039 Ascoli Piceno (AP) Italie, virement bancaire avec IBAN:&#8230;&#8230;&#8230;&#8230;&#8230;&#8230;&#8230;&#8230;&#8230;&#8230;&#8230;&#8230;&#8230;&#8230;&#8230;&#8230;.. Aussit\u00f4t que possible veuillez envoyer au num\u00e9ro de Fax + 39 0735730959 ou par e-mail info@laperlapreziosa.com copie du d\u00e9p\u00f4t.<\/p>\n<p><strong>14. puis-je combiner les diff\u00e9rentes offres offertes par l&rsquo;h\u00f4tel?<\/strong><br \/>\nNon, les diff\u00e9rentes offres et remises faites par l&rsquo;h\u00f4tel ne sont pas cumulatives et sont destin\u00e9es \u00e0 \u00eatre li\u00e9es aux propositions individuelles et valables pour la p\u00e9riode indiqu\u00e9e!<\/p>\n<p><strong>15. puis-je avoir une chambre Seaview?<\/strong><br \/>\nL&rsquo;h\u00f4tel occupe seulement quelques \u00e9tages du b\u00e2timent; Les chambres sont principalement situ\u00e9es perpendiculairement \u00e0 la mer, seulement certaines chambres ont une vue sur un aper\u00e7u de la mer. Vous pouvez demander une chambre face \u00e0 la mer, (il y aura une petite taxe), mais pour des raisons organisationnelles, nous ne pouvons pas garantir 100% que la demande est accord\u00e9e.<\/p>\n<p><strong>16. est-ce que j&rsquo;ai une allergie\/intol\u00e9rance alimentaire, maladie c\u0153liaque, l&rsquo;h\u00f4tel offre une alimentation ad\u00e9quate?<\/strong><br \/>\nVous pouvez demander la pr\u00e9paration de plats alternatifs, cuits s\u00e9par\u00e9ment, sans aucune soprapprezzo au moment de la r\u00e9servation.<\/p>\n","protected":false},"excerpt":{"rendered":"<p>Ce sont les questions qui nous sont pos\u00e9es le plus souvent par nos clients: parmi les r\u00e9ponses que vous pouvez trouver l&rsquo;information que vous recherchez. Bien s\u00fbr, nous sommes \u00e0 votre disposition pour toute autre question. Vous pouvez nous contacter par e-mail, \u00e0 info@laperlapreziosa.com, ou par t\u00e9l\u00e9phone + 390735-631498, sur Skype ou via Facebook \u00e0 [&hellip;]<\/p>\n","protected":false},"author":2,"featured_media":0,"parent":0,"menu_order":0,"comment_status":"closed","ping_status":"closed","template":"","meta":{"_acf_changed":false,"_monsterinsights_skip_tracking":false,"_monsterinsights_sitenote_active":false,"_monsterinsights_sitenote_note":"","_monsterinsights_sitenote_category":0,"footnotes":""},"acf":[],"yoast_head":"<!-- This site is optimized with the Yoast SEO plugin v23.5 - https:\/\/yoast.com\/wordpress\/plugins\/seo\/ -->\n<title>Questions les plus fr\u00e9quentes - Hotel La Perla Preziosa<\/title>\n<meta name=\"robots\" content=\"index, follow, max-snippet:-1, max-image-preview:large, max-video-preview:-1\" \/>\n<link rel=\"canonical\" href=\"https:\/\/www.laperlapreziosa.com\/fr\/questions-les-plus-frequentes\/\" \/>\n<meta property=\"og:locale\" content=\"fr_FR\" \/>\n<meta property=\"og:type\" content=\"article\" \/>\n<meta property=\"og:title\" content=\"Questions les plus fr\u00e9quentes - Hotel La Perla Preziosa\" \/>\n<meta property=\"og:description\" content=\"Ce sont les questions qui nous sont pos\u00e9es le plus souvent par nos clients: parmi les r\u00e9ponses que vous pouvez trouver l&rsquo;information que vous recherchez. Bien s\u00fbr, nous sommes \u00e0 votre disposition pour toute autre question. Vous pouvez nous contacter par e-mail, \u00e0 info@laperlapreziosa.com, ou par t\u00e9l\u00e9phone + 390735-631498, sur Skype ou via Facebook \u00e0 [&hellip;]\" \/>\n<meta property=\"og:url\" content=\"https:\/\/www.laperlapreziosa.com\/fr\/questions-les-plus-frequentes\/\" \/>\n<meta property=\"og:site_name\" content=\"Hotel La Perla Preziosa\" \/>\n<meta property=\"article:modified_time\" content=\"2018-03-09T09:11:00+00:00\" \/>\n<meta name=\"twitter:card\" content=\"summary_large_image\" \/>\n<meta name=\"twitter:label1\" content=\"Dur\u00e9e de lecture estim\u00e9e\" \/>\n\t<meta name=\"twitter:data1\" content=\"7 minutes\" \/>\n<script type=\"application\/ld+json\" class=\"yoast-schema-graph\">{\"@context\":\"https:\/\/schema.org\",\"@graph\":[{\"@type\":\"WebPage\",\"@id\":\"https:\/\/www.laperlapreziosa.com\/fr\/questions-les-plus-frequentes\/\",\"url\":\"https:\/\/www.laperlapreziosa.com\/fr\/questions-les-plus-frequentes\/\",\"name\":\"Questions les plus fr\u00e9quentes - Hotel La Perla Preziosa\",\"isPartOf\":{\"@id\":\"https:\/\/www.laperlapreziosa.com\/#website\"},\"datePublished\":\"2018-02-01T10:18:15+00:00\",\"dateModified\":\"2018-03-09T09:11:00+00:00\",\"breadcrumb\":{\"@id\":\"https:\/\/www.laperlapreziosa.com\/fr\/questions-les-plus-frequentes\/#breadcrumb\"},\"inLanguage\":\"fr-FR\",\"potentialAction\":[{\"@type\":\"ReadAction\",\"target\":[\"https:\/\/www.laperlapreziosa.com\/fr\/questions-les-plus-frequentes\/\"]}]},{\"@type\":\"BreadcrumbList\",\"@id\":\"https:\/\/www.laperlapreziosa.com\/fr\/questions-les-plus-frequentes\/#breadcrumb\",\"itemListElement\":[{\"@type\":\"ListItem\",\"position\":1,\"name\":\"Home\",\"item\":\"https:\/\/www.laperlapreziosa.com\/fr\/\"},{\"@type\":\"ListItem\",\"position\":2,\"name\":\"Questions les plus fr\u00e9quentes\"}]},{\"@type\":\"WebSite\",\"@id\":\"https:\/\/www.laperlapreziosa.com\/#website\",\"url\":\"https:\/\/www.laperlapreziosa.com\/\",\"name\":\"Hotel La Perla Preziosa\",\"description\":\"Albergo a Grottammare\",\"publisher\":{\"@id\":\"https:\/\/www.laperlapreziosa.com\/#organization\"},\"potentialAction\":[{\"@type\":\"SearchAction\",\"target\":{\"@type\":\"EntryPoint\",\"urlTemplate\":\"https:\/\/www.laperlapreziosa.com\/?s={search_term_string}\"},\"query-input\":{\"@type\":\"PropertyValueSpecification\",\"valueRequired\":true,\"valueName\":\"search_term_string\"}}],\"inLanguage\":\"fr-FR\"},{\"@type\":\"Organization\",\"@id\":\"https:\/\/www.laperlapreziosa.com\/#organization\",\"name\":\"Hotel La Perla Preziosa\",\"url\":\"https:\/\/www.laperlapreziosa.com\/\",\"logo\":{\"@type\":\"ImageObject\",\"inLanguage\":\"fr-FR\",\"@id\":\"https:\/\/www.laperlapreziosa.com\/#\/schema\/logo\/image\/\",\"url\":\"https:\/\/www.laperlapreziosa.com\/wp-content\/uploads\/sites\/24\/logoperla.png\",\"contentUrl\":\"https:\/\/www.laperlapreziosa.com\/wp-content\/uploads\/sites\/24\/logoperla.png\",\"width\":588,\"height\":156,\"caption\":\"Hotel La Perla Preziosa\"},\"image\":{\"@id\":\"https:\/\/www.laperlapreziosa.com\/#\/schema\/logo\/image\/\"}}]}<\/script>\n<!-- \/ Yoast SEO plugin. -->","yoast_head_json":{"title":"Questions les plus fr\u00e9quentes - Hotel La Perla Preziosa","robots":{"index":"index","follow":"follow","max-snippet":"max-snippet:-1","max-image-preview":"max-image-preview:large","max-video-preview":"max-video-preview:-1"},"canonical":"https:\/\/www.laperlapreziosa.com\/fr\/questions-les-plus-frequentes\/","og_locale":"fr_FR","og_type":"article","og_title":"Questions les plus fr\u00e9quentes - Hotel La Perla Preziosa","og_description":"Ce sont les questions qui nous sont pos\u00e9es le plus souvent par nos clients: parmi les r\u00e9ponses que vous pouvez trouver l&rsquo;information que vous recherchez. Bien s\u00fbr, nous sommes \u00e0 votre disposition pour toute autre question. Vous pouvez nous contacter par e-mail, \u00e0 info@laperlapreziosa.com, ou par t\u00e9l\u00e9phone + 390735-631498, sur Skype ou via Facebook \u00e0 [&hellip;]","og_url":"https:\/\/www.laperlapreziosa.com\/fr\/questions-les-plus-frequentes\/","og_site_name":"Hotel La Perla Preziosa","article_modified_time":"2018-03-09T09:11:00+00:00","twitter_card":"summary_large_image","twitter_misc":{"Dur\u00e9e de lecture estim\u00e9e":"7 minutes"},"schema":{"@context":"https:\/\/schema.org","@graph":[{"@type":"WebPage","@id":"https:\/\/www.laperlapreziosa.com\/fr\/questions-les-plus-frequentes\/","url":"https:\/\/www.laperlapreziosa.com\/fr\/questions-les-plus-frequentes\/","name":"Questions les plus fr\u00e9quentes - Hotel La Perla Preziosa","isPartOf":{"@id":"https:\/\/www.laperlapreziosa.com\/#website"},"datePublished":"2018-02-01T10:18:15+00:00","dateModified":"2018-03-09T09:11:00+00:00","breadcrumb":{"@id":"https:\/\/www.laperlapreziosa.com\/fr\/questions-les-plus-frequentes\/#breadcrumb"},"inLanguage":"fr-FR","potentialAction":[{"@type":"ReadAction","target":["https:\/\/www.laperlapreziosa.com\/fr\/questions-les-plus-frequentes\/"]}]},{"@type":"BreadcrumbList","@id":"https:\/\/www.laperlapreziosa.com\/fr\/questions-les-plus-frequentes\/#breadcrumb","itemListElement":[{"@type":"ListItem","position":1,"name":"Home","item":"https:\/\/www.laperlapreziosa.com\/fr\/"},{"@type":"ListItem","position":2,"name":"Questions les plus fr\u00e9quentes"}]},{"@type":"WebSite","@id":"https:\/\/www.laperlapreziosa.com\/#website","url":"https:\/\/www.laperlapreziosa.com\/","name":"Hotel La Perla Preziosa","description":"Albergo a Grottammare","publisher":{"@id":"https:\/\/www.laperlapreziosa.com\/#organization"},"potentialAction":[{"@type":"SearchAction","target":{"@type":"EntryPoint","urlTemplate":"https:\/\/www.laperlapreziosa.com\/?s={search_term_string}"},"query-input":{"@type":"PropertyValueSpecification","valueRequired":true,"valueName":"search_term_string"}}],"inLanguage":"fr-FR"},{"@type":"Organization","@id":"https:\/\/www.laperlapreziosa.com\/#organization","name":"Hotel La Perla Preziosa","url":"https:\/\/www.laperlapreziosa.com\/","logo":{"@type":"ImageObject","inLanguage":"fr-FR","@id":"https:\/\/www.laperlapreziosa.com\/#\/schema\/logo\/image\/","url":"https:\/\/www.laperlapreziosa.com\/wp-content\/uploads\/sites\/24\/logoperla.png","contentUrl":"https:\/\/www.laperlapreziosa.com\/wp-content\/uploads\/sites\/24\/logoperla.png","width":588,"height":156,"caption":"Hotel La Perla Preziosa"},"image":{"@id":"https:\/\/www.laperlapreziosa.com\/#\/schema\/logo\/image\/"}}]}},"publishpress_future_action":{"enabled":false,"date":"2026-05-06 05:43:40","action":"change-status","newStatus":"draft","terms":[],"taxonomy":"translation_priority"},"publishpress_future_workflow_manual_trigger":{"enabledWorkflows":[]},"_links":{"self":[{"href":"https:\/\/www.laperlapreziosa.com\/fr\/wp-json\/wp\/v2\/pages\/1135"}],"collection":[{"href":"https:\/\/www.laperlapreziosa.com\/fr\/wp-json\/wp\/v2\/pages"}],"about":[{"href":"https:\/\/www.laperlapreziosa.com\/fr\/wp-json\/wp\/v2\/types\/page"}],"author":[{"embeddable":true,"href":"https:\/\/www.laperlapreziosa.com\/fr\/wp-json\/wp\/v2\/users\/2"}],"replies":[{"embeddable":true,"href":"https:\/\/www.laperlapreziosa.com\/fr\/wp-json\/wp\/v2\/comments?post=1135"}],"version-history":[{"count":3,"href":"https:\/\/www.laperlapreziosa.com\/fr\/wp-json\/wp\/v2\/pages\/1135\/revisions"}],"predecessor-version":[{"id":1574,"href":"https:\/\/www.laperlapreziosa.com\/fr\/wp-json\/wp\/v2\/pages\/1135\/revisions\/1574"}],"wp:attachment":[{"href":"https:\/\/www.laperlapreziosa.com\/fr\/wp-json\/wp\/v2\/media?parent=1135"}],"curies":[{"name":"wp","href":"https:\/\/api.w.org\/{rel}","templated":true}]}}