{"id":1149,"date":"2018-01-19T10:29:36","date_gmt":"2018-01-19T09:29:36","guid":{"rendered":"http:\/\/www.geteasysite.it\/laperlapreziosa\/territorio\/"},"modified":"2018-02-28T11:11:37","modified_gmt":"2018-02-28T10:11:37","slug":"territoire","status":"publish","type":"page","link":"https:\/\/www.laperlapreziosa.com\/fr\/territoire\/","title":{"rendered":"Territoire"},"content":{"rendered":"<p style=\"text-align: center;\">Son nom d\u00e9rive de \u00ab\u00a0Grotte \u00e0 la mer\u00a0\u00bb et remonte aux XIe-XIIe si\u00e8cles, bien que certains historiens remontent \u00e0 une \u00e9poque ant\u00e9rieure, \u00e0 la suite de la d\u00e9couverte de certains \u00e9l\u00e9ments appartenant \u00e0 une n\u00e9cropole Piceno.<\/p>\n<p>&nbsp;<\/p>\n<p>&nbsp;<\/p>\n<p style=\"text-align: center;\">Le village antique, situ\u00e9 sur la partie la plus \u00e9lev\u00e9e de la ville o\u00f9 vous pouvez profiter d&rsquo;une vue magnifique, a une plante typiquement m\u00e9di\u00e9vale, avec un plan irr\u00e9gulier: ferm\u00e9 par le b\u00e2timent principal, la tour civique, l&rsquo;\u00e9glise, les loges et le th\u00e9\u00e2tre. Le c\u00f4t\u00e9 oriental de la place est presque enti\u00e8rement occup\u00e9 par le th\u00e9\u00e2tre orange. Datant de la fin du XVIIIe si\u00e8cle, il tire son nom de l&rsquo;oranger, qui se trouvait \u00e0 l&rsquo;origine au centre m\u00eame de la place. Vous pouvez \u00e9galement admirer les villas Art Nouveau sur la mer \u00e0 Viale Cristoforo Colombo. Grottammare, dans la riviera de palmiers, est une destination de vacances id\u00e9ale. Station baln\u00e9aire connue depuis le XIXe si\u00e8cle, elle poss\u00e8de des kilom\u00e8tres de plage velout\u00e9e et une des eaux les plus cristallines de l&rsquo;Adriatique, r\u00e9compens\u00e9e chaque \u00e9t\u00e9 par le prix du \u00abPavillon Bleu\u00bb. Des jardins luxuriants, des orangeraies et une promenade luxuriante accueillent les touristes en toute saison, gr\u00e2ce \u00e0 un climat tr\u00e8s doux et temp\u00e9r\u00e9. Les parcs et les for\u00eats de pins et les pistes cyclables et pi\u00e9tonnes \u00e0 proximit\u00e9 de la plage rendent le s\u00e9jour \u00e0 Grottammare particuli\u00e8rement propice \u00e0 la d\u00e9tente et aux loisirs.<\/p>\n<p>&nbsp;<\/p>\n<p>&nbsp;<\/p>\n<p style=\"text-align: center;\">Piceno: de la c\u00f4te aux montagnes enneig\u00e9es, un seul grand paysage! Ancienne fronti\u00e8re de l&rsquo;\u00c9tat pontifical avec le royaume de Naples et le Chienti, les Sibillini et la mer Adriatique.<\/p>\n<p>&nbsp;<\/p>\n<p>&nbsp;<\/p>\n<p style=\"text-align: center;\">Une multitude d&rsquo;atouts culturels et environnementaux, deux parcs naturels, le National des Monts Sibillini et celui du Gran Sasso &#8211; Monti della Laga; un paysage vallonn\u00e9, harmonieusement model\u00e9e au fil du temps. Un climat favorable, mais aussi un climat humain chaleureux et amical. Les terres agricoles produisent les fruits typiques des cultures m\u00e9diterran\u00e9ennes, y compris l&rsquo;olivier et la vigne, dont les zones de production sont situ\u00e9es dans la cr\u00eate nord de la vall\u00e9e du Tronto, au milieu et en bas. De l&rsquo;Apennin, aux collines, \u00e0 la mer Adriatique, entre les ch\u00e2teaux et les grottes, les rivi\u00e8res et les festivals color\u00e9s; en voiture, \u00e0 cheval, \u00e0 v\u00e9lo, en VTT ou \u00e0 pied ou en moto et vespa, chaque tour, vous agr\u00e9ables surprises: de beaux paysages de montagne, regarder les collines avec des ch\u00e2teaux ou couvertes de vignobles, des plages romantiques sur la mer. Il existe de nombreux itin\u00e9raires, chemins et chemins pour satisfaire vos d\u00e9sirs et pour soutenir vos passions dans une atmosph\u00e8re relaxante dans un pays riche en traditions anciennes et des saveurs uniques telles que les Terre del Piceno.<\/p>\n","protected":false},"excerpt":{"rendered":"<p>Son nom d\u00e9rive de \u00ab\u00a0Grotte \u00e0 la mer\u00a0\u00bb et remonte aux XIe-XIIe si\u00e8cles, bien que certains historiens remontent \u00e0 une \u00e9poque ant\u00e9rieure, \u00e0 la suite de la d\u00e9couverte de certains \u00e9l\u00e9ments appartenant \u00e0 une n\u00e9cropole Piceno. &nbsp; &nbsp; Le village antique, situ\u00e9 sur la partie la plus \u00e9lev\u00e9e de la ville o\u00f9 vous pouvez profiter [&hellip;]<\/p>\n","protected":false},"author":11,"featured_media":0,"parent":0,"menu_order":0,"comment_status":"closed","ping_status":"closed","template":"page-gallery.php","meta":{"_acf_changed":false,"_monsterinsights_skip_tracking":false,"_monsterinsights_sitenote_active":false,"_monsterinsights_sitenote_note":"","_monsterinsights_sitenote_category":0,"footnotes":""},"acf":[],"yoast_head":"<!-- This site is optimized with the Yoast SEO plugin v23.5 - https:\/\/yoast.com\/wordpress\/plugins\/seo\/ -->\n<title>Territoire - Hotel La Perla Preziosa<\/title>\n<meta name=\"robots\" content=\"index, follow, max-snippet:-1, max-image-preview:large, max-video-preview:-1\" \/>\n<link rel=\"canonical\" href=\"https:\/\/www.laperlapreziosa.com\/fr\/territoire\/\" \/>\n<meta property=\"og:locale\" content=\"fr_FR\" \/>\n<meta property=\"og:type\" content=\"article\" \/>\n<meta property=\"og:title\" content=\"Territoire - Hotel La Perla Preziosa\" \/>\n<meta property=\"og:description\" content=\"Son nom d\u00e9rive de \u00ab\u00a0Grotte \u00e0 la mer\u00a0\u00bb et remonte aux XIe-XIIe si\u00e8cles, bien que certains historiens remontent \u00e0 une \u00e9poque ant\u00e9rieure, \u00e0 la suite de la d\u00e9couverte de certains \u00e9l\u00e9ments appartenant \u00e0 une n\u00e9cropole Piceno. &nbsp; &nbsp; Le village antique, situ\u00e9 sur la partie la plus \u00e9lev\u00e9e de la ville o\u00f9 vous pouvez profiter [&hellip;]\" \/>\n<meta property=\"og:url\" content=\"https:\/\/www.laperlapreziosa.com\/fr\/territoire\/\" \/>\n<meta property=\"og:site_name\" content=\"Hotel La Perla Preziosa\" \/>\n<meta property=\"article:modified_time\" content=\"2018-02-28T10:11:37+00:00\" \/>\n<meta name=\"twitter:card\" content=\"summary_large_image\" \/>\n<meta name=\"twitter:label1\" content=\"Dur\u00e9e de lecture estim\u00e9e\" \/>\n\t<meta name=\"twitter:data1\" content=\"2 minutes\" \/>\n<script type=\"application\/ld+json\" class=\"yoast-schema-graph\">{\"@context\":\"https:\/\/schema.org\",\"@graph\":[{\"@type\":\"WebPage\",\"@id\":\"https:\/\/www.laperlapreziosa.com\/fr\/territoire\/\",\"url\":\"https:\/\/www.laperlapreziosa.com\/fr\/territoire\/\",\"name\":\"Territoire - Hotel La Perla Preziosa\",\"isPartOf\":{\"@id\":\"https:\/\/www.laperlapreziosa.com\/#website\"},\"datePublished\":\"2018-01-19T09:29:36+00:00\",\"dateModified\":\"2018-02-28T10:11:37+00:00\",\"breadcrumb\":{\"@id\":\"https:\/\/www.laperlapreziosa.com\/fr\/territoire\/#breadcrumb\"},\"inLanguage\":\"fr-FR\",\"potentialAction\":[{\"@type\":\"ReadAction\",\"target\":[\"https:\/\/www.laperlapreziosa.com\/fr\/territoire\/\"]}]},{\"@type\":\"BreadcrumbList\",\"@id\":\"https:\/\/www.laperlapreziosa.com\/fr\/territoire\/#breadcrumb\",\"itemListElement\":[{\"@type\":\"ListItem\",\"position\":1,\"name\":\"Home\",\"item\":\"https:\/\/www.laperlapreziosa.com\/fr\/\"},{\"@type\":\"ListItem\",\"position\":2,\"name\":\"Territoire\"}]},{\"@type\":\"WebSite\",\"@id\":\"https:\/\/www.laperlapreziosa.com\/#website\",\"url\":\"https:\/\/www.laperlapreziosa.com\/\",\"name\":\"Hotel La Perla Preziosa\",\"description\":\"Albergo a Grottammare\",\"publisher\":{\"@id\":\"https:\/\/www.laperlapreziosa.com\/#organization\"},\"potentialAction\":[{\"@type\":\"SearchAction\",\"target\":{\"@type\":\"EntryPoint\",\"urlTemplate\":\"https:\/\/www.laperlapreziosa.com\/?s={search_term_string}\"},\"query-input\":{\"@type\":\"PropertyValueSpecification\",\"valueRequired\":true,\"valueName\":\"search_term_string\"}}],\"inLanguage\":\"fr-FR\"},{\"@type\":\"Organization\",\"@id\":\"https:\/\/www.laperlapreziosa.com\/#organization\",\"name\":\"Hotel La Perla Preziosa\",\"url\":\"https:\/\/www.laperlapreziosa.com\/\",\"logo\":{\"@type\":\"ImageObject\",\"inLanguage\":\"fr-FR\",\"@id\":\"https:\/\/www.laperlapreziosa.com\/#\/schema\/logo\/image\/\",\"url\":\"https:\/\/www.laperlapreziosa.com\/wp-content\/uploads\/sites\/24\/logoperla.png\",\"contentUrl\":\"https:\/\/www.laperlapreziosa.com\/wp-content\/uploads\/sites\/24\/logoperla.png\",\"width\":588,\"height\":156,\"caption\":\"Hotel La Perla Preziosa\"},\"image\":{\"@id\":\"https:\/\/www.laperlapreziosa.com\/#\/schema\/logo\/image\/\"}}]}<\/script>\n<!-- \/ Yoast SEO plugin. -->","yoast_head_json":{"title":"Territoire - Hotel La Perla Preziosa","robots":{"index":"index","follow":"follow","max-snippet":"max-snippet:-1","max-image-preview":"max-image-preview:large","max-video-preview":"max-video-preview:-1"},"canonical":"https:\/\/www.laperlapreziosa.com\/fr\/territoire\/","og_locale":"fr_FR","og_type":"article","og_title":"Territoire - Hotel La Perla Preziosa","og_description":"Son nom d\u00e9rive de \u00ab\u00a0Grotte \u00e0 la mer\u00a0\u00bb et remonte aux XIe-XIIe si\u00e8cles, bien que certains historiens remontent \u00e0 une \u00e9poque ant\u00e9rieure, \u00e0 la suite de la d\u00e9couverte de certains \u00e9l\u00e9ments appartenant \u00e0 une n\u00e9cropole Piceno. &nbsp; &nbsp; Le village antique, situ\u00e9 sur la partie la plus \u00e9lev\u00e9e de la ville o\u00f9 vous pouvez profiter [&hellip;]","og_url":"https:\/\/www.laperlapreziosa.com\/fr\/territoire\/","og_site_name":"Hotel La Perla Preziosa","article_modified_time":"2018-02-28T10:11:37+00:00","twitter_card":"summary_large_image","twitter_misc":{"Dur\u00e9e de lecture estim\u00e9e":"2 minutes"},"schema":{"@context":"https:\/\/schema.org","@graph":[{"@type":"WebPage","@id":"https:\/\/www.laperlapreziosa.com\/fr\/territoire\/","url":"https:\/\/www.laperlapreziosa.com\/fr\/territoire\/","name":"Territoire - Hotel La Perla Preziosa","isPartOf":{"@id":"https:\/\/www.laperlapreziosa.com\/#website"},"datePublished":"2018-01-19T09:29:36+00:00","dateModified":"2018-02-28T10:11:37+00:00","breadcrumb":{"@id":"https:\/\/www.laperlapreziosa.com\/fr\/territoire\/#breadcrumb"},"inLanguage":"fr-FR","potentialAction":[{"@type":"ReadAction","target":["https:\/\/www.laperlapreziosa.com\/fr\/territoire\/"]}]},{"@type":"BreadcrumbList","@id":"https:\/\/www.laperlapreziosa.com\/fr\/territoire\/#breadcrumb","itemListElement":[{"@type":"ListItem","position":1,"name":"Home","item":"https:\/\/www.laperlapreziosa.com\/fr\/"},{"@type":"ListItem","position":2,"name":"Territoire"}]},{"@type":"WebSite","@id":"https:\/\/www.laperlapreziosa.com\/#website","url":"https:\/\/www.laperlapreziosa.com\/","name":"Hotel La Perla Preziosa","description":"Albergo a Grottammare","publisher":{"@id":"https:\/\/www.laperlapreziosa.com\/#organization"},"potentialAction":[{"@type":"SearchAction","target":{"@type":"EntryPoint","urlTemplate":"https:\/\/www.laperlapreziosa.com\/?s={search_term_string}"},"query-input":{"@type":"PropertyValueSpecification","valueRequired":true,"valueName":"search_term_string"}}],"inLanguage":"fr-FR"},{"@type":"Organization","@id":"https:\/\/www.laperlapreziosa.com\/#organization","name":"Hotel La Perla Preziosa","url":"https:\/\/www.laperlapreziosa.com\/","logo":{"@type":"ImageObject","inLanguage":"fr-FR","@id":"https:\/\/www.laperlapreziosa.com\/#\/schema\/logo\/image\/","url":"https:\/\/www.laperlapreziosa.com\/wp-content\/uploads\/sites\/24\/logoperla.png","contentUrl":"https:\/\/www.laperlapreziosa.com\/wp-content\/uploads\/sites\/24\/logoperla.png","width":588,"height":156,"caption":"Hotel La Perla Preziosa"},"image":{"@id":"https:\/\/www.laperlapreziosa.com\/#\/schema\/logo\/image\/"}}]}},"publishpress_future_action":{"enabled":false,"date":"2026-04-11 13:00:41","action":"change-status","newStatus":"draft","terms":[],"taxonomy":"translation_priority"},"publishpress_future_workflow_manual_trigger":{"enabledWorkflows":[]},"_links":{"self":[{"href":"https:\/\/www.laperlapreziosa.com\/fr\/wp-json\/wp\/v2\/pages\/1149"}],"collection":[{"href":"https:\/\/www.laperlapreziosa.com\/fr\/wp-json\/wp\/v2\/pages"}],"about":[{"href":"https:\/\/www.laperlapreziosa.com\/fr\/wp-json\/wp\/v2\/types\/page"}],"author":[{"embeddable":true,"href":"https:\/\/www.laperlapreziosa.com\/fr\/wp-json\/wp\/v2\/users\/11"}],"replies":[{"embeddable":true,"href":"https:\/\/www.laperlapreziosa.com\/fr\/wp-json\/wp\/v2\/comments?post=1149"}],"version-history":[{"count":5,"href":"https:\/\/www.laperlapreziosa.com\/fr\/wp-json\/wp\/v2\/pages\/1149\/revisions"}],"predecessor-version":[{"id":1261,"href":"https:\/\/www.laperlapreziosa.com\/fr\/wp-json\/wp\/v2\/pages\/1149\/revisions\/1261"}],"wp:attachment":[{"href":"https:\/\/www.laperlapreziosa.com\/fr\/wp-json\/wp\/v2\/media?parent=1149"}],"curies":[{"name":"wp","href":"https:\/\/api.w.org\/{rel}","templated":true}]}}